{"id":406131,"date":"2026-01-30T09:52:20","date_gmt":"2026-01-30T07:52:20","guid":{"rendered":"https:\/\/accacia.ro\/?post_type=product&#038;p=406131"},"modified":"2026-02-26T14:32:59","modified_gmt":"2026-02-26T12:32:59","slug":"prosop-bumbac-de-picioare","status":"publish","type":"product","link":"https:\/\/accacia.ro\/en\/product\/prosop-bumbac-de-picioare\/","title":{"rendered":"Cotton foot towel"},"content":{"rendered":"<h2>Descriere general\u0103<\/h2>\n<p>Cotton foot towel - simple and with Greek pattern<br \/>\nHotel bathroom foot towels are made from the finest materials, ensuring excellent absorbency and a soft and pleasant texture. They are specially designed to give you a feeling of luxury and relaxation during your bath or shower. <\/p>\n<p>One of the major advantages of the hotel bathroom foot towel is that it allows you to dry your feet efficiently and quickly. Thus preventing the occurrence of slips and unpleasant accidents. The absorbent material and the special structure of the towel ensure quick drying of the feet, thus avoiding the formation of moisture and bacteria. <\/p>\n<p>Also, the hotel bathroom foot towel is easy to maintain, being able to be washed and dried quickly. This means you can always benefit from a clean and fresh towel in your hotel bathroom. <\/p>\n<p>In addition, the hotel bath towel is available in different colors and sizes to perfectly match the design and style of your bathroom. Whether you are in a luxury hotel or a holiday apartment, this towel adds an extra touch of elegance and comfort to your space. <\/p>\n<p>In conclusion, the hotel bathroom foot towel is the perfect choice to enjoy a superior bathroom experience. With its excellent absorbency, soft texture and ease of maintenance, it offers you comfort and safety during use. Do not hesitate to purchase a foot towel for the hotel bathroom and enjoy all its benefits during your stay!<\/p>\n<h2>Caracteristici tehnice<\/h2>\n<p>&#8211; Design Model: Simplu, Grecesc<\/p>\n<h2>Beneficii pentru hoteluri<\/h2>\n<p>&#8211; Conceput pentru utilizare intensiv\u0103 \u00een regim hotelier<br \/>\n&#8211; Contribuie la cre\u0219terea confortului \u0219i satisfac\u021biei oaspe\u021bilor<br \/>\n&#8211; Sus\u021bine standardele de calitate \u0219i imagine ale unit\u0103\u021bii de cazare<\/p>\n<h2>Recomand\u0103ri de utilizare<\/h2>\n<p>&#8211; Potrivit pentru hoteluri, pensiuni, resorturi \u0219i apart-hoteluri<br \/>\n&#8211; Recomandat pentru proiecte noi, renov\u0103ri sau standardiz\u0103ri de lan\u021b hotelier<br \/>\n&#8211; Integrare facil\u0103 \u00een fluxurile opera\u021bionale de housekeeping \u0219i front-office<\/p>","protected":false},"excerpt":{"rendered":"<p>Prosop bumbac de picioare \u2013 dotare profesional\u0103 pentru industria hotelier\u0103, conceput\u0103 pentru utilizare intensiv\u0103 \u0219i pentru a oferi fiabilitate \u0219i confort oaspe\u021bilor.<\/p>","protected":false},"featured_media":392539,"template":"","meta":{"_acf_changed":false,"site-sidebar-layout":"default","site-content-layout":"default","ast-site-content-layout":"default","site-content-style":"default","site-sidebar-style":"default","ast-global-header-display":"","ast-banner-title-visibility":"","ast-main-header-display":"","ast-hfb-above-header-display":"","ast-hfb-below-header-display":"","ast-hfb-mobile-header-display":"","site-post-title":"","ast-breadcrumbs-content":"","ast-featured-img":"","footer-sml-layout":"","ast-disable-related-posts":"","theme-transparent-header-meta":"default","adv-header-id-meta":"","stick-header-meta":"default","header-above-stick-meta":"","header-main-stick-meta":"","header-below-stick-meta":"","astra-migrate-meta-layouts":"set","ast-page-background-enabled":"default","ast-page-background-meta":{"desktop":{"background-color":"","background-image":"","background-repeat":"repeat","background-position":"center center","background-size":"auto","background-attachment":"scroll","background-type":"","background-media":"","overlay-type":"","overlay-color":"","overlay-opacity":"","overlay-gradient":""},"tablet":{"background-color":"","background-image":"","background-repeat":"repeat","background-position":"center center","background-size":"auto","background-attachment":"scroll","background-type":"","background-media":"","overlay-type":"","overlay-color":"","overlay-opacity":"","overlay-gradient":""},"mobile":{"background-color":"","background-image":"","background-repeat":"repeat","background-position":"center center","background-size":"auto","background-attachment":"scroll","background-type":"","background-media":"","overlay-type":"","overlay-color":"","overlay-opacity":"","overlay-gradient":""}},"ast-content-background-meta":{"desktop":{"background-color":"var(--ast-global-color-5)","background-image":"","background-repeat":"repeat","background-position":"center center","background-size":"auto","background-attachment":"scroll","background-type":"","background-media":"","overlay-type":"","overlay-color":"","overlay-opacity":"","overlay-gradient":""},"tablet":{"background-color":"var(--ast-global-color-5)","background-image":"","background-repeat":"repeat","background-position":"center center","background-size":"auto","background-attachment":"scroll","background-type":"","background-media":"","overlay-type":"","overlay-color":"","overlay-opacity":"","overlay-gradient":""},"mobile":{"background-color":"var(--ast-global-color-5)","background-image":"","background-repeat":"repeat","background-position":"center center","background-size":"auto","background-attachment":"scroll","background-type":"","background-media":"","overlay-type":"","overlay-color":"","overlay-opacity":"","overlay-gradient":""}}},"product_brand":[],"product_cat":[485],"product_tag":[635,638,608,634,632,639,633],"class_list":{"0":"post-406131","1":"product","2":"type-product","3":"status-publish","4":"has-post-thumbnail","6":"product_cat-prosoape-halate-papuci","7":"product_tag-covoras-baie","8":"product_tag-prosoape-de-picioare","9":"product_tag-prosoape-hotel","10":"product_tag-prosop-de-baie","11":"product_tag-prosop-de-picioare","12":"product_tag-set-prosoape-bumbac","13":"product_tag-set-prosoape-hotel","14":"product_shipping_class-livrare-gratuita","15":"desktop-align-center","16":"tablet-align-left","17":"mobile-align-left","18":"ast-product-gallery-layout-horizontal-slider","19":"ast-product-single-variable","20":"ast-product-tabs-layout-horizontal","21":"ast-qv-on-image","23":"first","24":"instock","25":"featured","26":"taxable","27":"shipping-taxable","28":"purchasable","29":"product-type-variable"},"acf":[],"_links":{"self":[{"href":"https:\/\/accacia.ro\/en\/wp-json\/wp\/v2\/product\/406131","targetHints":{"allow":["GET"]}}],"collection":[{"href":"https:\/\/accacia.ro\/en\/wp-json\/wp\/v2\/product"}],"about":[{"href":"https:\/\/accacia.ro\/en\/wp-json\/wp\/v2\/types\/product"}],"wp:featuredmedia":[{"embeddable":true,"href":"https:\/\/accacia.ro\/en\/wp-json\/wp\/v2\/media\/392539"}],"wp:attachment":[{"href":"https:\/\/accacia.ro\/en\/wp-json\/wp\/v2\/media?parent=406131"}],"wp:term":[{"taxonomy":"product_brand","embeddable":true,"href":"https:\/\/accacia.ro\/en\/wp-json\/wp\/v2\/product_brand?post=406131"},{"taxonomy":"product_cat","embeddable":true,"href":"https:\/\/accacia.ro\/en\/wp-json\/wp\/v2\/product_cat?post=406131"},{"taxonomy":"product_tag","embeddable":true,"href":"https:\/\/accacia.ro\/en\/wp-json\/wp\/v2\/product_tag?post=406131"}],"curies":[{"name":"wp","href":"https:\/\/api.w.org\/{rel}","templated":true}]}}