{"id":406181,"date":"2026-01-30T09:52:34","date_gmt":"2026-01-30T07:52:34","guid":{"rendered":"https:\/\/accacia.ro\/?post_type=product&#038;p=406181"},"modified":"2026-02-26T14:31:46","modified_gmt":"2026-02-26T12:31:46","slug":"carucior-dezinfectare-galeti-cu-capac-procart-384","status":"publish","type":"product","link":"https:\/\/accacia.ro\/en\/product\/carucior-dezinfectare-galeti-cu-capac-procart-384\/","title":{"rendered":"Bucket disinfection trolley with PROCART 384 lid"},"content":{"rendered":"<h2>Descriere general\u0103<\/h2>\n<p>Cleaning and disinfection trolley PROCART 384 <\/p>\n<p>Product body thickness 6 mm <\/p>\n<p>Dimensions: 62 x 144 x 125 cm<br \/>\nWeight: 41.2 kg<br \/>\nCapacity: 263 kg<br \/>\nBag capacity: 120 L <\/p>\n<p>The bag is covered with a door frame with a lid<br \/>\nRoti 2 X \u00d8100 mm cu frana, 4 X \u00d8100 mm fara frana, 1 X \u00d8100 la mijloc pentru stabilitate, din plastic, cauciucate si cu amortizor <\/p>\n<p>2 trays and 2 shelves for products <\/p>\n<p>2 buckets x 22 L, one with a blue lid, one with a red lid <\/p>\n<p>4 buckets x 6 L <\/p>\n<p>Handle for easier transport <\/p>\n<p>Mop support <\/p>\n<p>Support for accessories <\/p>\n<p>Material: polypropylene <\/p>\n<p>Durable, hygienic <\/p>\n<p>Used for shopping malls, restaurants, hospitals, factories, hotels, schools<\/p>\n<h2>Beneficii pentru hoteluri<\/h2>\n<p>&#8211; Conceput pentru utilizare intensiv\u0103 \u00een regim hotelier<br \/>\n&#8211; Contribuie la cre\u0219terea confortului \u0219i satisfac\u021biei oaspe\u021bilor<br \/>\n&#8211; Sus\u021bine standardele de calitate \u0219i imagine ale unit\u0103\u021bii de cazare<\/p>\n<h2>Recomand\u0103ri de utilizare<\/h2>\n<p>&#8211; Potrivit pentru hoteluri, pensiuni, resorturi \u0219i apart-hoteluri<br \/>\n&#8211; Recomandat pentru proiecte noi, renov\u0103ri sau standardiz\u0103ri de lan\u021b hotelier<br \/>\n&#8211; Integrare facil\u0103 \u00een fluxurile opera\u021bionale de housekeeping \u0219i front-office<\/p>","protected":false},"excerpt":{"rendered":"<p>Carucior dezinfectare galeti cu capac PROCART 384 \u2013 dotare profesional\u0103 pentru industria hotelier\u0103, conceput\u0103 pentru utilizare intensiv\u0103 \u0219i pentru a oferi fiabilitate \u0219i confort oaspe\u021bilor.<\/p>","protected":false},"featured_media":406,"template":"","meta":{"_acf_changed":false,"site-sidebar-layout":"","site-content-layout":"","ast-site-content-layout":"","site-content-style":"","site-sidebar-style":"","ast-global-header-display":"","ast-banner-title-visibility":"","ast-main-header-display":"","ast-hfb-above-header-display":"","ast-hfb-below-header-display":"","ast-hfb-mobile-header-display":"","site-post-title":"","ast-breadcrumbs-content":"","ast-featured-img":"","footer-sml-layout":"","ast-disable-related-posts":"","theme-transparent-header-meta":"","adv-header-id-meta":"","stick-header-meta":"","header-above-stick-meta":"","header-main-stick-meta":"","header-below-stick-meta":"","astra-migrate-meta-layouts":"","ast-page-background-enabled":"default","ast-page-background-meta":{"desktop":{"background-color":"","background-image":"","background-repeat":"repeat","background-position":"center center","background-size":"auto","background-attachment":"scroll","background-type":"","background-media":"","overlay-type":"","overlay-color":"","overlay-opacity":"","overlay-gradient":""},"tablet":{"background-color":"","background-image":"","background-repeat":"repeat","background-position":"center center","background-size":"auto","background-attachment":"scroll","background-type":"","background-media":"","overlay-type":"","overlay-color":"","overlay-opacity":"","overlay-gradient":""},"mobile":{"background-color":"","background-image":"","background-repeat":"repeat","background-position":"center center","background-size":"auto","background-attachment":"scroll","background-type":"","background-media":"","overlay-type":"","overlay-color":"","overlay-opacity":"","overlay-gradient":""}},"ast-content-background-meta":{"desktop":{"background-color":"var(--ast-global-color-5)","background-image":"","background-repeat":"repeat","background-position":"center center","background-size":"auto","background-attachment":"scroll","background-type":"","background-media":"","overlay-type":"","overlay-color":"","overlay-opacity":"","overlay-gradient":""},"tablet":{"background-color":"var(--ast-global-color-5)","background-image":"","background-repeat":"repeat","background-position":"center center","background-size":"auto","background-attachment":"scroll","background-type":"","background-media":"","overlay-type":"","overlay-color":"","overlay-opacity":"","overlay-gradient":""},"mobile":{"background-color":"var(--ast-global-color-5)","background-image":"","background-repeat":"repeat","background-position":"center center","background-size":"auto","background-attachment":"scroll","background-type":"","background-media":"","overlay-type":"","overlay-color":"","overlay-opacity":"","overlay-gradient":""}}},"product_brand":[],"product_cat":[372],"product_tag":[],"class_list":{"0":"post-406181","1":"product","2":"type-product","3":"status-publish","4":"has-post-thumbnail","6":"product_cat-carucioare-curatenie","7":"desktop-align-center","8":"tablet-align-left","9":"mobile-align-left","10":"ast-product-gallery-layout-horizontal-slider","11":"ast-product-tabs-layout-horizontal","12":"ast-qv-on-image","14":"first","15":"instock","16":"taxable","17":"shipping-taxable","18":"purchasable","19":"product-type-simple"},"acf":[],"_links":{"self":[{"href":"https:\/\/accacia.ro\/en\/wp-json\/wp\/v2\/product\/406181","targetHints":{"allow":["GET"]}}],"collection":[{"href":"https:\/\/accacia.ro\/en\/wp-json\/wp\/v2\/product"}],"about":[{"href":"https:\/\/accacia.ro\/en\/wp-json\/wp\/v2\/types\/product"}],"wp:featuredmedia":[{"embeddable":true,"href":"https:\/\/accacia.ro\/en\/wp-json\/wp\/v2\/media\/406"}],"wp:attachment":[{"href":"https:\/\/accacia.ro\/en\/wp-json\/wp\/v2\/media?parent=406181"}],"wp:term":[{"taxonomy":"product_brand","embeddable":true,"href":"https:\/\/accacia.ro\/en\/wp-json\/wp\/v2\/product_brand?post=406181"},{"taxonomy":"product_cat","embeddable":true,"href":"https:\/\/accacia.ro\/en\/wp-json\/wp\/v2\/product_cat?post=406181"},{"taxonomy":"product_tag","embeddable":true,"href":"https:\/\/accacia.ro\/en\/wp-json\/wp\/v2\/product_tag?post=406181"}],"curies":[{"name":"wp","href":"https:\/\/api.w.org\/{rel}","templated":true}]}}