{"id":406189,"date":"2026-01-30T09:52:35","date_gmt":"2026-01-30T07:52:35","guid":{"rendered":"https:\/\/accacia.ro\/?post_type=product&#038;p=406189"},"modified":"2026-02-26T14:31:47","modified_gmt":"2026-02-26T12:31:47","slug":"aspirator-de-lichide-si-praf-promidi-250m","status":"publish","type":"product","link":"https:\/\/accacia.ro\/en\/product\/aspirator-de-lichide-si-praf-promidi-250m\/","title":{"rendered":"Liquid and dust vacuum cleaner PROMIDI 250M"},"content":{"rendered":"<h2>Liquid and dust vacuum cleaner PROMIDI 250M<\/h2>\n<h2>Descriere general\u0103<\/h2>\n<p>Vacuum cleaner for liquids and dust PROMIDI 250M - for intensive professional use<br \/>\nWe present the PROMIDI 250M professional wet-dry vacuum cleaner with a 25 l stainless steel tank and a powerful 1000W economical motor.<\/p>\n<p>The 800-1000W motors that equip all our equipment have RoHC certification.<\/p>\n<p>Suction type - wet\/dry<\/p>\n<p>Device type \u2013 paper bag\/water tank<\/p>\n<p>Motor power \u2013 800-1100W<\/p>\n<p>Suction power \u2013 2600 mmSS<\/p>\n<p>Collection capacity - wet 12L l\/ dry 10L<\/p>\n<p>Motor Power: 1000 W<br \/>\nMotor Type: By-Pass \/ Double Stage<br \/>\nVoltage \/ Frequency: 220-230 V AC \/ 50-60 Hz<br \/>\nFunction: Wet &amp; DryTank<br \/>\nMaterial: Stainless steel<br \/>\nUsed For: Hotels, Hospitals, Commercial Buildings, Dormitories<\/p>\n<p>PROMIDI 250M product features<\/p>\n<p>Motor power 1000W<br \/>\nMotor Type Double Stage \/ Bypass<br \/>\nAbsorption power 2600 mm\/SS<br \/>\nWet and dry function<br \/>\nVoltage 220 \u2013 230 V AC<br \/>\nFrequency 50 \u2013 60 Hz<br \/>\nCable length 10 m \/ 2 x 1 mm2<br \/>\nTank material Stainless steel<br \/>\nTank capacity 25 liters<br \/>\nLiquid tank capacity 12 liters<br \/>\nGarbage bag capacity 10 liters<br \/>\nMetal locking method<br \/>\nHose length 240 cm<br \/>\nHose diameter \u00d8 38 mm<br \/>\nExtension tubes Stainless steel \u00d8 38 mm<br \/>\n4 x PVC wheels \u00d8 50 mm<br \/>\nEngine protection Buoy system<br \/>\nBottom CPP transport system<br \/>\nHose attachment Locking system<br \/>\nProduct net weight 11.2 kg<br \/>\nWeight 14.6 kg<br \/>\nProduct dimensions \u00d8 420 x 590 mm<br \/>\nBox dimensions 450 x 450 x 745 mm<br \/>\n36 MONTH WARRANTY<br \/>\nCod Produs: Promidi250M<\/p>\n<h2>Caracteristici tehnice<\/h2>\n<p>&#8211; Dimensiuni aproximative: 45.0 x 45.0 x 75.0 cm<br \/>\n&#8211; Greutate: 14.0 kg<\/p>\n<h2>Beneficii pentru hoteluri<\/h2>\n<p>&#8211; Conceput pentru utilizare intensiv\u0103 \u00een regim hotelier<br \/>\n&#8211; Contribuie la cre\u0219terea confortului \u0219i satisfac\u021biei oaspe\u021bilor<br \/>\n&#8211; Sus\u021bine standardele de calitate \u0219i imagine ale unit\u0103\u021bii de cazare<\/p>\n<h2>Recomand\u0103ri de utilizare<\/h2>\n<p>&#8211; Potrivit pentru hoteluri, pensiuni, resorturi \u0219i apart-hoteluri<br \/>\n&#8211; Recomandat pentru proiecte noi, renov\u0103ri sau standardiz\u0103ri de lan\u021b hotelier<br \/>\n&#8211; Integrare facil\u0103 \u00een fluxurile opera\u021bionale de housekeeping \u0219i front-office<\/p>","protected":false},"excerpt":{"rendered":"<p>Aspirator de lichide si praf PROMIDI 250M \u2013 dotare profesional\u0103 pentru industria hotelier\u0103, conceput\u0103 pentru utilizare intensiv\u0103 \u0219i pentru a oferi fiabilitate \u0219i confort oaspe\u021bilor. \u00cen\u0103l\u021bime aproximativ\u0103: 75.0 cm. Dimensiuni aprox.: 45.0 x 45.0 cm.<\/p>","protected":false},"featured_media":465,"template":"","meta":{"_acf_changed":false,"site-sidebar-layout":"default","site-content-layout":"","ast-site-content-layout":"default","site-content-style":"default","site-sidebar-style":"default","ast-global-header-display":"","ast-banner-title-visibility":"","ast-main-header-display":"","ast-hfb-above-header-display":"","ast-hfb-below-header-display":"","ast-hfb-mobile-header-display":"","site-post-title":"","ast-breadcrumbs-content":"","ast-featured-img":"","footer-sml-layout":"","ast-disable-related-posts":"","theme-transparent-header-meta":"default","adv-header-id-meta":"","stick-header-meta":"default","header-above-stick-meta":"","header-main-stick-meta":"","header-below-stick-meta":"","astra-migrate-meta-layouts":"set","ast-page-background-enabled":"default","ast-page-background-meta":{"desktop":{"background-color":"","background-image":"","background-repeat":"repeat","background-position":"center center","background-size":"auto","background-attachment":"scroll","background-type":"","background-media":"","overlay-type":"","overlay-color":"","overlay-opacity":"","overlay-gradient":""},"tablet":{"background-color":"","background-image":"","background-repeat":"repeat","background-position":"center center","background-size":"auto","background-attachment":"scroll","background-type":"","background-media":"","overlay-type":"","overlay-color":"","overlay-opacity":"","overlay-gradient":""},"mobile":{"background-color":"","background-image":"","background-repeat":"repeat","background-position":"center center","background-size":"auto","background-attachment":"scroll","background-type":"","background-media":"","overlay-type":"","overlay-color":"","overlay-opacity":"","overlay-gradient":""}},"ast-content-background-meta":{"desktop":{"background-color":"var(--ast-global-color-5)","background-image":"","background-repeat":"repeat","background-position":"center center","background-size":"auto","background-attachment":"scroll","background-type":"","background-media":"","overlay-type":"","overlay-color":"","overlay-opacity":"","overlay-gradient":""},"tablet":{"background-color":"var(--ast-global-color-5)","background-image":"","background-repeat":"repeat","background-position":"center center","background-size":"auto","background-attachment":"scroll","background-type":"","background-media":"","overlay-type":"","overlay-color":"","overlay-opacity":"","overlay-gradient":""},"mobile":{"background-color":"var(--ast-global-color-5)","background-image":"","background-repeat":"repeat","background-position":"center center","background-size":"auto","background-attachment":"scroll","background-type":"","background-media":"","overlay-type":"","overlay-color":"","overlay-opacity":"","overlay-gradient":""}}},"product_brand":[687],"product_cat":[367],"product_tag":[],"class_list":{"0":"post-406189","1":"product","2":"type-product","3":"status-publish","4":"has-post-thumbnail","6":"product_brand-fantom","7":"product_cat-praf-si-de-lichide","8":"product_shipping_class-livrare-gratuita","9":"desktop-align-center","10":"tablet-align-left","11":"mobile-align-left","12":"ast-product-gallery-layout-horizontal-slider","13":"ast-product-tabs-layout-horizontal","14":"ast-qv-on-image","16":"first","17":"instock","18":"sale","19":"taxable","20":"shipping-taxable","21":"purchasable","22":"product-type-simple"},"acf":[],"_links":{"self":[{"href":"https:\/\/accacia.ro\/en\/wp-json\/wp\/v2\/product\/406189","targetHints":{"allow":["GET"]}}],"collection":[{"href":"https:\/\/accacia.ro\/en\/wp-json\/wp\/v2\/product"}],"about":[{"href":"https:\/\/accacia.ro\/en\/wp-json\/wp\/v2\/types\/product"}],"wp:featuredmedia":[{"embeddable":true,"href":"https:\/\/accacia.ro\/en\/wp-json\/wp\/v2\/media\/465"}],"wp:attachment":[{"href":"https:\/\/accacia.ro\/en\/wp-json\/wp\/v2\/media?parent=406189"}],"wp:term":[{"taxonomy":"product_brand","embeddable":true,"href":"https:\/\/accacia.ro\/en\/wp-json\/wp\/v2\/product_brand?post=406189"},{"taxonomy":"product_cat","embeddable":true,"href":"https:\/\/accacia.ro\/en\/wp-json\/wp\/v2\/product_cat?post=406189"},{"taxonomy":"product_tag","embeddable":true,"href":"https:\/\/accacia.ro\/en\/wp-json\/wp\/v2\/product_tag?post=406189"}],"curies":[{"name":"wp","href":"https:\/\/api.w.org\/{rel}","templated":true}]}}