{"id":406190,"date":"2026-01-30T09:52:35","date_gmt":"2026-01-30T07:52:35","guid":{"rendered":"https:\/\/accacia.ro\/?post_type=product&#038;p=406190"},"modified":"2026-02-26T14:31:47","modified_gmt":"2026-02-26T12:31:47","slug":"aspirator-de-praf-promini-100p","status":"publish","type":"product","link":"https:\/\/accacia.ro\/en\/product\/aspirator-de-praf-promini-100p\/","title":{"rendered":"Aspirator silentios de praf PROMINI 100P"},"content":{"rendered":"<h2>Vacuum cleaner PROMINI 100P<\/h2>\n<h2>\u00a0general\u0103<\/h2>\n<p>Caracteristici produs aspirator uscat &#8211; profesional PROMINI 100P<\/p>\n<p>We present to you the PROMINI 100P professional vacuum cleaner, the best in its class with a filling capacity of 15 liters, which means less time wasted changing dust bags.<\/p>\n<p>With a low noise level of up to 64 dB, this vacuum cleaner disturbs less and allows cleaning during the day in hotels or offices.<\/p>\n<p>The 15 m cable and a weight of 8.8 kg turn Promini 100P into a partner in daily cleaning.<\/p>\n<p>New to this model is the optional HEPA filter.<\/p>\n<p>Unitatea de aspirare de 1100W ofera o valoare mare de aspirare la capatul tubului de 2800 mmSS.<\/p>\n<p>Promini 100P is a reliable, robust and stable vacuum cleaner for demanding cleaning in hotels, schools, offices and hospitals.<\/p>\n<p>Engine power<br \/>\n900-1100W<\/p>\n<p>Engine Type<br \/>\nDry\/Single Stage<\/p>\n<p>Absorption power<br \/>\n2800mm\/SS<\/p>\n<p>Function<br \/>\nSilentios \/ Paper garbage bag<\/p>\n<p>Voltage<br \/>\n220 \u2013 230 V AC<\/p>\n<p>Frequency<br \/>\n50 \u2013 60 Hz<\/p>\n<p>Cable length<br \/>\n15m \/ 2 x 0.75 mm2<\/p>\n<p>Tank material<br \/>\nabs<\/p>\n<p>Tank capacity<br \/>\n15 liters<\/p>\n<p>Garbage bag capacity<br \/>\n15 liters<\/p>\n<p>The blocking method<br \/>\nPP<\/p>\n<p>Hose length<br \/>\n240 cm<\/p>\n<p>Hose diameter<br \/>\n\u00d8 34 mm<\/p>\n<p>Extension tubes<br \/>\nStainless steel \u00d8 34mm<\/p>\n<p>Wheel<br \/>\n1 x \u00d8 40 mm front \/ 2 x PVC \u00d8 100 mm rear<\/p>\n<p>Product net weight<br \/>\n8.8 kg<\/p>\n<p>Weight<br \/>\n10.1 kg<\/p>\n<p>Product dimensions<br \/>\n\u00d8 470 x 355 mm<\/p>\n<p>Box dimensions<br \/>\n410 x 510 x 390 mm<\/p>\n<p>Motor power 900-1100W<br \/>\nType Motor Dry\/Single Stage<br \/>\nAbsorption power 2800 mm\/SS<br \/>\nSilent function \/ Paper garbage bag<br \/>\nVoltage 220 \u2013 230 V AC<br \/>\nFrequency 50 \u2013 60 Hz<br \/>\nCable length 15m \/ 2 x 0.75 mm2<br \/>\nTank material ABS<br \/>\nTank capacity 15 liters<br \/>\nGarbage bag capacity 15 liters<br \/>\nPP lock method<br \/>\nHose length 240 cm<br \/>\nHose diameter \u00d8 34 mm<br \/>\nExtension tubes Stainless steel \u00d8 34mm<br \/>\nWheels 1 x \u00d8 40 mm front \/ 2 x PVC \u00d8 100 mm rear<br \/>\nProduct net weight 8.8 kg<br \/>\nWeight 10.1 kg<br \/>\nProduct dimensions \u00d8 470 x 355 mm<br \/>\nBox dimensions 410 x 510 x 390 mm<\/p>\n<h2>Caracteristici tehnice<\/h2>\n<p>&#8211; Dimensiuni aproximative: 41.0 x 51.0 x 39.0 cm<br \/>\n&#8211; Greutate: 10.0 kg<\/p>\n<h2>Beneficii pentru hoteluri<\/h2>\n<p>&#8211; Conceput pentru utilizare intensiv\u0103 \u00een regim hotelier<br \/>\n&#8211; Contribuie la cre\u0219terea confortului \u0219i satisfac\u021biei oaspe\u021bilor<br \/>\n&#8211; Sus\u021bine standardele de calitate \u0219i imagine ale unit\u0103\u021bii de cazare<\/p>\n<h2>Recomand\u0103ri de utilizare<\/h2>\n<p>&#8211; Potrivit pentru hoteluri, pensiuni, resorturi \u0219i apart-hoteluri<br \/>\n&#8211; Recomandat pentru proiecte noi, renov\u0103ri sau standardiz\u0103ri de lan\u021b hotelier<br \/>\n&#8211; Integrare facil\u0103 \u00een fluxurile opera\u021bionale de housekeeping \u0219i front-office<\/p>","protected":false},"excerpt":{"rendered":"<p>Aspirator de praf PROMINI 100P \u2013 dotare profesional\u0103 pentru industria hotelier\u0103, conceput\u0103 pentru utilizare intensiv\u0103 \u0219i pentru a oferi fiabilitate \u0219i confort oaspe\u021bilor. \u00cen\u0103l\u021bime aproximativ\u0103: 39.0 cm. Dimensiuni aprox.: 41.0 x 51.0 cm.<\/p>","protected":false},"featured_media":451,"template":"","meta":{"_acf_changed":false,"site-sidebar-layout":"default","site-content-layout":"","ast-site-content-layout":"default","site-content-style":"default","site-sidebar-style":"default","ast-global-header-display":"","ast-banner-title-visibility":"","ast-main-header-display":"","ast-hfb-above-header-display":"","ast-hfb-below-header-display":"","ast-hfb-mobile-header-display":"","site-post-title":"","ast-breadcrumbs-content":"","ast-featured-img":"","footer-sml-layout":"","ast-disable-related-posts":"","theme-transparent-header-meta":"default","adv-header-id-meta":"","stick-header-meta":"default","header-above-stick-meta":"","header-main-stick-meta":"","header-below-stick-meta":"","astra-migrate-meta-layouts":"set","ast-page-background-enabled":"default","ast-page-background-meta":{"desktop":{"background-color":"","background-image":"","background-repeat":"repeat","background-position":"center center","background-size":"auto","background-attachment":"scroll","background-type":"","background-media":"","overlay-type":"","overlay-color":"","overlay-opacity":"","overlay-gradient":""},"tablet":{"background-color":"","background-image":"","background-repeat":"repeat","background-position":"center center","background-size":"auto","background-attachment":"scroll","background-type":"","background-media":"","overlay-type":"","overlay-color":"","overlay-opacity":"","overlay-gradient":""},"mobile":{"background-color":"","background-image":"","background-repeat":"repeat","background-position":"center center","background-size":"auto","background-attachment":"scroll","background-type":"","background-media":"","overlay-type":"","overlay-color":"","overlay-opacity":"","overlay-gradient":""}},"ast-content-background-meta":{"desktop":{"background-color":"var(--ast-global-color-5)","background-image":"","background-repeat":"repeat","background-position":"center center","background-size":"auto","background-attachment":"scroll","background-type":"","background-media":"","overlay-type":"","overlay-color":"","overlay-opacity":"","overlay-gradient":""},"tablet":{"background-color":"var(--ast-global-color-5)","background-image":"","background-repeat":"repeat","background-position":"center center","background-size":"auto","background-attachment":"scroll","background-type":"","background-media":"","overlay-type":"","overlay-color":"","overlay-opacity":"","overlay-gradient":""},"mobile":{"background-color":"var(--ast-global-color-5)","background-image":"","background-repeat":"repeat","background-position":"center center","background-size":"auto","background-attachment":"scroll","background-type":"","background-media":"","overlay-type":"","overlay-color":"","overlay-opacity":"","overlay-gradient":""}}},"product_brand":[687],"product_cat":[366],"product_tag":[],"class_list":{"0":"post-406190","1":"product","2":"type-product","3":"status-publish","4":"has-post-thumbnail","6":"product_brand-fantom","7":"product_cat-pentru-praf","8":"product_shipping_class-livrare-gratuita","9":"desktop-align-center","10":"tablet-align-left","11":"mobile-align-left","12":"ast-product-gallery-layout-horizontal-slider","13":"ast-product-tabs-layout-horizontal","14":"ast-qv-on-image","16":"first","17":"instock","18":"sale","19":"taxable","20":"shipping-taxable","21":"purchasable","22":"product-type-simple"},"acf":[],"_links":{"self":[{"href":"https:\/\/accacia.ro\/en\/wp-json\/wp\/v2\/product\/406190","targetHints":{"allow":["GET"]}}],"collection":[{"href":"https:\/\/accacia.ro\/en\/wp-json\/wp\/v2\/product"}],"about":[{"href":"https:\/\/accacia.ro\/en\/wp-json\/wp\/v2\/types\/product"}],"wp:featuredmedia":[{"embeddable":true,"href":"https:\/\/accacia.ro\/en\/wp-json\/wp\/v2\/media\/451"}],"wp:attachment":[{"href":"https:\/\/accacia.ro\/en\/wp-json\/wp\/v2\/media?parent=406190"}],"wp:term":[{"taxonomy":"product_brand","embeddable":true,"href":"https:\/\/accacia.ro\/en\/wp-json\/wp\/v2\/product_brand?post=406190"},{"taxonomy":"product_cat","embeddable":true,"href":"https:\/\/accacia.ro\/en\/wp-json\/wp\/v2\/product_cat?post=406190"},{"taxonomy":"product_tag","embeddable":true,"href":"https:\/\/accacia.ro\/en\/wp-json\/wp\/v2\/product_tag?post=406190"}],"curies":[{"name":"wp","href":"https:\/\/api.w.org\/{rel}","templated":true}]}}