{"id":406194,"date":"2026-01-30T09:52:35","date_gmt":"2026-01-30T07:52:35","guid":{"rendered":"https:\/\/accacia.ro\/?post_type=product&#038;p=406194"},"modified":"2026-02-26T14:31:48","modified_gmt":"2026-02-26T12:31:48","slug":"aspirator-lichide-si-praf-promidi-400m","status":"publish","type":"product","link":"https:\/\/accacia.ro\/en\/product\/aspirator-lichide-si-praf-promidi-400m\/","title":{"rendered":"Liquid and dust vacuum cleaner PROMIDI 400M"},"content":{"rendered":"<h2>Liquid and dust vacuum cleaner PROMIDI 400M<\/h2>\n<h2>Descriere general\u0103<\/h2>\n<p>Liquid and dust vacuum cleaner PROMIDI 400M collection capacity 40L<br \/>\nProduct features PROMIDI 400M 40L professional liquid and dust vacuum cleaner<\/p>\n<p>Motor power 1000W<\/p>\n<p>Motor Type Double Stage \/ Bypass<br \/>\nAbsorption power 2600 mm\/SS<br \/>\nWet and dry function<br \/>\nVoltage 220 \u2013 230 V AC<br \/>\nFrequency 50 \u2013 60 Hz<br \/>\nCable length 10 m \/ 2 x 1 mm2<br \/>\nTank material Stainless steel<br \/>\nTank capacity 40 liters<br \/>\nLiquid tank capacity 27 liters<br \/>\nGarbage bag capacity 10 liters<br \/>\nMetal locking method<br \/>\nHose length 240 cm<br \/>\nHose diameter \u00d8 38 mm<br \/>\nExtension tubes Stainless steel \u00d8 38 mm<br \/>\nWheels 2 x PVC \u00d8 75 mm front \/ 2 x PVC \u00d8 160 mm rear<br \/>\nEngine protection Buoy system<br \/>\nBottom CPP transport system<br \/>\nDirty water exhaust system \u00d8 34 mm exhaust hose<br \/>\nPush handle Metal coated<br \/>\nHose attachment Locking system<br \/>\nProduct net weight 17.5 kg<br \/>\nWeight 20 kg<br \/>\nProduct dimensions \u00d8 560 x 880 mm<br \/>\nBox dimensions 485 x 550 x 935 mm<br \/>\n36 MONTH WARRANTY<br \/>\nPRODUCT CODE: PROMIDI400M<\/p>\n<h2>Caracteristici tehnice<\/h2>\n<p>&#8211; Greutate: 17.5 kg<\/p>\n<h2>Beneficii pentru hoteluri<\/h2>\n<p>&#8211; Conceput pentru utilizare intensiv\u0103 \u00een regim hotelier<br \/>\n&#8211; Contribuie la cre\u0219terea confortului \u0219i satisfac\u021biei oaspe\u021bilor<br \/>\n&#8211; Sus\u021bine standardele de calitate \u0219i imagine ale unit\u0103\u021bii de cazare<\/p>\n<h2>Recomand\u0103ri de utilizare<\/h2>\n<p>&#8211; Potrivit pentru hoteluri, pensiuni, resorturi \u0219i apart-hoteluri<br \/>\n&#8211; Recomandat pentru proiecte noi, renov\u0103ri sau standardiz\u0103ri de lan\u021b hotelier<br \/>\n&#8211; Integrare facil\u0103 \u00een fluxurile opera\u021bionale de housekeeping \u0219i front-office<\/p>","protected":false},"excerpt":{"rendered":"<p>Aspirator lichide si praf PROMIDI 400M \u2013 dotare profesional\u0103 pentru industria hotelier\u0103, conceput\u0103 pentru utilizare intensiv\u0103 \u0219i pentru a oferi fiabilitate \u0219i confort oaspe\u021bilor.<\/p>","protected":false},"featured_media":468,"template":"","meta":{"_acf_changed":false,"site-sidebar-layout":"default","site-content-layout":"","ast-site-content-layout":"default","site-content-style":"default","site-sidebar-style":"default","ast-global-header-display":"","ast-banner-title-visibility":"","ast-main-header-display":"","ast-hfb-above-header-display":"","ast-hfb-below-header-display":"","ast-hfb-mobile-header-display":"","site-post-title":"","ast-breadcrumbs-content":"","ast-featured-img":"","footer-sml-layout":"","ast-disable-related-posts":"","theme-transparent-header-meta":"default","adv-header-id-meta":"","stick-header-meta":"default","header-above-stick-meta":"","header-main-stick-meta":"","header-below-stick-meta":"","astra-migrate-meta-layouts":"set","ast-page-background-enabled":"default","ast-page-background-meta":{"desktop":{"background-color":"","background-image":"","background-repeat":"repeat","background-position":"center center","background-size":"auto","background-attachment":"scroll","background-type":"","background-media":"","overlay-type":"","overlay-color":"","overlay-opacity":"","overlay-gradient":""},"tablet":{"background-color":"","background-image":"","background-repeat":"repeat","background-position":"center center","background-size":"auto","background-attachment":"scroll","background-type":"","background-media":"","overlay-type":"","overlay-color":"","overlay-opacity":"","overlay-gradient":""},"mobile":{"background-color":"","background-image":"","background-repeat":"repeat","background-position":"center center","background-size":"auto","background-attachment":"scroll","background-type":"","background-media":"","overlay-type":"","overlay-color":"","overlay-opacity":"","overlay-gradient":""}},"ast-content-background-meta":{"desktop":{"background-color":"var(--ast-global-color-5)","background-image":"","background-repeat":"repeat","background-position":"center center","background-size":"auto","background-attachment":"scroll","background-type":"","background-media":"","overlay-type":"","overlay-color":"","overlay-opacity":"","overlay-gradient":""},"tablet":{"background-color":"var(--ast-global-color-5)","background-image":"","background-repeat":"repeat","background-position":"center center","background-size":"auto","background-attachment":"scroll","background-type":"","background-media":"","overlay-type":"","overlay-color":"","overlay-opacity":"","overlay-gradient":""},"mobile":{"background-color":"var(--ast-global-color-5)","background-image":"","background-repeat":"repeat","background-position":"center center","background-size":"auto","background-attachment":"scroll","background-type":"","background-media":"","overlay-type":"","overlay-color":"","overlay-opacity":"","overlay-gradient":""}}},"product_brand":[687],"product_cat":[367],"product_tag":[658],"class_list":{"0":"post-406194","1":"product","2":"type-product","3":"status-publish","4":"has-post-thumbnail","6":"product_brand-fantom","7":"product_cat-praf-si-de-lichide","8":"product_tag-aspirator-cu-spalare","9":"product_shipping_class-livrare-gratuita","10":"desktop-align-center","11":"tablet-align-left","12":"mobile-align-left","13":"ast-product-gallery-layout-horizontal-slider","14":"ast-product-tabs-layout-horizontal","15":"ast-qv-on-image","17":"first","18":"instock","19":"taxable","20":"shipping-taxable","21":"purchasable","22":"product-type-simple"},"acf":[],"_links":{"self":[{"href":"https:\/\/accacia.ro\/en\/wp-json\/wp\/v2\/product\/406194","targetHints":{"allow":["GET"]}}],"collection":[{"href":"https:\/\/accacia.ro\/en\/wp-json\/wp\/v2\/product"}],"about":[{"href":"https:\/\/accacia.ro\/en\/wp-json\/wp\/v2\/types\/product"}],"wp:featuredmedia":[{"embeddable":true,"href":"https:\/\/accacia.ro\/en\/wp-json\/wp\/v2\/media\/468"}],"wp:attachment":[{"href":"https:\/\/accacia.ro\/en\/wp-json\/wp\/v2\/media?parent=406194"}],"wp:term":[{"taxonomy":"product_brand","embeddable":true,"href":"https:\/\/accacia.ro\/en\/wp-json\/wp\/v2\/product_brand?post=406194"},{"taxonomy":"product_cat","embeddable":true,"href":"https:\/\/accacia.ro\/en\/wp-json\/wp\/v2\/product_cat?post=406194"},{"taxonomy":"product_tag","embeddable":true,"href":"https:\/\/accacia.ro\/en\/wp-json\/wp\/v2\/product_tag?post=406194"}],"curies":[{"name":"wp","href":"https:\/\/api.w.org\/{rel}","templated":true}]}}