{"id":406196,"date":"2026-01-30T09:52:35","date_gmt":"2026-01-30T07:52:35","guid":{"rendered":"https:\/\/accacia.ro\/?post_type=product&#038;p=406196"},"modified":"2026-02-26T14:31:48","modified_gmt":"2026-02-26T12:31:48","slug":"echipament-curatare-caddy-clean","status":"publish","type":"product","link":"https:\/\/accacia.ro\/en\/product\/echipament-curatare-caddy-clean\/","title":{"rendered":"Caddy Clean cleaning equipment"},"content":{"rendered":"<h2>Descriere general\u0103<\/h2>\n<p>The advantages of the Caddy Clean machine:<br \/>\n- Increasing labor productivity.<br \/>\n- Very light, maneuverable and ergonomic.<br \/>\n\u2013 Adjustable operating angle.<br \/>\n- It can also be used as a hand machine by attaching an ergonomic handle.<br \/>\n\u2013 Versatile, can be used anywhere.<br \/>\n- Perfect cleaning <\/p>\n<p>Caddy Clean was designed to be easy to handle and economical. This machine from Caddy Clean will clean perfectly where no automatic or single disc machine can reach. <\/p>\n<p>Greutatea extrem de redusa (2,3kilograme), precum si designul practic o face ideala pentru curatarea in zonele greu accesibile. Caddy Clean are in dotare un maner ergonomic avand foarte multe caracteristici. Bateria are o functionalitate de 2-3 ore .Cu cele doua perii rotative sau driving discuri aveti o stabilitate deosebita astfel incat marginile inguste,nisele si colturile vor fi cu adevarat curatate. <\/p>\n<p>Due to the reduced height of only 95mm, even the dirt from under the radiator or the suspended toilet bowl will be able to be removed.<br \/>\nTo remove even the most difficult dirt, the cleaning solution can be applied very simply and precisely with just a click on the button on the telescopic handle.<br \/>\nThe device can also be held in the hand. The transformation is done immediately, just remove the machine from the telescopic handle and attach the ergonomic handle and it is ready for use.<br \/>\nThe stressful and tiring cleaning of the joints between tiles or drain screens becomes child&#039;s play, because manual work is just a memory with Caddy Clean. As a result, both performance and safety are visibly improved.<br \/>\nThe ingenious joint system helps the brushes or brushes to always stick perfectly to the cleaned surface, so that you can clean every staircase impeccably. Even vertical surfaces can be mechanically cleaned very quickly and easily with CaddyClean.<br \/>\n Accessories included:<br \/>\nCaddy Clean base unit with 1.7L tank<br \/>\nThe handle for the handheld unit<br \/>\nNiHM battery<br \/>\nBattery charger<br \/>\nEU adapter<br \/>\nBattery holder<br \/>\nWall mounting bracket<br \/>\nWhite brushes 0.4 \u2013 2 pcs<br \/>\nWhite brushes 0.6 \u2013 2 pcs<br \/>\nTraction disc for polyester disc - 2 pcs<br \/>\nKit of 10 abrasive pads<\/p>\n<h2>Beneficii pentru hoteluri<\/h2>\n<p>&#8211; Conceput pentru utilizare intensiv\u0103 \u00een regim hotelier<br \/>\n&#8211; Contribuie la cre\u0219terea confortului \u0219i satisfac\u021biei oaspe\u021bilor<br \/>\n&#8211; Sus\u021bine standardele de calitate \u0219i imagine ale unit\u0103\u021bii de cazare<\/p>\n<h2>Recomand\u0103ri de utilizare<\/h2>\n<p>&#8211; Potrivit pentru hoteluri, pensiuni, resorturi \u0219i apart-hoteluri<br \/>\n&#8211; Recomandat pentru proiecte noi, renov\u0103ri sau standardiz\u0103ri de lan\u021b hotelier<br \/>\n&#8211; Integrare facil\u0103 \u00een fluxurile opera\u021bionale de housekeeping \u0219i front-office<\/p>","protected":false},"excerpt":{"rendered":"<p>Echipament curatare Caddy Clean \u2013 dotare profesional\u0103 pentru industria hotelier\u0103, conceput\u0103 pentru utilizare intensiv\u0103 \u0219i pentru a oferi fiabilitate \u0219i confort oaspe\u021bilor.<\/p>","protected":false},"featured_media":472,"template":"","meta":{"_acf_changed":false,"site-sidebar-layout":"","site-content-layout":"","ast-site-content-layout":"","site-content-style":"","site-sidebar-style":"","ast-global-header-display":"","ast-banner-title-visibility":"","ast-main-header-display":"","ast-hfb-above-header-display":"","ast-hfb-below-header-display":"","ast-hfb-mobile-header-display":"","site-post-title":"","ast-breadcrumbs-content":"","ast-featured-img":"","footer-sml-layout":"","ast-disable-related-posts":"","theme-transparent-header-meta":"","adv-header-id-meta":"","stick-header-meta":"","header-above-stick-meta":"","header-main-stick-meta":"","header-below-stick-meta":"","astra-migrate-meta-layouts":"","ast-page-background-enabled":"default","ast-page-background-meta":{"desktop":{"background-color":"","background-image":"","background-repeat":"repeat","background-position":"center center","background-size":"auto","background-attachment":"scroll","background-type":"","background-media":"","overlay-type":"","overlay-color":"","overlay-opacity":"","overlay-gradient":""},"tablet":{"background-color":"","background-image":"","background-repeat":"repeat","background-position":"center center","background-size":"auto","background-attachment":"scroll","background-type":"","background-media":"","overlay-type":"","overlay-color":"","overlay-opacity":"","overlay-gradient":""},"mobile":{"background-color":"","background-image":"","background-repeat":"repeat","background-position":"center center","background-size":"auto","background-attachment":"scroll","background-type":"","background-media":"","overlay-type":"","overlay-color":"","overlay-opacity":"","overlay-gradient":""}},"ast-content-background-meta":{"desktop":{"background-color":"var(--ast-global-color-5)","background-image":"","background-repeat":"repeat","background-position":"center center","background-size":"auto","background-attachment":"scroll","background-type":"","background-media":"","overlay-type":"","overlay-color":"","overlay-opacity":"","overlay-gradient":""},"tablet":{"background-color":"var(--ast-global-color-5)","background-image":"","background-repeat":"repeat","background-position":"center center","background-size":"auto","background-attachment":"scroll","background-type":"","background-media":"","overlay-type":"","overlay-color":"","overlay-opacity":"","overlay-gradient":""},"mobile":{"background-color":"var(--ast-global-color-5)","background-image":"","background-repeat":"repeat","background-position":"center center","background-size":"auto","background-attachment":"scroll","background-type":"","background-media":"","overlay-type":"","overlay-color":"","overlay-opacity":"","overlay-gradient":""}}},"product_brand":[],"product_cat":[370],"product_tag":[],"class_list":{"0":"post-406196","1":"product","2":"type-product","3":"status-publish","4":"has-post-thumbnail","6":"product_cat-monodiscuri-profesionale","7":"desktop-align-center","8":"tablet-align-left","9":"mobile-align-left","10":"ast-product-gallery-layout-horizontal-slider","11":"ast-product-tabs-layout-horizontal","12":"ast-qv-on-image","14":"first","15":"instock","16":"taxable","17":"shipping-taxable","18":"product-type-simple"},"acf":[],"_links":{"self":[{"href":"https:\/\/accacia.ro\/en\/wp-json\/wp\/v2\/product\/406196","targetHints":{"allow":["GET"]}}],"collection":[{"href":"https:\/\/accacia.ro\/en\/wp-json\/wp\/v2\/product"}],"about":[{"href":"https:\/\/accacia.ro\/en\/wp-json\/wp\/v2\/types\/product"}],"wp:featuredmedia":[{"embeddable":true,"href":"https:\/\/accacia.ro\/en\/wp-json\/wp\/v2\/media\/472"}],"wp:attachment":[{"href":"https:\/\/accacia.ro\/en\/wp-json\/wp\/v2\/media?parent=406196"}],"wp:term":[{"taxonomy":"product_brand","embeddable":true,"href":"https:\/\/accacia.ro\/en\/wp-json\/wp\/v2\/product_brand?post=406196"},{"taxonomy":"product_cat","embeddable":true,"href":"https:\/\/accacia.ro\/en\/wp-json\/wp\/v2\/product_cat?post=406196"},{"taxonomy":"product_tag","embeddable":true,"href":"https:\/\/accacia.ro\/en\/wp-json\/wp\/v2\/product_tag?post=406196"}],"curies":[{"name":"wp","href":"https:\/\/api.w.org\/{rel}","templated":true}]}}