{"id":406222,"date":"2026-01-30T09:52:43","date_gmt":"2026-01-30T07:52:43","guid":{"rendered":"https:\/\/accacia.ro\/?post_type=product&#038;p=406222"},"modified":"2026-02-26T14:31:52","modified_gmt":"2026-02-26T12:31:52","slug":"carucior-camerista-capri12c","status":"publish","type":"product","link":"https:\/\/accacia.ro\/en\/product\/carucior-camerista-capri12c\/","title":{"rendered":"Capri12C Maid Trolley"},"content":{"rendered":"<h2>Descriere general\u0103<\/h2>\n<p>Accacia professional hotel equipment offers you an elegant and robust maid&#039;s trolley, ideal for narrow spaces and mobility between floors. <\/p>\n<p>The linen bag is foldable and allows the stroller to be moved, including the lift, with a maximum size of 110 cm. <\/p>\n<p>Trolley made of steel components coated with plastic and rilsan, equipped with: <\/p>\n<p> system of closing panels (on 3 sides),<br \/>\n 6 shelves,<br \/>\n 2 drawers with lock,<br \/>\n 2 bag holders,<br \/>\n 2 nylon bags of 150 lt<br \/>\n 4 wheels \u00d8 125 mm (2 with brake). <\/p>\n<p> Dimensiuni Carucior camerista Capri 12C : 190\/110x55x152h cm<\/p>\n<h2>Caracteristici tehnice<\/h2>\n<p>&#8211; Dimensiuni aproximative: 150.0 x 55.0 x 152.0 cm<br \/>\n&#8211; Greutate: 30.0 kg<\/p>\n<h2>Beneficii pentru hoteluri<\/h2>\n<p>&#8211; Conceput pentru utilizare intensiv\u0103 \u00een regim hotelier<br \/>\n&#8211; Contribuie la cre\u0219terea confortului \u0219i satisfac\u021biei oaspe\u021bilor<br \/>\n&#8211; Sus\u021bine standardele de calitate \u0219i imagine ale unit\u0103\u021bii de cazare<\/p>\n<h2>Recomand\u0103ri de utilizare<\/h2>\n<p>&#8211; Potrivit pentru hoteluri, pensiuni, resorturi \u0219i apart-hoteluri<br \/>\n&#8211; Recomandat pentru proiecte noi, renov\u0103ri sau standardiz\u0103ri de lan\u021b hotelier<br \/>\n&#8211; Integrare facil\u0103 \u00een fluxurile opera\u021bionale de housekeeping \u0219i front-office<\/p>","protected":false},"excerpt":{"rendered":"<p>Carucior Camerista Capri12C \u2013 dotare profesional\u0103 pentru industria hotelier\u0103, conceput\u0103 pentru utilizare intensiv\u0103 \u0219i pentru a oferi fiabilitate \u0219i confort oaspe\u021bilor. \u00cen\u0103l\u021bime aproximativ\u0103: 152.0 cm. Dimensiuni aprox.: 150.0 x 55.0 cm.<\/p>","protected":false},"featured_media":1409,"template":"","meta":{"_acf_changed":false,"site-sidebar-layout":"","site-content-layout":"","ast-site-content-layout":"","site-content-style":"","site-sidebar-style":"","ast-global-header-display":"","ast-banner-title-visibility":"","ast-main-header-display":"","ast-hfb-above-header-display":"","ast-hfb-below-header-display":"","ast-hfb-mobile-header-display":"","site-post-title":"","ast-breadcrumbs-content":"","ast-featured-img":"","footer-sml-layout":"","ast-disable-related-posts":"","theme-transparent-header-meta":"","adv-header-id-meta":"","stick-header-meta":"","header-above-stick-meta":"","header-main-stick-meta":"","header-below-stick-meta":"","astra-migrate-meta-layouts":"","ast-page-background-enabled":"default","ast-page-background-meta":{"desktop":{"background-color":"","background-image":"","background-repeat":"repeat","background-position":"center center","background-size":"auto","background-attachment":"scroll","background-type":"","background-media":"","overlay-type":"","overlay-color":"","overlay-opacity":"","overlay-gradient":""},"tablet":{"background-color":"","background-image":"","background-repeat":"repeat","background-position":"center center","background-size":"auto","background-attachment":"scroll","background-type":"","background-media":"","overlay-type":"","overlay-color":"","overlay-opacity":"","overlay-gradient":""},"mobile":{"background-color":"","background-image":"","background-repeat":"repeat","background-position":"center center","background-size":"auto","background-attachment":"scroll","background-type":"","background-media":"","overlay-type":"","overlay-color":"","overlay-opacity":"","overlay-gradient":""}},"ast-content-background-meta":{"desktop":{"background-color":"var(--ast-global-color-5)","background-image":"","background-repeat":"repeat","background-position":"center center","background-size":"auto","background-attachment":"scroll","background-type":"","background-media":"","overlay-type":"","overlay-color":"","overlay-opacity":"","overlay-gradient":""},"tablet":{"background-color":"var(--ast-global-color-5)","background-image":"","background-repeat":"repeat","background-position":"center center","background-size":"auto","background-attachment":"scroll","background-type":"","background-media":"","overlay-type":"","overlay-color":"","overlay-opacity":"","overlay-gradient":""},"mobile":{"background-color":"var(--ast-global-color-5)","background-image":"","background-repeat":"repeat","background-position":"center center","background-size":"auto","background-attachment":"scroll","background-type":"","background-media":"","overlay-type":"","overlay-color":"","overlay-opacity":"","overlay-gradient":""}}},"product_brand":[],"product_cat":[374],"product_tag":[525],"class_list":{"0":"post-406222","1":"product","2":"type-product","3":"status-publish","4":"has-post-thumbnail","6":"product_cat-carucioare-cameriste","7":"product_tag-vdm","8":"product_shipping_class-livrare-gratuita","9":"desktop-align-center","10":"tablet-align-left","11":"mobile-align-left","12":"ast-product-gallery-layout-horizontal-slider","13":"ast-product-gallery-with-no-image","14":"ast-product-tabs-layout-horizontal","15":"ast-qv-on-image","17":"first","18":"instock","19":"taxable","20":"shipping-taxable","21":"purchasable","22":"product-type-simple"},"acf":[],"_links":{"self":[{"href":"https:\/\/accacia.ro\/en\/wp-json\/wp\/v2\/product\/406222","targetHints":{"allow":["GET"]}}],"collection":[{"href":"https:\/\/accacia.ro\/en\/wp-json\/wp\/v2\/product"}],"about":[{"href":"https:\/\/accacia.ro\/en\/wp-json\/wp\/v2\/types\/product"}],"wp:featuredmedia":[{"embeddable":true,"href":"https:\/\/accacia.ro\/en\/wp-json\/wp\/v2\/media\/1409"}],"wp:attachment":[{"href":"https:\/\/accacia.ro\/en\/wp-json\/wp\/v2\/media?parent=406222"}],"wp:term":[{"taxonomy":"product_brand","embeddable":true,"href":"https:\/\/accacia.ro\/en\/wp-json\/wp\/v2\/product_brand?post=406222"},{"taxonomy":"product_cat","embeddable":true,"href":"https:\/\/accacia.ro\/en\/wp-json\/wp\/v2\/product_cat?post=406222"},{"taxonomy":"product_tag","embeddable":true,"href":"https:\/\/accacia.ro\/en\/wp-json\/wp\/v2\/product_tag?post=406222"}],"curies":[{"name":"wp","href":"https:\/\/api.w.org\/{rel}","templated":true}]}}