{"id":406328,"date":"2026-01-30T09:53:03","date_gmt":"2026-01-30T07:53:03","guid":{"rendered":"https:\/\/accacia.ro\/?post_type=product&#038;p=406328"},"modified":"2026-02-26T14:32:05","modified_gmt":"2026-02-26T12:32:05","slug":"echipament-curatare-podele-cu-abur-duplex-420-steam","status":"publish","type":"product","link":"https:\/\/accacia.ro\/en\/product\/echipament-curatare-podele-cu-abur-duplex-420-steam\/","title":{"rendered":"Floor cleaning equipment with steam DUPLEX 420 STEAM"},"content":{"rendered":"<h2>Descriere general\u0103<\/h2>\n<p> Floor cleaning equipment with steam DUPLEX 420 STEAM <\/p>\n<p>The Duplex 420 Floor Steam Cleaner model, with a cleaning width of 420 mm (16\u2033), offers cleaning &quot;on the edge&quot;, combining brush agitation and steam on all floor surfaces, along walls and in corners. <\/p>\n<p>The steam is supplied to one of the counter-rotating brushes and therefore the floors are left sanitized and practically dry immediately. <\/p>\n<p>Steam floor cleaners such as the Duplex 420\/Steam cleaner without the need for harsh or toxic chemicals. <\/p>\n<p>This makes the use of steam floor cleaning equipment extremely environmentally friendly and economically viable. <\/p>\n<p>The Duplex 420 floor steam cleaner is effective for cleaning carpets, Polysafe, Altro, Marley, Tarkett, Flotex, Timbersafe, carpet tiles, non-slip safety <\/p>\n<p>flooring, safety non-slip resin flooring, sports anti-injury flooring and more. <\/p>\n<p>Counter-rotating brushes lift dirt, water and grime from the floor surface, leaving it steam cleaned, sanitized and dry. <\/p>\n<p>The Duplex 420\/Steam is unique in that it washes, mops, scrubs, dries and can also polish and disinfect all floor surfaces. <\/p>\n<p>Exceptional lift-free ease of use and bi-directional operation make the Duplex 420 Steam a pleasure to use even in the most challenging environments. <\/p>\n<p>The machine is also supplied with standard liquid reservoirs, allowing it to be used in steam or standard cleaning mode as required. <\/p>\n<p>A range of different brush types are available to suit different floor types and unlike other machines on the market, changing the brush is extremely easy. <\/p>\n<p> TECHNICAL SPECIFICATIONS<br \/>\n Work surface 300-500 M\u00b2\/h<br \/>\nWashing width 350 mm<br \/>\nDimensions mm 650x510x360h<br \/>\nNumber of brushes 2<br \/>\nPower cable<br \/>\nVoltage 117-240 Volt<br \/>\nFrequency 60\/50 Hz<br \/>\nNoise level &lt; 64 dBA<br \/>\nSolution tank 2.7 Lt<br \/>\nRecovery tank 2.3 Lt<br \/>\nBrush speed 650-750 rpm<br \/>\nBrush pressure 200 gr\/cm2<br \/>\nWeight 30 kg<br \/>\nAbsorbed power 1000 + 900 Watt<br \/>\nSteam jet width 330 mm<br \/>\nPackaging dimensions mm 650x510x360h<\/p>\n<h2>Caracteristici tehnice<\/h2>\n<p>&#8211; Greutate: 30.0 kg<\/p>\n<h2>Beneficii pentru hoteluri<\/h2>\n<p>&#8211; Conceput pentru utilizare intensiv\u0103 \u00een regim hotelier<br \/>\n&#8211; Contribuie la cre\u0219terea confortului \u0219i satisfac\u021biei oaspe\u021bilor<br \/>\n&#8211; Sus\u021bine standardele de calitate \u0219i imagine ale unit\u0103\u021bii de cazare<\/p>\n<h2>Recomand\u0103ri de utilizare<\/h2>\n<p>&#8211; Potrivit pentru hoteluri, pensiuni, resorturi \u0219i apart-hoteluri<br \/>\n&#8211; Recomandat pentru proiecte noi, renov\u0103ri sau standardiz\u0103ri de lan\u021b hotelier<br \/>\n&#8211; Integrare facil\u0103 \u00een fluxurile opera\u021bionale de housekeeping \u0219i front-office<\/p>","protected":false},"excerpt":{"rendered":"<p>Echipament curatare podele cu abur DUPLEX 420 STEAM \u2013 dotare profesional\u0103 pentru industria hotelier\u0103, conceput\u0103 pentru utilizare intensiv\u0103 \u0219i pentru a oferi fiabilitate \u0219i confort oaspe\u021bilor.<\/p>","protected":false},"featured_media":392206,"template":"","meta":{"_acf_changed":false,"site-sidebar-layout":"default","site-content-layout":"","ast-site-content-layout":"default","site-content-style":"default","site-sidebar-style":"default","ast-global-header-display":"","ast-banner-title-visibility":"","ast-main-header-display":"","ast-hfb-above-header-display":"","ast-hfb-below-header-display":"","ast-hfb-mobile-header-display":"","site-post-title":"","ast-breadcrumbs-content":"","ast-featured-img":"","footer-sml-layout":"","ast-disable-related-posts":"","theme-transparent-header-meta":"default","adv-header-id-meta":"","stick-header-meta":"default","header-above-stick-meta":"","header-main-stick-meta":"","header-below-stick-meta":"","astra-migrate-meta-layouts":"set","ast-page-background-enabled":"default","ast-page-background-meta":{"desktop":{"background-color":"","background-image":"","background-repeat":"repeat","background-position":"center center","background-size":"auto","background-attachment":"scroll","background-type":"","background-media":"","overlay-type":"","overlay-color":"","overlay-opacity":"","overlay-gradient":""},"tablet":{"background-color":"","background-image":"","background-repeat":"repeat","background-position":"center center","background-size":"auto","background-attachment":"scroll","background-type":"","background-media":"","overlay-type":"","overlay-color":"","overlay-opacity":"","overlay-gradient":""},"mobile":{"background-color":"","background-image":"","background-repeat":"repeat","background-position":"center center","background-size":"auto","background-attachment":"scroll","background-type":"","background-media":"","overlay-type":"","overlay-color":"","overlay-opacity":"","overlay-gradient":""}},"ast-content-background-meta":{"desktop":{"background-color":"var(--ast-global-color-5)","background-image":"","background-repeat":"repeat","background-position":"center center","background-size":"auto","background-attachment":"scroll","background-type":"","background-media":"","overlay-type":"","overlay-color":"","overlay-opacity":"","overlay-gradient":""},"tablet":{"background-color":"var(--ast-global-color-5)","background-image":"","background-repeat":"repeat","background-position":"center center","background-size":"auto","background-attachment":"scroll","background-type":"","background-media":"","overlay-type":"","overlay-color":"","overlay-opacity":"","overlay-gradient":""},"mobile":{"background-color":"var(--ast-global-color-5)","background-image":"","background-repeat":"repeat","background-position":"center center","background-size":"auto","background-attachment":"scroll","background-type":"","background-media":"","overlay-type":"","overlay-color":"","overlay-opacity":"","overlay-gradient":""}}},"product_brand":[],"product_cat":[369],"product_tag":[],"class_list":{"0":"post-406328","1":"product","2":"type-product","3":"status-publish","4":"has-post-thumbnail","6":"product_cat-masini-curatare-pardoseli-duplex","7":"product_shipping_class-livrare-gratuita","8":"desktop-align-center","9":"tablet-align-left","10":"mobile-align-left","11":"ast-product-gallery-layout-horizontal-slider","12":"ast-product-tabs-layout-horizontal","13":"ast-qv-on-image","15":"first","16":"instock","17":"taxable","18":"shipping-taxable","19":"purchasable","20":"product-type-simple"},"acf":[],"_links":{"self":[{"href":"https:\/\/accacia.ro\/en\/wp-json\/wp\/v2\/product\/406328","targetHints":{"allow":["GET"]}}],"collection":[{"href":"https:\/\/accacia.ro\/en\/wp-json\/wp\/v2\/product"}],"about":[{"href":"https:\/\/accacia.ro\/en\/wp-json\/wp\/v2\/types\/product"}],"wp:featuredmedia":[{"embeddable":true,"href":"https:\/\/accacia.ro\/en\/wp-json\/wp\/v2\/media\/392206"}],"wp:attachment":[{"href":"https:\/\/accacia.ro\/en\/wp-json\/wp\/v2\/media?parent=406328"}],"wp:term":[{"taxonomy":"product_brand","embeddable":true,"href":"https:\/\/accacia.ro\/en\/wp-json\/wp\/v2\/product_brand?post=406328"},{"taxonomy":"product_cat","embeddable":true,"href":"https:\/\/accacia.ro\/en\/wp-json\/wp\/v2\/product_cat?post=406328"},{"taxonomy":"product_tag","embeddable":true,"href":"https:\/\/accacia.ro\/en\/wp-json\/wp\/v2\/product_tag?post=406328"}],"curies":[{"name":"wp","href":"https:\/\/api.w.org\/{rel}","templated":true}]}}