{"id":406329,"date":"2026-01-30T09:53:03","date_gmt":"2026-01-30T07:53:03","guid":{"rendered":"https:\/\/accacia.ro\/?post_type=product&#038;p=406329"},"modified":"2026-02-26T14:32:06","modified_gmt":"2026-02-26T12:32:06","slug":"echipament-curatare-cu-aburi-duplex-420-steam-plus","status":"publish","type":"product","link":"https:\/\/accacia.ro\/en\/product\/echipament-curatare-cu-aburi-duplex-420-steam-plus\/","title":{"rendered":"Steam cleaning equipment DUPLEX 420 STEAM PLUS"},"content":{"rendered":"<h2>Descriere general\u0103<\/h2>\n<p>Steam cleaning equipment DUPLEX 420 STEAM PLUS<br \/>\nEfficient and extremely easy to use: steam is particularly good at cleaning soft surfaces such as carpets and carpet tiles, as it does not wet the fabric and revitalizes the fibres.<br \/>\nIt is equipped with two tanks: one acts as a boiler, while the other holds and releases water. The machine can also be used on a conventional floor with detergent solutions.<br \/>\n130 \u00b0 steam jet: makes the most stubborn dirt easy to remove.<br \/>\nTotal cleaning of the most difficult areas of the floor: Duplex 420 Steam Plus cleans under furniture, along the side width and in hard-to-reach corners.<br \/>\nBi-Directionality: The innovative design and maneuverability allow the user to reverse the direction of the Duplex 420 Steam Plus simply by reversing the handle. This REVERSAL makes it easy to clean from right to left \/ back and forth and vice versa \u2013 especially in tight spaces.<br \/>\nPerfectly balanced: compact design, centrally located brushes and tanks, centrally positioned motor. <\/p>\n<p> TECHNICAL SPECIFICATIONS <\/p>\n<p> Working surface<br \/>\n 300-500 M\u00b2\/h <\/p>\n<p> Washing width<br \/>\n 350 mm <\/p>\n<p> Dimensions<br \/>\n mm 430x420x250h <\/p>\n<p> Number of brushes<br \/>\n 2 <\/p>\n<p> Power supply<br \/>\n Heart <\/p>\n<p> Voltage<br \/>\n 115-240 Volts <\/p>\n<p> Frequency<br \/>\n 60\/50 Hz <\/p>\n<p> Noise level<br \/>\n &lt;64 dBA <\/p>\n<p> Tank solution<br \/>\n 2.7 Lt <\/p>\n<p> Recovery tank<br \/>\n 2.3 Lt <\/p>\n<p> Brushes speed<br \/>\n 650-750 rpm <\/p>\n<p> Brush pressure<br \/>\n 210 gr\/cm2 <\/p>\n<p> Weight<br \/>\n 31.6 kg <\/p>\n<p> Absorbed power<br \/>\n (240V 50Hz) 1000\/1340 watt and (115 V-60Hz) 1000\/900 watt <\/p>\n<p> Steam jet width<br \/>\n 330 mm <\/p>\n<h2>Caracteristici tehnice<\/h2>\n<p>&#8211; Greutate: 36.0 kg<\/p>\n<h2>Beneficii pentru hoteluri<\/h2>\n<p>&#8211; Conceput pentru utilizare intensiv\u0103 \u00een regim hotelier<br \/>\n&#8211; Contribuie la cre\u0219terea confortului \u0219i satisfac\u021biei oaspe\u021bilor<br \/>\n&#8211; Sus\u021bine standardele de calitate \u0219i imagine ale unit\u0103\u021bii de cazare<\/p>\n<h2>Recomand\u0103ri de utilizare<\/h2>\n<p>&#8211; Potrivit pentru hoteluri, pensiuni, resorturi \u0219i apart-hoteluri<br \/>\n&#8211; Recomandat pentru proiecte noi, renov\u0103ri sau standardiz\u0103ri de lan\u021b hotelier<br \/>\n&#8211; Integrare facil\u0103 \u00een fluxurile opera\u021bionale de housekeeping \u0219i front-office<\/p>","protected":false},"excerpt":{"rendered":"<p>Echipament curatare cu aburi DUPLEX 420 STEAM PLUS \u2013 dotare profesional\u0103 pentru industria hotelier\u0103, conceput\u0103 pentru utilizare intensiv\u0103 \u0219i pentru a oferi fiabilitate \u0219i confort oaspe\u021bilor.<\/p>","protected":false},"featured_media":826,"template":"","meta":{"_acf_changed":false,"site-sidebar-layout":"","site-content-layout":"","ast-site-content-layout":"","site-content-style":"","site-sidebar-style":"","ast-global-header-display":"","ast-banner-title-visibility":"","ast-main-header-display":"","ast-hfb-above-header-display":"","ast-hfb-below-header-display":"","ast-hfb-mobile-header-display":"","site-post-title":"","ast-breadcrumbs-content":"","ast-featured-img":"","footer-sml-layout":"","ast-disable-related-posts":"","theme-transparent-header-meta":"","adv-header-id-meta":"","stick-header-meta":"","header-above-stick-meta":"","header-main-stick-meta":"","header-below-stick-meta":"","astra-migrate-meta-layouts":"","ast-page-background-enabled":"default","ast-page-background-meta":{"desktop":{"background-color":"","background-image":"","background-repeat":"repeat","background-position":"center center","background-size":"auto","background-attachment":"scroll","background-type":"","background-media":"","overlay-type":"","overlay-color":"","overlay-opacity":"","overlay-gradient":""},"tablet":{"background-color":"","background-image":"","background-repeat":"repeat","background-position":"center center","background-size":"auto","background-attachment":"scroll","background-type":"","background-media":"","overlay-type":"","overlay-color":"","overlay-opacity":"","overlay-gradient":""},"mobile":{"background-color":"","background-image":"","background-repeat":"repeat","background-position":"center center","background-size":"auto","background-attachment":"scroll","background-type":"","background-media":"","overlay-type":"","overlay-color":"","overlay-opacity":"","overlay-gradient":""}},"ast-content-background-meta":{"desktop":{"background-color":"var(--ast-global-color-5)","background-image":"","background-repeat":"repeat","background-position":"center center","background-size":"auto","background-attachment":"scroll","background-type":"","background-media":"","overlay-type":"","overlay-color":"","overlay-opacity":"","overlay-gradient":""},"tablet":{"background-color":"var(--ast-global-color-5)","background-image":"","background-repeat":"repeat","background-position":"center center","background-size":"auto","background-attachment":"scroll","background-type":"","background-media":"","overlay-type":"","overlay-color":"","overlay-opacity":"","overlay-gradient":""},"mobile":{"background-color":"var(--ast-global-color-5)","background-image":"","background-repeat":"repeat","background-position":"center center","background-size":"auto","background-attachment":"scroll","background-type":"","background-media":"","overlay-type":"","overlay-color":"","overlay-opacity":"","overlay-gradient":""}}},"product_brand":[],"product_cat":[369],"product_tag":[],"class_list":{"0":"post-406329","1":"product","2":"type-product","3":"status-publish","4":"has-post-thumbnail","6":"product_cat-masini-curatare-pardoseli-duplex","7":"desktop-align-center","8":"tablet-align-left","9":"mobile-align-left","10":"ast-product-gallery-layout-horizontal-slider","11":"ast-product-tabs-layout-horizontal","12":"ast-qv-on-image","14":"first","15":"instock","16":"taxable","17":"shipping-taxable","18":"purchasable","19":"product-type-simple"},"acf":[],"_links":{"self":[{"href":"https:\/\/accacia.ro\/en\/wp-json\/wp\/v2\/product\/406329","targetHints":{"allow":["GET"]}}],"collection":[{"href":"https:\/\/accacia.ro\/en\/wp-json\/wp\/v2\/product"}],"about":[{"href":"https:\/\/accacia.ro\/en\/wp-json\/wp\/v2\/types\/product"}],"wp:featuredmedia":[{"embeddable":true,"href":"https:\/\/accacia.ro\/en\/wp-json\/wp\/v2\/media\/826"}],"wp:attachment":[{"href":"https:\/\/accacia.ro\/en\/wp-json\/wp\/v2\/media?parent=406329"}],"wp:term":[{"taxonomy":"product_brand","embeddable":true,"href":"https:\/\/accacia.ro\/en\/wp-json\/wp\/v2\/product_brand?post=406329"},{"taxonomy":"product_cat","embeddable":true,"href":"https:\/\/accacia.ro\/en\/wp-json\/wp\/v2\/product_cat?post=406329"},{"taxonomy":"product_tag","embeddable":true,"href":"https:\/\/accacia.ro\/en\/wp-json\/wp\/v2\/product_tag?post=406329"}],"curies":[{"name":"wp","href":"https:\/\/api.w.org\/{rel}","templated":true}]}}