{"id":406330,"date":"2026-01-30T09:53:03","date_gmt":"2026-01-30T07:53:03","guid":{"rendered":"https:\/\/accacia.ro\/?post_type=product&#038;p=406330"},"modified":"2026-02-26T14:32:06","modified_gmt":"2026-02-26T12:32:06","slug":"masina-curatat-podele-cu-aburi-duplex-620-steam-plus","status":"publish","type":"product","link":"https:\/\/accacia.ro\/en\/product\/masina-curatat-podele-cu-aburi-duplex-620-steam-plus\/","title":{"rendered":"Steam floor cleaning machine DUPLEX 620 STEAM PLUS"},"content":{"rendered":"<h2>Descriere general\u0103<\/h2>\n<p>DUPLEX 620 STEAM PLUS<br \/>\nProfessional steam cleaning<br \/>\nThe Duplex 620 Steamplus floor steam cleaner with a cleaning width of 620 mm provides &quot;edge&quot; cleaning on all floor surfaces, along walls and in corners. <\/p>\n<p>The steam is supplied to one of the counter-rotating brushes and therefore the floors are left sanitized and practically dry immediately. <\/p>\n<p>Its support panels and entire structure are die-cast aluminum, while the accessory housing is impact-resistant and the brush support panels are stainless steel. <\/p>\n<p>The 130\u00b0 steam jet, directed at the floor, makes it easy to remove even the most stubborn dirt. <\/p>\n<p>The machine is also supplied with standard liquid reservoirs, allowing it to be used in steam or liquid cleaning mode as required. A range <\/p>\n<p>different types of brushes are available to suit different types of floors. <\/p>\n<p>The compact design makes the Duplex 620 Steamplus easy to use and maneuver in both forward and reverse directions, and steam combines with brush agitation to produce powerful cleaning and sanitizing results. <\/p>\n<p>Thousands of bristles are inserted diagonally across the width of each brush, which rotates at 600 rpm to provide a truly thorough clean. They actively lift dirt, water and grime from the floor, leaving it clean, sanitized and dry. <\/p>\n<p>Duplex 620 Steamplus is great on carpets, tiles, wood, marble, vinyl, Timbersafe, Flotex, Marley, carpet tiles, safety floors, resin floors and more. <\/p>\n<p> Technical specifications:<br \/>\nWork surface 550 M\u00b2\/h<br \/>\nWashing width 500-800 mm<br \/>\nDimensions mm 430x620x250h<br \/>\nNumber of brushes 2<br \/>\nElectric supply Cord<br \/>\nVoltage 240 Volt<br \/>\nFrequency 50 Hz<br \/>\nNoise level &lt; 64 dBA<br \/>\nSolution tank 4.75 Lt<br \/>\nDirt tank 3.6 Lt<br \/>\nBrush speed 650-750 rpm<br \/>\nBrush pressure 190 gr\/cm2<br \/>\nWeight 43 kg<br \/>\nAbsorbed power EU 1600 + 1340 watts<br \/>\nSteam jet width 530 mm<\/p>\n<h2>Beneficii pentru hoteluri<\/h2>\n<p>&#8211; Conceput pentru utilizare intensiv\u0103 \u00een regim hotelier<br \/>\n&#8211; Contribuie la cre\u0219terea confortului \u0219i satisfac\u021biei oaspe\u021bilor<br \/>\n&#8211; Sus\u021bine standardele de calitate \u0219i imagine ale unit\u0103\u021bii de cazare<\/p>\n<h2>Recomand\u0103ri de utilizare<\/h2>\n<p>&#8211; Potrivit pentru hoteluri, pensiuni, resorturi \u0219i apart-hoteluri<br \/>\n&#8211; Recomandat pentru proiecte noi, renov\u0103ri sau standardiz\u0103ri de lan\u021b hotelier<br \/>\n&#8211; Integrare facil\u0103 \u00een fluxurile opera\u021bionale de housekeeping \u0219i front-office<\/p>","protected":false},"excerpt":{"rendered":"<p>Masina curatat podele cu aburi DUPLEX 620 STEAM PLUS \u2013 dotare profesional\u0103 pentru industria hotelier\u0103, conceput\u0103 pentru utilizare intensiv\u0103 \u0219i pentru a oferi fiabilitate \u0219i confort oaspe\u021bilor.<\/p>","protected":false},"featured_media":829,"template":"","meta":{"_acf_changed":false,"site-sidebar-layout":"","site-content-layout":"","ast-site-content-layout":"","site-content-style":"","site-sidebar-style":"","ast-global-header-display":"","ast-banner-title-visibility":"","ast-main-header-display":"","ast-hfb-above-header-display":"","ast-hfb-below-header-display":"","ast-hfb-mobile-header-display":"","site-post-title":"","ast-breadcrumbs-content":"","ast-featured-img":"","footer-sml-layout":"","ast-disable-related-posts":"","theme-transparent-header-meta":"","adv-header-id-meta":"","stick-header-meta":"","header-above-stick-meta":"","header-main-stick-meta":"","header-below-stick-meta":"","astra-migrate-meta-layouts":"","ast-page-background-enabled":"default","ast-page-background-meta":{"desktop":{"background-color":"","background-image":"","background-repeat":"repeat","background-position":"center center","background-size":"auto","background-attachment":"scroll","background-type":"","background-media":"","overlay-type":"","overlay-color":"","overlay-opacity":"","overlay-gradient":""},"tablet":{"background-color":"","background-image":"","background-repeat":"repeat","background-position":"center center","background-size":"auto","background-attachment":"scroll","background-type":"","background-media":"","overlay-type":"","overlay-color":"","overlay-opacity":"","overlay-gradient":""},"mobile":{"background-color":"","background-image":"","background-repeat":"repeat","background-position":"center center","background-size":"auto","background-attachment":"scroll","background-type":"","background-media":"","overlay-type":"","overlay-color":"","overlay-opacity":"","overlay-gradient":""}},"ast-content-background-meta":{"desktop":{"background-color":"var(--ast-global-color-5)","background-image":"","background-repeat":"repeat","background-position":"center center","background-size":"auto","background-attachment":"scroll","background-type":"","background-media":"","overlay-type":"","overlay-color":"","overlay-opacity":"","overlay-gradient":""},"tablet":{"background-color":"var(--ast-global-color-5)","background-image":"","background-repeat":"repeat","background-position":"center center","background-size":"auto","background-attachment":"scroll","background-type":"","background-media":"","overlay-type":"","overlay-color":"","overlay-opacity":"","overlay-gradient":""},"mobile":{"background-color":"var(--ast-global-color-5)","background-image":"","background-repeat":"repeat","background-position":"center center","background-size":"auto","background-attachment":"scroll","background-type":"","background-media":"","overlay-type":"","overlay-color":"","overlay-opacity":"","overlay-gradient":""}}},"product_brand":[],"product_cat":[369],"product_tag":[],"class_list":{"0":"post-406330","1":"product","2":"type-product","3":"status-publish","4":"has-post-thumbnail","6":"product_cat-masini-curatare-pardoseli-duplex","7":"product_shipping_class-livrare-gratuita","8":"desktop-align-center","9":"tablet-align-left","10":"mobile-align-left","11":"ast-product-gallery-layout-horizontal-slider","12":"ast-product-tabs-layout-horizontal","13":"ast-qv-on-image","15":"first","16":"onbackorder","17":"taxable","18":"shipping-taxable","19":"purchasable","20":"product-type-simple"},"acf":[],"_links":{"self":[{"href":"https:\/\/accacia.ro\/en\/wp-json\/wp\/v2\/product\/406330","targetHints":{"allow":["GET"]}}],"collection":[{"href":"https:\/\/accacia.ro\/en\/wp-json\/wp\/v2\/product"}],"about":[{"href":"https:\/\/accacia.ro\/en\/wp-json\/wp\/v2\/types\/product"}],"wp:featuredmedia":[{"embeddable":true,"href":"https:\/\/accacia.ro\/en\/wp-json\/wp\/v2\/media\/829"}],"wp:attachment":[{"href":"https:\/\/accacia.ro\/en\/wp-json\/wp\/v2\/media?parent=406330"}],"wp:term":[{"taxonomy":"product_brand","embeddable":true,"href":"https:\/\/accacia.ro\/en\/wp-json\/wp\/v2\/product_brand?post=406330"},{"taxonomy":"product_cat","embeddable":true,"href":"https:\/\/accacia.ro\/en\/wp-json\/wp\/v2\/product_cat?post=406330"},{"taxonomy":"product_tag","embeddable":true,"href":"https:\/\/accacia.ro\/en\/wp-json\/wp\/v2\/product_tag?post=406330"}],"curies":[{"name":"wp","href":"https:\/\/api.w.org\/{rel}","templated":true}]}}