{"id":406381,"date":"2026-01-30T09:53:16","date_gmt":"2026-01-30T07:53:16","guid":{"rendered":"https:\/\/accacia.ro\/?post_type=product&#038;p=406381"},"modified":"2026-02-26T14:32:13","modified_gmt":"2026-02-26T12:32:13","slug":"papuci-unica-folosinta-confort","status":"publish","type":"product","link":"https:\/\/accacia.ro\/en\/product\/papuci-unica-folosinta-confort\/","title":{"rendered":"Papuci unica folosinta Confort 3mm"},"content":{"rendered":"<h2>Papuci unica folosinta Confort 3mm<\/h2>\n<h2>Descriere general\u0103<\/h2>\n<p>Papuci Unic\u0103 Folosin\u021b\u0103 Hotel &#8211; Confort \u0219i Igien\u0103 pentru Oaspe\u021bii T\u0103i<br \/>\nOfer\u0103 confort \u0219i igien\u0103 oaspe\u021bilor cu papuci de unic\u0103 folosin\u021b\u0103 ieftini special crea\u021bi pentru hoteluri.<\/p>\n<p>Realiza\u021bi din materiale moi, ace\u0219ti papuci asigur\u0103 o experien\u021b\u0103 pl\u0103cut\u0103, protej\u00e2nd picioarele pe parcursul sejurului. Ideali pentru utilizare \u00een camere de hotel, spa sau piscine, ace\u0219tia sunt practici \u0219i igienici, contribuind la men\u021binerea standardelor ridicate de cur\u0103\u021benie.<\/p>\n<p>Papucii de unic\u0103 folosin\u021b\u0103 sunt disponibili \u00een diverse modele \u0219i m\u0103rimi, potrivindu-se tuturor nevoilor.<\/p>\n<p>Alege calitatea \u0219i confortul pentru oaspe\u021bi, cu papuci hotelieri de unic\u0103 folosin\u021b\u0103.<\/p>\n<p>Papuci unica folosinta Accacia Confort:<\/p>\n<p>COD PRODUS Papuci Confort<br \/>\nMODEL Confort 3 mm, alb<br \/>\nTALPA INFERIORA 29&#215;11 cm , material EVA 3 mm<br \/>\nTALPA SUPERIORA Burete 2 mm + material polyester Confort<br \/>\nSUPERIOR 18&#215;11 cm , material polyester Confort + PP netesut<br \/>\nAMBALAJ 1 pereche in punga transparenta , 150 perechi\/cutie<\/p>\n<p>CANTITATE MINIMA COMANDA 1 bax a 150 perechi de papuci<\/p>\n<h2>Caracteristici tehnice<\/h2>\n<p>&#8211; Dimensiuni aproximative: 53.0 x 31.0 x 51.0 cm<br \/>\n&#8211; Greutate: 8.0 kg<\/p>\n<h2>Beneficii pentru hoteluri<\/h2>\n<p>&#8211; Conceput pentru utilizare intensiv\u0103 \u00een regim hotelier<br \/>\n&#8211; Contribuie la cre\u0219terea confortului \u0219i satisfac\u021biei oaspe\u021bilor<br \/>\n&#8211; Sus\u021bine standardele de calitate \u0219i imagine ale unit\u0103\u021bii de cazare<\/p>\n<h2>Recomand\u0103ri de utilizare<\/h2>\n<p>&#8211; Potrivit pentru hoteluri, pensiuni, resorturi \u0219i apart-hoteluri<br \/>\n&#8211; Recomandat pentru proiecte noi, renov\u0103ri sau standardiz\u0103ri de lan\u021b hotelier<br \/>\n&#8211; Integrare facil\u0103 \u00een fluxurile opera\u021bionale de housekeeping \u0219i front-office<\/p>","protected":false},"excerpt":{"rendered":"<p>Papuci unica folosinta Confort \u2013 dotare profesional\u0103 pentru industria hotelier\u0103, conceput\u0103 pentru utilizare intensiv\u0103 \u0219i pentru a oferi fiabilitate \u0219i confort oaspe\u021bilor. \u00cen\u0103l\u021bime aproximativ\u0103: 51.0 cm. Dimensiuni aprox.: 53.0 x 31.0 cm.<\/p>","protected":false},"featured_media":397120,"template":"","meta":{"_acf_changed":false,"site-sidebar-layout":"default","site-content-layout":"","ast-site-content-layout":"default","site-content-style":"default","site-sidebar-style":"default","ast-global-header-display":"","ast-banner-title-visibility":"","ast-main-header-display":"","ast-hfb-above-header-display":"","ast-hfb-below-header-display":"","ast-hfb-mobile-header-display":"","site-post-title":"","ast-breadcrumbs-content":"","ast-featured-img":"","footer-sml-layout":"","ast-disable-related-posts":"","theme-transparent-header-meta":"default","adv-header-id-meta":"","stick-header-meta":"default","header-above-stick-meta":"","header-main-stick-meta":"","header-below-stick-meta":"","astra-migrate-meta-layouts":"set","ast-page-background-enabled":"default","ast-page-background-meta":{"desktop":{"background-color":"","background-image":"","background-repeat":"repeat","background-position":"center center","background-size":"auto","background-attachment":"scroll","background-type":"","background-media":"","overlay-type":"","overlay-color":"","overlay-opacity":"","overlay-gradient":""},"tablet":{"background-color":"","background-image":"","background-repeat":"repeat","background-position":"center center","background-size":"auto","background-attachment":"scroll","background-type":"","background-media":"","overlay-type":"","overlay-color":"","overlay-opacity":"","overlay-gradient":""},"mobile":{"background-color":"","background-image":"","background-repeat":"repeat","background-position":"center center","background-size":"auto","background-attachment":"scroll","background-type":"","background-media":"","overlay-type":"","overlay-color":"","overlay-opacity":"","overlay-gradient":""}},"ast-content-background-meta":{"desktop":{"background-color":"var(--ast-global-color-5)","background-image":"","background-repeat":"repeat","background-position":"center center","background-size":"auto","background-attachment":"scroll","background-type":"","background-media":"","overlay-type":"","overlay-color":"","overlay-opacity":"","overlay-gradient":""},"tablet":{"background-color":"var(--ast-global-color-5)","background-image":"","background-repeat":"repeat","background-position":"center center","background-size":"auto","background-attachment":"scroll","background-type":"","background-media":"","overlay-type":"","overlay-color":"","overlay-opacity":"","overlay-gradient":""},"mobile":{"background-color":"var(--ast-global-color-5)","background-image":"","background-repeat":"repeat","background-position":"center center","background-size":"auto","background-attachment":"scroll","background-type":"","background-media":"","overlay-type":"","overlay-color":"","overlay-opacity":"","overlay-gradient":""}}},"product_brand":[730],"product_cat":[485],"product_tag":[727,1394,728,726,729,624],"class_list":{"0":"post-406381","1":"product","2":"type-product","3":"status-publish","4":"has-post-thumbnail","6":"product_brand-accacia","7":"product_cat-prosoape-halate-papuci","8":"product_tag-papuci-hotel","9":"product_tag-papuci-hotel-ieftini","10":"product_tag-papuci-hotelieri","11":"product_tag-papuci-ieftini","12":"product_tag-papuci-spa","13":"product_tag-papuci-unica-folosinta","14":"product_shipping_class-taxe-livrare","15":"desktop-align-center","16":"tablet-align-left","17":"mobile-align-left","18":"ast-product-gallery-layout-horizontal-slider","19":"ast-product-tabs-layout-horizontal","20":"ast-qv-on-image","22":"first","23":"instock","24":"taxable","25":"shipping-taxable","26":"purchasable","27":"product-type-simple"},"acf":[],"_links":{"self":[{"href":"https:\/\/accacia.ro\/en\/wp-json\/wp\/v2\/product\/406381","targetHints":{"allow":["GET"]}}],"collection":[{"href":"https:\/\/accacia.ro\/en\/wp-json\/wp\/v2\/product"}],"about":[{"href":"https:\/\/accacia.ro\/en\/wp-json\/wp\/v2\/types\/product"}],"wp:featuredmedia":[{"embeddable":true,"href":"https:\/\/accacia.ro\/en\/wp-json\/wp\/v2\/media\/397120"}],"wp:attachment":[{"href":"https:\/\/accacia.ro\/en\/wp-json\/wp\/v2\/media?parent=406381"}],"wp:term":[{"taxonomy":"product_brand","embeddable":true,"href":"https:\/\/accacia.ro\/en\/wp-json\/wp\/v2\/product_brand?post=406381"},{"taxonomy":"product_cat","embeddable":true,"href":"https:\/\/accacia.ro\/en\/wp-json\/wp\/v2\/product_cat?post=406381"},{"taxonomy":"product_tag","embeddable":true,"href":"https:\/\/accacia.ro\/en\/wp-json\/wp\/v2\/product_tag?post=406381"}],"curies":[{"name":"wp","href":"https:\/\/api.w.org\/{rel}","templated":true}]}}