{"id":406382,"date":"2026-01-30T09:53:16","date_gmt":"2026-01-30T07:53:16","guid":{"rendered":"https:\/\/accacia.ro\/?post_type=product&#038;p=406382"},"modified":"2026-02-26T14:32:13","modified_gmt":"2026-02-26T12:32:13","slug":"papuci-unica-folosinta-confort-plus","status":"publish","type":"product","link":"https:\/\/accacia.ro\/en\/product\/papuci-unica-folosinta-confort-plus\/","title":{"rendered":"Papuci Unica Folosinta Confort Plus 5mm"},"content":{"rendered":"<h2>Papuci Unica Folosinta Confort Plus 5mm<\/h2>\n<h2>Descriere general\u0103<\/h2>\n<p>Papuci Unic\u0103 Folosin\u021b\u0103 Talp\u0103 5mm Extra Confort &#8211; Alegerea Ideal\u0103 pentru Relaxare \u0219i Igien\u0103<br \/>\nOfer\u0103 oaspe\u021bilor t\u0103i confort premium cu papuci de unic\u0103 folosin\u021b\u0103 cu talp\u0103 de 5mm, special concepu\u021bi pentru extra confort. Ace\u0219ti papuci sunt realiza\u021bi din materiale de calitate superioar\u0103, av\u00e2nd o talp\u0103 groas\u0103 ce asigur\u0103 o senza\u021bie pl\u0103cut\u0103 \u0219i o protec\u021bie optim\u0103 pentru picioare. Perfecti pentru hoteluri, spa-uri sau centre de wellness, papucii cu talp\u0103 de 5mm aduc un plus de relaxare \u0219i igien\u0103, oferind o experien\u021b\u0103 de neuitat. Alege papuci de unic\u0103 folosin\u021b\u0103 cu talp\u0103 extra confort pentru oaspe\u021bi mul\u021bumi\u021bi \u0219i standarde ridicate.<\/p>\n<p>Accacia Romania va ofera, cu livrare nationala, papuci unica folosinta Confort Plus pentru hoteluri de 4****+ si 5 stele.<\/p>\n<p>DENUMIRE Papuci unica folosinta Confort Plus<\/p>\n<p>COD PRODUS ACC-PFR,<\/p>\n<p>MODEL Confort Plus 5 mm, alb<\/p>\n<p>TALPA INFERIOR 29&#215;11 cm , material EVA 5 mm , talpa dubla<\/p>\n<p>TALPA SUPERIOR Extra strat din carton + Burete 7 mm + material polyester Confort Plus<\/p>\n<p>SUPERIOR 18&#215;11 cm , 2 straturi , material polyester Confort Plus + burete 5 mm + netesut<\/p>\n<p>AMBALAJ 1 pereche in punga transparenta , 100 perechi\/cutie<\/p>\n<p>CANTITATE MINIMA COMANDA 1 cutie<\/p>\n<h2>Caracteristici tehnice<\/h2>\n<p>&#8211; Dimensiuni aproximative: 53.0 x 31.0 x 51.0 cm<br \/>\n&#8211; Greutate: 8.0 kg<\/p>\n<h2>Beneficii pentru hoteluri<\/h2>\n<p>&#8211; Conceput pentru utilizare intensiv\u0103 \u00een regim hotelier<br \/>\n&#8211; Contribuie la cre\u0219terea confortului \u0219i satisfac\u021biei oaspe\u021bilor<br \/>\n&#8211; Sus\u021bine standardele de calitate \u0219i imagine ale unit\u0103\u021bii de cazare<\/p>\n<h2>Recomand\u0103ri de utilizare<\/h2>\n<p>&#8211; Potrivit pentru hoteluri, pensiuni, resorturi \u0219i apart-hoteluri<br \/>\n&#8211; Recomandat pentru proiecte noi, renov\u0103ri sau standardiz\u0103ri de lan\u021b hotelier<br \/>\n&#8211; Integrare facil\u0103 \u00een fluxurile opera\u021bionale de housekeeping \u0219i front-office<\/p>","protected":false},"excerpt":{"rendered":"<p>Papuci Unica Folosinta Confort Plus \u2013 dotare profesional\u0103 pentru industria hotelier\u0103, conceput\u0103 pentru utilizare intensiv\u0103 \u0219i pentru a oferi fiabilitate \u0219i confort oaspe\u021bilor. \u00cen\u0103l\u021bime aproximativ\u0103: 51.0 cm. Dimensiuni aprox.: 53.0 x 31.0 cm.<\/p>","protected":false},"featured_media":397121,"template":"","meta":{"_acf_changed":false,"site-sidebar-layout":"default","site-content-layout":"","ast-site-content-layout":"default","site-content-style":"default","site-sidebar-style":"default","ast-global-header-display":"","ast-banner-title-visibility":"","ast-main-header-display":"","ast-hfb-above-header-display":"","ast-hfb-below-header-display":"","ast-hfb-mobile-header-display":"","site-post-title":"","ast-breadcrumbs-content":"","ast-featured-img":"","footer-sml-layout":"","ast-disable-related-posts":"","theme-transparent-header-meta":"default","adv-header-id-meta":"","stick-header-meta":"default","header-above-stick-meta":"","header-main-stick-meta":"","header-below-stick-meta":"","astra-migrate-meta-layouts":"set","ast-page-background-enabled":"default","ast-page-background-meta":{"desktop":{"background-color":"","background-image":"","background-repeat":"repeat","background-position":"center center","background-size":"auto","background-attachment":"scroll","background-type":"","background-media":"","overlay-type":"","overlay-color":"","overlay-opacity":"","overlay-gradient":""},"tablet":{"background-color":"","background-image":"","background-repeat":"repeat","background-position":"center center","background-size":"auto","background-attachment":"scroll","background-type":"","background-media":"","overlay-type":"","overlay-color":"","overlay-opacity":"","overlay-gradient":""},"mobile":{"background-color":"","background-image":"","background-repeat":"repeat","background-position":"center center","background-size":"auto","background-attachment":"scroll","background-type":"","background-media":"","overlay-type":"","overlay-color":"","overlay-opacity":"","overlay-gradient":""}},"ast-content-background-meta":{"desktop":{"background-color":"var(--ast-global-color-5)","background-image":"","background-repeat":"repeat","background-position":"center center","background-size":"auto","background-attachment":"scroll","background-type":"","background-media":"","overlay-type":"","overlay-color":"","overlay-opacity":"","overlay-gradient":""},"tablet":{"background-color":"var(--ast-global-color-5)","background-image":"","background-repeat":"repeat","background-position":"center center","background-size":"auto","background-attachment":"scroll","background-type":"","background-media":"","overlay-type":"","overlay-color":"","overlay-opacity":"","overlay-gradient":""},"mobile":{"background-color":"var(--ast-global-color-5)","background-image":"","background-repeat":"repeat","background-position":"center center","background-size":"auto","background-attachment":"scroll","background-type":"","background-media":"","overlay-type":"","overlay-color":"","overlay-opacity":"","overlay-gradient":""}}},"product_brand":[],"product_cat":[485],"product_tag":[1395,624],"class_list":{"0":"post-406382","1":"product","2":"type-product","3":"status-publish","4":"has-post-thumbnail","6":"product_cat-prosoape-halate-papuci","7":"product_tag-papuci-hotel-5mm","8":"product_tag-papuci-unica-folosinta","9":"product_shipping_class-taxe-livrare","10":"desktop-align-center","11":"tablet-align-left","12":"mobile-align-left","13":"ast-product-gallery-layout-horizontal-slider","14":"ast-product-tabs-layout-horizontal","15":"ast-qv-on-image","17":"first","18":"instock","19":"taxable","20":"shipping-taxable","21":"purchasable","22":"product-type-simple"},"acf":[],"_links":{"self":[{"href":"https:\/\/accacia.ro\/en\/wp-json\/wp\/v2\/product\/406382","targetHints":{"allow":["GET"]}}],"collection":[{"href":"https:\/\/accacia.ro\/en\/wp-json\/wp\/v2\/product"}],"about":[{"href":"https:\/\/accacia.ro\/en\/wp-json\/wp\/v2\/types\/product"}],"wp:featuredmedia":[{"embeddable":true,"href":"https:\/\/accacia.ro\/en\/wp-json\/wp\/v2\/media\/397121"}],"wp:attachment":[{"href":"https:\/\/accacia.ro\/en\/wp-json\/wp\/v2\/media?parent=406382"}],"wp:term":[{"taxonomy":"product_brand","embeddable":true,"href":"https:\/\/accacia.ro\/en\/wp-json\/wp\/v2\/product_brand?post=406382"},{"taxonomy":"product_cat","embeddable":true,"href":"https:\/\/accacia.ro\/en\/wp-json\/wp\/v2\/product_cat?post=406382"},{"taxonomy":"product_tag","embeddable":true,"href":"https:\/\/accacia.ro\/en\/wp-json\/wp\/v2\/product_tag?post=406382"}],"curies":[{"name":"wp","href":"https:\/\/api.w.org\/{rel}","templated":true}]}}