{"id":406405,"date":"2026-01-30T09:53:24","date_gmt":"2026-01-30T07:53:24","guid":{"rendered":"https:\/\/accacia.ro\/?post_type=product&#038;p=406405"},"modified":"2026-02-26T14:32:17","modified_gmt":"2026-02-26T12:32:17","slug":"aspirator-lichide-si-praft-egetech-2400w","status":"publish","type":"product","link":"https:\/\/accacia.ro\/en\/product\/aspirator-lichide-si-praft-egetech-2400w\/","title":{"rendered":"Liquid and dust vacuum cleaner EGETECH 2400W"},"content":{"rendered":"<h2>Descriere general\u0103<\/h2>\n<p>Liquid and dust vacuum cleaner EGETECH KV72PL with 2 x motors total 2400W <\/p>\n<p> We present to you the new professional wet-dry vacuum cleaner with two Double Stage engines of the latest generation, compliant with the new European standards.<br \/>\nIt is available with ABS plastic or stainless steel tank.<br \/>\nA particularly durable and reliable vacuum cleaner for daily cleaning in any space.<br \/>\nThe conversion from dry to wet vacuuming is done in less than 90 seconds.<br \/>\nIdeal for daily cleaning in hotels, guesthouses, kindergartens, offices, public spaces, etc.<br \/>\nIt has a special suction power of up to 350 m3\/h.<br \/>\n Motor power \u2013 2 x 1100W-1200W<br \/>\n Voltage: 220-240V\/ 50-60Hz<br \/>\n Engine Type: 2 x Double Stage<br \/>\n Power cable: 10 m<br \/>\n Water column suction power: 2300mm H2O<br \/>\n Air flow: 350 m3\/h<br \/>\n Tank capacity: 70 L<br \/>\n Collection tank material: ABS plastic \/ Stainless steel<br \/>\n Net weight: 23 kg<br \/>\n Noise Level: 67 dB (class A)<br \/>\n Equipped with accessories for vacuuming narrow spaces, sofas, tiles and parquet.<br \/>\n Particularly resistant stainless steel tubes<br \/>\n Plastic hose without deformation memory.<br \/>\n The device has 4 filters that ensure a superior efficiency class for dust emissions in the air.<br \/>\n Dust and dirt collector basket.<br \/>\n Engine filter and water filter.<br \/>\n Trolley for easy handling and movement.<br \/>\n 12 month warranty.<br \/>\n MADE IN ITALY <\/p>\n<p> Product code: EGETECH KV72PL<\/p>\n<h2>Caracteristici tehnice<\/h2>\n<p>&#8211; Dimensiuni aproximative: 80.0 x 60.0 x 93.0 cm<br \/>\n&#8211; Greutate: 19.0 kg<\/p>\n<h2>Beneficii pentru hoteluri<\/h2>\n<p>&#8211; Conceput pentru utilizare intensiv\u0103 \u00een regim hotelier<br \/>\n&#8211; Contribuie la cre\u0219terea confortului \u0219i satisfac\u021biei oaspe\u021bilor<br \/>\n&#8211; Sus\u021bine standardele de calitate \u0219i imagine ale unit\u0103\u021bii de cazare<\/p>\n<h2>Recomand\u0103ri de utilizare<\/h2>\n<p>&#8211; Potrivit pentru hoteluri, pensiuni, resorturi \u0219i apart-hoteluri<br \/>\n&#8211; Recomandat pentru proiecte noi, renov\u0103ri sau standardiz\u0103ri de lan\u021b hotelier<br \/>\n&#8211; Integrare facil\u0103 \u00een fluxurile opera\u021bionale de housekeeping \u0219i front-office<\/p>","protected":false},"excerpt":{"rendered":"<p>Aspirator lichide si praft EGETECH 2400W \u2013 dotare profesional\u0103 pentru industria hotelier\u0103, conceput\u0103 pentru utilizare intensiv\u0103 \u0219i pentru a oferi fiabilitate \u0219i confort oaspe\u021bilor. \u00cen\u0103l\u021bime aproximativ\u0103: 93.0 cm. Dimensiuni aprox.: 80.0 x 60.0 cm.<\/p>","protected":false},"featured_media":1112,"template":"","meta":{"_acf_changed":false,"site-sidebar-layout":"default","site-content-layout":"","ast-site-content-layout":"default","site-content-style":"default","site-sidebar-style":"default","ast-global-header-display":"","ast-banner-title-visibility":"","ast-main-header-display":"","ast-hfb-above-header-display":"","ast-hfb-below-header-display":"","ast-hfb-mobile-header-display":"","site-post-title":"","ast-breadcrumbs-content":"","ast-featured-img":"","footer-sml-layout":"","ast-disable-related-posts":"","theme-transparent-header-meta":"default","adv-header-id-meta":"","stick-header-meta":"default","header-above-stick-meta":"","header-main-stick-meta":"","header-below-stick-meta":"","astra-migrate-meta-layouts":"set","ast-page-background-enabled":"default","ast-page-background-meta":{"desktop":{"background-color":"","background-image":"","background-repeat":"repeat","background-position":"center center","background-size":"auto","background-attachment":"scroll","background-type":"","background-media":"","overlay-type":"","overlay-color":"","overlay-opacity":"","overlay-gradient":""},"tablet":{"background-color":"","background-image":"","background-repeat":"repeat","background-position":"center center","background-size":"auto","background-attachment":"scroll","background-type":"","background-media":"","overlay-type":"","overlay-color":"","overlay-opacity":"","overlay-gradient":""},"mobile":{"background-color":"","background-image":"","background-repeat":"repeat","background-position":"center center","background-size":"auto","background-attachment":"scroll","background-type":"","background-media":"","overlay-type":"","overlay-color":"","overlay-opacity":"","overlay-gradient":""}},"ast-content-background-meta":{"desktop":{"background-color":"var(--ast-global-color-5)","background-image":"","background-repeat":"repeat","background-position":"center center","background-size":"auto","background-attachment":"scroll","background-type":"","background-media":"","overlay-type":"","overlay-color":"","overlay-opacity":"","overlay-gradient":""},"tablet":{"background-color":"var(--ast-global-color-5)","background-image":"","background-repeat":"repeat","background-position":"center center","background-size":"auto","background-attachment":"scroll","background-type":"","background-media":"","overlay-type":"","overlay-color":"","overlay-opacity":"","overlay-gradient":""},"mobile":{"background-color":"var(--ast-global-color-5)","background-image":"","background-repeat":"repeat","background-position":"center center","background-size":"auto","background-attachment":"scroll","background-type":"","background-media":"","overlay-type":"","overlay-color":"","overlay-opacity":"","overlay-gradient":""}}},"product_brand":[],"product_cat":[367],"product_tag":[],"class_list":{"0":"post-406405","1":"product","2":"type-product","3":"status-publish","4":"has-post-thumbnail","6":"product_cat-praf-si-de-lichide","7":"product_shipping_class-livrare-gratuita","8":"desktop-align-center","9":"tablet-align-left","10":"mobile-align-left","11":"ast-product-gallery-layout-horizontal-slider","12":"ast-product-gallery-with-no-image","13":"ast-product-tabs-layout-horizontal","14":"ast-qv-on-image","16":"first","17":"instock","18":"sale","19":"taxable","20":"shipping-taxable","21":"purchasable","22":"product-type-simple"},"acf":[],"_links":{"self":[{"href":"https:\/\/accacia.ro\/en\/wp-json\/wp\/v2\/product\/406405","targetHints":{"allow":["GET"]}}],"collection":[{"href":"https:\/\/accacia.ro\/en\/wp-json\/wp\/v2\/product"}],"about":[{"href":"https:\/\/accacia.ro\/en\/wp-json\/wp\/v2\/types\/product"}],"wp:featuredmedia":[{"embeddable":true,"href":"https:\/\/accacia.ro\/en\/wp-json\/wp\/v2\/media\/1112"}],"wp:attachment":[{"href":"https:\/\/accacia.ro\/en\/wp-json\/wp\/v2\/media?parent=406405"}],"wp:term":[{"taxonomy":"product_brand","embeddable":true,"href":"https:\/\/accacia.ro\/en\/wp-json\/wp\/v2\/product_brand?post=406405"},{"taxonomy":"product_cat","embeddable":true,"href":"https:\/\/accacia.ro\/en\/wp-json\/wp\/v2\/product_cat?post=406405"},{"taxonomy":"product_tag","embeddable":true,"href":"https:\/\/accacia.ro\/en\/wp-json\/wp\/v2\/product_tag?post=406405"}],"curies":[{"name":"wp","href":"https:\/\/api.w.org\/{rel}","templated":true}]}}