{"id":406406,"date":"2026-01-30T09:53:24","date_gmt":"2026-01-30T07:53:24","guid":{"rendered":"https:\/\/accacia.ro\/?post_type=product&#038;p=406406"},"modified":"2026-02-26T14:32:17","modified_gmt":"2026-02-26T12:32:17","slug":"spray-anti-tabac-eliminare-mirosuri","status":"publish","type":"product","link":"https:\/\/accacia.ro\/en\/product\/spray-anti-tabac-eliminare-mirosuri\/","title":{"rendered":"Anti-tobacco odor elimination spray"},"content":{"rendered":"<h2>Descriere general\u0103<\/h2>\n<p>SPRAY Odor Eliminator 500 ml - ELIMINATES UNPLEASANT ODORS<br \/>\n The new Odor Eliminator developed by Carpex has deodorizing agents in its contents to surround and trap unpleasant odors and create an atmosphere that is clean and smells good.<br \/>\n All you have left is to breathe deeply and enjoy the pleasant atmosphere.<br \/>\n Carpex Odor Eliminator; <\/p>\n<p> Miros alimente : Unele tipuri de alimente creeaz\u0103 un miros greu \u00een care sunt preg\u0103ti\u021bi. Eliminatorul a fost special conceput pentru mirosuri cum ar fi ceapa sos, alimente pr\u0103jite, broccoli \u0219i legume similare.<br \/>\n Miros de pe\u0219te: Mirosul de pe\u0219te \u0219i fructe de mare nu pleac\u0103 din cas\u0103 sau bucatarie timp de c\u00e2teva zile. Unele dintre componentele de miros ale acestor produse creeaz\u0103 un miros nepl\u0103cut atunci c\u00e2nd intr\u0103 \u00een contact cu aerul. Eliminatorul a fost dezvoltat pentru a elimina \u0219i rezolva aceste tipuri de mirosuri atat de neplacute. <\/p>\n<p> \u021aigar\u0103 si mirosul de tigara : Locurile \u00een care \u021big\u0103rile \u0219i trabucurile sunt fumate deterioreaza calitatea aerului \u0219i provoaca mirosuri proaste.<br \/>\n Hotel rooms in particular and smoking sections of restaurants can easily solve this problem with Carpex x odor. <\/p>\n<p> Mirosul de gunoi : Deseurile ce se acumuleaz\u0103 \u0219i nu sunt ventilate \u00eencep s\u0103 se descompun\u0103 \u00een timp, produc\u00e2nd bacterii care creeaz\u0103 mirosuri proaste. Acest produs este eficient \u00een eliminarea acestor tipuri de mirosuri. <\/p>\n<p> Baie : Aceasta este o problem\u0103 important\u0103 \u00eent\u00e2lnit\u0103 frecvent. Bacteriile \u0219i microorganismele trebuie s\u0103 fie controlate \u0219i trebuie s\u0103 se fac\u0103 cur\u0103\u021barea necesar\u0103.<br \/>\n Carpex eliminates unpleasant odors to create a clean environment. <\/p>\n<p> Miros de animale de companie : Nu conteaz\u0103 c\u00e2t de curati \u0219i bine \u00eengrijiti sunt animalele noastre de cas\u0103, ele pot elibera mirosuri neplacute. Tehnologia special dezvoltat\u0103 \u00een acest produs \u00eenconjoar\u0103 \u0219i capteaz\u0103 mirosurile proaste.<\/p>\n<h2>Caracteristici tehnice<\/h2>\n<p>&#8211; Greutate: 0.5 kg<\/p>\n<h2>Beneficii pentru hoteluri<\/h2>\n<p>&#8211; Conceput pentru utilizare intensiv\u0103 \u00een regim hotelier<br \/>\n&#8211; Contribuie la cre\u0219terea confortului \u0219i satisfac\u021biei oaspe\u021bilor<br \/>\n&#8211; Sus\u021bine standardele de calitate \u0219i imagine ale unit\u0103\u021bii de cazare<\/p>\n<h2>Recomand\u0103ri de utilizare<\/h2>\n<p>&#8211; Potrivit pentru hoteluri, pensiuni, resorturi \u0219i apart-hoteluri<br \/>\n&#8211; Recomandat pentru proiecte noi, renov\u0103ri sau standardiz\u0103ri de lan\u021b hotelier<br \/>\n&#8211; Integrare facil\u0103 \u00een fluxurile opera\u021bionale de housekeeping \u0219i front-office<\/p>","protected":false},"excerpt":{"rendered":"<p>Spray anti tabac eliminare mirosuri \u2013 dotare profesional\u0103 pentru industria hotelier\u0103, conceput\u0103 pentru utilizare intensiv\u0103 \u0219i pentru a oferi fiabilitate \u0219i confort oaspe\u021bilor.<\/p>","protected":false},"featured_media":1117,"template":"","meta":{"_acf_changed":false,"site-sidebar-layout":"default","site-content-layout":"","ast-site-content-layout":"default","site-content-style":"default","site-sidebar-style":"default","ast-global-header-display":"","ast-banner-title-visibility":"","ast-main-header-display":"","ast-hfb-above-header-display":"","ast-hfb-below-header-display":"","ast-hfb-mobile-header-display":"","site-post-title":"","ast-breadcrumbs-content":"","ast-featured-img":"","footer-sml-layout":"","ast-disable-related-posts":"","theme-transparent-header-meta":"default","adv-header-id-meta":"","stick-header-meta":"default","header-above-stick-meta":"","header-main-stick-meta":"","header-below-stick-meta":"","astra-migrate-meta-layouts":"set","ast-page-background-enabled":"default","ast-page-background-meta":{"desktop":{"background-color":"","background-image":"","background-repeat":"repeat","background-position":"center center","background-size":"auto","background-attachment":"scroll","background-type":"","background-media":"","overlay-type":"","overlay-color":"","overlay-opacity":"","overlay-gradient":""},"tablet":{"background-color":"","background-image":"","background-repeat":"repeat","background-position":"center center","background-size":"auto","background-attachment":"scroll","background-type":"","background-media":"","overlay-type":"","overlay-color":"","overlay-opacity":"","overlay-gradient":""},"mobile":{"background-color":"","background-image":"","background-repeat":"repeat","background-position":"center center","background-size":"auto","background-attachment":"scroll","background-type":"","background-media":"","overlay-type":"","overlay-color":"","overlay-opacity":"","overlay-gradient":""}},"ast-content-background-meta":{"desktop":{"background-color":"var(--ast-global-color-5)","background-image":"","background-repeat":"repeat","background-position":"center center","background-size":"auto","background-attachment":"scroll","background-type":"","background-media":"","overlay-type":"","overlay-color":"","overlay-opacity":"","overlay-gradient":""},"tablet":{"background-color":"var(--ast-global-color-5)","background-image":"","background-repeat":"repeat","background-position":"center center","background-size":"auto","background-attachment":"scroll","background-type":"","background-media":"","overlay-type":"","overlay-color":"","overlay-opacity":"","overlay-gradient":""},"mobile":{"background-color":"var(--ast-global-color-5)","background-image":"","background-repeat":"repeat","background-position":"center center","background-size":"auto","background-attachment":"scroll","background-type":"","background-media":"","overlay-type":"","overlay-color":"","overlay-opacity":"","overlay-gradient":""}}},"product_brand":[],"product_cat":[578],"product_tag":[591],"class_list":{"0":"post-406406","1":"product","2":"type-product","3":"status-publish","4":"has-post-thumbnail","6":"product_cat-parfumare-ambientala","7":"product_tag-spray-ambiental","8":"product_shipping_class-livrare-gratuita","9":"desktop-align-center","10":"tablet-align-left","11":"mobile-align-left","12":"ast-product-gallery-layout-horizontal-slider","13":"ast-product-tabs-layout-horizontal","14":"ast-qv-on-image","16":"first","17":"instock","18":"sale","19":"taxable","20":"shipping-taxable","21":"purchasable","22":"product-type-simple"},"acf":[],"_links":{"self":[{"href":"https:\/\/accacia.ro\/en\/wp-json\/wp\/v2\/product\/406406","targetHints":{"allow":["GET"]}}],"collection":[{"href":"https:\/\/accacia.ro\/en\/wp-json\/wp\/v2\/product"}],"about":[{"href":"https:\/\/accacia.ro\/en\/wp-json\/wp\/v2\/types\/product"}],"wp:featuredmedia":[{"embeddable":true,"href":"https:\/\/accacia.ro\/en\/wp-json\/wp\/v2\/media\/1117"}],"wp:attachment":[{"href":"https:\/\/accacia.ro\/en\/wp-json\/wp\/v2\/media?parent=406406"}],"wp:term":[{"taxonomy":"product_brand","embeddable":true,"href":"https:\/\/accacia.ro\/en\/wp-json\/wp\/v2\/product_brand?post=406406"},{"taxonomy":"product_cat","embeddable":true,"href":"https:\/\/accacia.ro\/en\/wp-json\/wp\/v2\/product_cat?post=406406"},{"taxonomy":"product_tag","embeddable":true,"href":"https:\/\/accacia.ro\/en\/wp-json\/wp\/v2\/product_tag?post=406406"}],"curies":[{"name":"wp","href":"https:\/\/api.w.org\/{rel}","templated":true}]}}