{"id":406466,"date":"2026-01-30T10:03:29","date_gmt":"2026-01-30T08:03:29","guid":{"rendered":"https:\/\/accacia.ro\/?post_type=product&#038;p=406466"},"modified":"2026-02-26T14:32:26","modified_gmt":"2026-02-26T12:32:26","slug":"cos-galben-colectare-selectiva-plastic-procycle-13","status":"publish","type":"product","link":"https:\/\/accacia.ro\/en\/product\/cos-galben-colectare-selectiva-plastic-procycle-13\/","title":{"rendered":"Procycle 13 plastic selective collection yellow basket"},"content":{"rendered":"<h2>Descriere general\u0103<\/h2>\n<p>PROCYCLE 13<br \/>\nYELLOW COLLECTION BASKET \u2013 PLASTIC <\/p>\n<p>PROCYCLE professional recycling system<br \/>\n11 waste stream labels, 4 lid openings and 11 color options to suit your unique recycling needs<br \/>\nBuild your own multiple recycling station with plug-in bases<br \/>\nLarger waste capacity (80 liters)<br \/>\nEasy to remove trash bag<br \/>\nThe smart garbage bag<br \/>\n2 optional use wheels or no wheels <\/p>\n<p> Technical specifications <\/p>\n<p>Product body thickness 3.5mm \/ 1.4\u201d<br \/>\nSTORAGE CAPACITY 80 liters \/ 21 gallons<br \/>\nPRODUCT DIMENSIONS (WXLXH) 34 x 55 x 105 cm \/ 13&quot; x 22&quot; x 41&quot;<br \/>\nProduct weight 6.8 kg \/ 15 lbs<br \/>\nRO\u021aI &#8211; OP\u021aIONAL impreuna CU PROCART TEK 563T<br \/>\nOTHER ADP 125A CONNECTION ACCESSORIES<br \/>\nBOX DIMENSION (WXLXH) 340 x 505 x 725mm \/ 13&quot; x 20&quot; x 29&quot;<br \/>\nWeight in case: 7.50 kg \/ 17 lb <\/p>\n selective collection bins\n<h2>Caracteristici tehnice<\/h2>\n<p>&#8211; Dimensiuni aproximative: 35.0 x 55.0 x 105.0 cm<br \/>\n&#8211; Greutate: 6.8 kg<\/p>\n<h2>Beneficii pentru hoteluri<\/h2>\n<p>&#8211; Conceput pentru utilizare intensiv\u0103 \u00een regim hotelier<br \/>\n&#8211; Contribuie la cre\u0219terea confortului \u0219i satisfac\u021biei oaspe\u021bilor<br \/>\n&#8211; Sus\u021bine standardele de calitate \u0219i imagine ale unit\u0103\u021bii de cazare<\/p>\n<h2>Recomand\u0103ri de utilizare<\/h2>\n<p>&#8211; Potrivit pentru hoteluri, pensiuni, resorturi \u0219i apart-hoteluri<br \/>\n&#8211; Recomandat pentru proiecte noi, renov\u0103ri sau standardiz\u0103ri de lan\u021b hotelier<br \/>\n&#8211; Integrare facil\u0103 \u00een fluxurile opera\u021bionale de housekeeping \u0219i front-office<\/p>","protected":false},"excerpt":{"rendered":"<p>Cos galben colectare selectiva plastic Procycle 13 \u2013 dotare profesional\u0103 pentru industria hotelier\u0103, conceput\u0103 pentru utilizare intensiv\u0103 \u0219i pentru a oferi fiabilitate \u0219i confort oaspe\u021bilor. \u00cen\u0103l\u021bime aproximativ\u0103: 105.0 cm. Dimensiuni aprox.: 35.0 x 55.0 cm.<\/p>","protected":false},"featured_media":1292,"template":"","meta":{"_acf_changed":false,"site-sidebar-layout":"","site-content-layout":"","ast-site-content-layout":"","site-content-style":"","site-sidebar-style":"","ast-global-header-display":"","ast-banner-title-visibility":"","ast-main-header-display":"","ast-hfb-above-header-display":"","ast-hfb-below-header-display":"","ast-hfb-mobile-header-display":"","site-post-title":"","ast-breadcrumbs-content":"","ast-featured-img":"","footer-sml-layout":"","ast-disable-related-posts":"","theme-transparent-header-meta":"","adv-header-id-meta":"","stick-header-meta":"","header-above-stick-meta":"","header-main-stick-meta":"","header-below-stick-meta":"","astra-migrate-meta-layouts":"","ast-page-background-enabled":"default","ast-page-background-meta":{"desktop":{"background-color":"","background-image":"","background-repeat":"repeat","background-position":"center center","background-size":"auto","background-attachment":"scroll","background-type":"","background-media":"","overlay-type":"","overlay-color":"","overlay-opacity":"","overlay-gradient":""},"tablet":{"background-color":"","background-image":"","background-repeat":"repeat","background-position":"center center","background-size":"auto","background-attachment":"scroll","background-type":"","background-media":"","overlay-type":"","overlay-color":"","overlay-opacity":"","overlay-gradient":""},"mobile":{"background-color":"","background-image":"","background-repeat":"repeat","background-position":"center center","background-size":"auto","background-attachment":"scroll","background-type":"","background-media":"","overlay-type":"","overlay-color":"","overlay-opacity":"","overlay-gradient":""}},"ast-content-background-meta":{"desktop":{"background-color":"var(--ast-global-color-5)","background-image":"","background-repeat":"repeat","background-position":"center center","background-size":"auto","background-attachment":"scroll","background-type":"","background-media":"","overlay-type":"","overlay-color":"","overlay-opacity":"","overlay-gradient":""},"tablet":{"background-color":"var(--ast-global-color-5)","background-image":"","background-repeat":"repeat","background-position":"center center","background-size":"auto","background-attachment":"scroll","background-type":"","background-media":"","overlay-type":"","overlay-color":"","overlay-opacity":"","overlay-gradient":""},"mobile":{"background-color":"var(--ast-global-color-5)","background-image":"","background-repeat":"repeat","background-position":"center center","background-size":"auto","background-attachment":"scroll","background-type":"","background-media":"","overlay-type":"","overlay-color":"","overlay-opacity":"","overlay-gradient":""}}},"product_brand":[],"product_cat":[380],"product_tag":[],"class_list":{"0":"post-406466","1":"product","2":"type-product","3":"status-publish","4":"has-post-thumbnail","6":"product_cat-colectare-selectiva","7":"product_shipping_class-taxe-livrare","8":"desktop-align-center","9":"tablet-align-left","10":"mobile-align-left","11":"ast-product-gallery-layout-horizontal-slider","12":"ast-product-tabs-layout-horizontal","13":"ast-qv-on-image","15":"first","16":"instock","17":"taxable","18":"shipping-taxable","19":"purchasable","20":"product-type-simple"},"acf":[],"_links":{"self":[{"href":"https:\/\/accacia.ro\/en\/wp-json\/wp\/v2\/product\/406466","targetHints":{"allow":["GET"]}}],"collection":[{"href":"https:\/\/accacia.ro\/en\/wp-json\/wp\/v2\/product"}],"about":[{"href":"https:\/\/accacia.ro\/en\/wp-json\/wp\/v2\/types\/product"}],"wp:featuredmedia":[{"embeddable":true,"href":"https:\/\/accacia.ro\/en\/wp-json\/wp\/v2\/media\/1292"}],"wp:attachment":[{"href":"https:\/\/accacia.ro\/en\/wp-json\/wp\/v2\/media?parent=406466"}],"wp:term":[{"taxonomy":"product_brand","embeddable":true,"href":"https:\/\/accacia.ro\/en\/wp-json\/wp\/v2\/product_brand?post=406466"},{"taxonomy":"product_cat","embeddable":true,"href":"https:\/\/accacia.ro\/en\/wp-json\/wp\/v2\/product_cat?post=406466"},{"taxonomy":"product_tag","embeddable":true,"href":"https:\/\/accacia.ro\/en\/wp-json\/wp\/v2\/product_tag?post=406466"}],"curies":[{"name":"wp","href":"https:\/\/api.w.org\/{rel}","templated":true}]}}