{"id":406474,"date":"2026-01-30T10:03:30","date_gmt":"2026-01-30T08:03:30","guid":{"rendered":"https:\/\/accacia.ro\/?post_type=product&#038;p=406474"},"modified":"2026-02-26T14:32:28","modified_gmt":"2026-02-26T12:32:28","slug":"aspirator-generator-de-aburi-pawnee","status":"publish","type":"product","link":"https:\/\/accacia.ro\/en\/product\/aspirator-generator-de-aburi-pawnee\/","title":{"rendered":"Pawnee Steam Generator Vacuum"},"content":{"rendered":"<h2>Pawnee Steam Generator Vacuum<\/h2>\n<h2>Descriere general\u0103<\/h2>\n<p>Pawnee Steam Generator Vacuum Cleaner<br \/>\nPROFESSIONAL vacuum cleaners with steam generator - PAWNEE series<\/p>\n<p>The Pawnee steam generator is extremely versatile, practical and powerful and as such is the flagship product of the company with over 18,000 customers in Italy alone.<br \/>\nA professional steam generator with integrated liquid vacuum that is able to dissolve any type of grease and dirt and remove everything at the same time, leaving surfaces clean, disinfected and perfectly dry.<br \/>\nIt is excellent as a washer-dryer for floors inside kitchens and laboratories, and quickly and easily for cleaning steel, where it removes stains and reduces the use of detergents and disinfectants.<br \/>\nIndispensable for cleaning cooktops and ventilation ducts, washing and drying glass and tiles and eliminating the use of ladders and cloths, this compact and robust steam cleaner sanitizes in accordance with HACCP regulations thanks to 160\u00b0C steam.<br \/>\nThe Novaltec professional steam line is the most ecological and environmentally friendly for everyday cleaning.<\/p>\n<p>Some benefits that Pawnee offers include:<br \/>\nelimination of mold and bacteria;<br \/>\nsanitizing and cleaning mattresses, carpets and sofas;<br \/>\ncleaning corners, plinths and reaching the most difficult to reach areas;<br \/>\ndegreases and disinfects glass, tile and steel countertops;<br \/>\nwashes and dries all types of floors;<br \/>\ndissolves accumulated stains and limescale deposits;<br \/>\ncleans glues, silicones and removes chewing gum.<br \/>\nProduct Code: Pawnee<\/p>\n<h2>Caracteristici tehnice<\/h2>\n<p>&#8211; Dimensiuni aproximative: 42.0 x 47.0 x 75.0 cm<br \/>\n&#8211; Greutate: 15.0 kg<\/p>\n<h2>Beneficii pentru hoteluri<\/h2>\n<p>&#8211; Conceput pentru utilizare intensiv\u0103 \u00een regim hotelier<br \/>\n&#8211; Contribuie la cre\u0219terea confortului \u0219i satisfac\u021biei oaspe\u021bilor<br \/>\n&#8211; Sus\u021bine standardele de calitate \u0219i imagine ale unit\u0103\u021bii de cazare<\/p>\n<h2>Recomand\u0103ri de utilizare<\/h2>\n<p>&#8211; Potrivit pentru hoteluri, pensiuni, resorturi \u0219i apart-hoteluri<br \/>\n&#8211; Recomandat pentru proiecte noi, renov\u0103ri sau standardiz\u0103ri de lan\u021b hotelier<br \/>\n&#8211; Integrare facil\u0103 \u00een fluxurile opera\u021bionale de housekeeping \u0219i front-office<\/p>","protected":false},"excerpt":{"rendered":"<p>Aspirator generator de aburi Pawnee \u2013 dotare profesional\u0103 pentru industria hotelier\u0103, conceput\u0103 pentru utilizare intensiv\u0103 \u0219i pentru a oferi fiabilitate \u0219i confort oaspe\u021bilor. \u00cen\u0103l\u021bime aproximativ\u0103: 75.0 cm. Dimensiuni aprox.: 42.0 x 47.0 cm.<\/p>","protected":false},"featured_media":391769,"template":"","meta":{"_acf_changed":false,"site-sidebar-layout":"default","site-content-layout":"","ast-site-content-layout":"default","site-content-style":"default","site-sidebar-style":"default","ast-global-header-display":"","ast-banner-title-visibility":"","ast-main-header-display":"","ast-hfb-above-header-display":"","ast-hfb-below-header-display":"","ast-hfb-mobile-header-display":"","site-post-title":"","ast-breadcrumbs-content":"","ast-featured-img":"","footer-sml-layout":"","ast-disable-related-posts":"","theme-transparent-header-meta":"default","adv-header-id-meta":"","stick-header-meta":"default","header-above-stick-meta":"","header-main-stick-meta":"","header-below-stick-meta":"","astra-migrate-meta-layouts":"set","ast-page-background-enabled":"default","ast-page-background-meta":{"desktop":{"background-color":"","background-image":"","background-repeat":"repeat","background-position":"center center","background-size":"auto","background-attachment":"scroll","background-type":"","background-media":"","overlay-type":"","overlay-color":"","overlay-opacity":"","overlay-gradient":""},"tablet":{"background-color":"","background-image":"","background-repeat":"repeat","background-position":"center center","background-size":"auto","background-attachment":"scroll","background-type":"","background-media":"","overlay-type":"","overlay-color":"","overlay-opacity":"","overlay-gradient":""},"mobile":{"background-color":"","background-image":"","background-repeat":"repeat","background-position":"center center","background-size":"auto","background-attachment":"scroll","background-type":"","background-media":"","overlay-type":"","overlay-color":"","overlay-opacity":"","overlay-gradient":""}},"ast-content-background-meta":{"desktop":{"background-color":"var(--ast-global-color-5)","background-image":"","background-repeat":"repeat","background-position":"center center","background-size":"auto","background-attachment":"scroll","background-type":"","background-media":"","overlay-type":"","overlay-color":"","overlay-opacity":"","overlay-gradient":""},"tablet":{"background-color":"var(--ast-global-color-5)","background-image":"","background-repeat":"repeat","background-position":"center center","background-size":"auto","background-attachment":"scroll","background-type":"","background-media":"","overlay-type":"","overlay-color":"","overlay-opacity":"","overlay-gradient":""},"mobile":{"background-color":"var(--ast-global-color-5)","background-image":"","background-repeat":"repeat","background-position":"center center","background-size":"auto","background-attachment":"scroll","background-type":"","background-media":"","overlay-type":"","overlay-color":"","overlay-opacity":"","overlay-gradient":""}}},"product_brand":[],"product_cat":[1362],"product_tag":[523],"class_list":{"0":"post-406474","1":"product","2":"type-product","3":"status-publish","4":"has-post-thumbnail","6":"product_cat-aspiratoare-cu-aburi-aspiratoare","7":"product_tag-novaltec","8":"product_shipping_class-livrare-gratuita","9":"desktop-align-center","10":"tablet-align-left","11":"mobile-align-left","12":"ast-product-gallery-layout-horizontal-slider","13":"ast-product-tabs-layout-horizontal","14":"ast-qv-on-image","16":"first","17":"instock","18":"sale","19":"taxable","20":"shipping-taxable","21":"purchasable","22":"product-type-simple"},"acf":[],"_links":{"self":[{"href":"https:\/\/accacia.ro\/en\/wp-json\/wp\/v2\/product\/406474","targetHints":{"allow":["GET"]}}],"collection":[{"href":"https:\/\/accacia.ro\/en\/wp-json\/wp\/v2\/product"}],"about":[{"href":"https:\/\/accacia.ro\/en\/wp-json\/wp\/v2\/types\/product"}],"wp:featuredmedia":[{"embeddable":true,"href":"https:\/\/accacia.ro\/en\/wp-json\/wp\/v2\/media\/391769"}],"wp:attachment":[{"href":"https:\/\/accacia.ro\/en\/wp-json\/wp\/v2\/media?parent=406474"}],"wp:term":[{"taxonomy":"product_brand","embeddable":true,"href":"https:\/\/accacia.ro\/en\/wp-json\/wp\/v2\/product_brand?post=406474"},{"taxonomy":"product_cat","embeddable":true,"href":"https:\/\/accacia.ro\/en\/wp-json\/wp\/v2\/product_cat?post=406474"},{"taxonomy":"product_tag","embeddable":true,"href":"https:\/\/accacia.ro\/en\/wp-json\/wp\/v2\/product_tag?post=406474"}],"curies":[{"name":"wp","href":"https:\/\/api.w.org\/{rel}","templated":true}]}}