{"id":406475,"date":"2026-01-30T10:03:30","date_gmt":"2026-01-30T08:03:30","guid":{"rendered":"https:\/\/accacia.ro\/?post_type=product&#038;p=406475"},"modified":"2026-02-26T14:32:28","modified_gmt":"2026-02-26T12:32:28","slug":"aspirator-profesional-cu-spalare-promax-800cm2-4-bari","status":"publish","type":"product","link":"https:\/\/accacia.ro\/en\/product\/aspirator-profesional-cu-spalare-promax-800cm2-4-bari\/","title":{"rendered":"Aspirator profesional cu spalare PROMAX 800CM2 4 bari"},"content":{"rendered":"<h2>Aspirator profesional cu spalare PROMAX 800CM2 4 bari<\/h2>\n<h2>Descriere general\u0103<\/h2>\n<p>Aspirator cu spalare profesional prin sistem de injectie extractie PROMAX 800CM2<\/p>\n<p>Va prezentam aspiratorul profesional cu spalare prin injectie extractie PROMAX 800 CM2, cu o cuva de inox de 60 l si doua motoare performante de tip ByPass 2x 1000W respectiv 2000W \/ cu clasa energetica A+.<\/p>\n<p>The 1000W motors that equip all our equipment have RoHC certification.<\/p>\n<p>Suction type - wet\/dry<br \/>\nDevice type \u2013 paper bag\/water tank<br \/>\nEngine power \u2013 2000W<br \/>\nSuction power \u2013 2200 mmSS \/ 215 mbar<br \/>\nCapacity: 60 liters<br \/>\nDry vacuum bag capacity: 16 liters<br \/>\nInjection-extraction system with 3 bar power pump<br \/>\nClean water can: 15 liters<br \/>\nMotor Power : 2 x 1000W \/ 2000 W<br \/>\nMotor Type: By-Pass \/ Double Stage<br \/>\nVoltage \/ Frequency: 220-230 V AC \/ 50-60 Hz<br \/>\nFunctions: Wet &amp; DryTank &amp; Carpet or upholstery cleaning, window washing<br \/>\nMaterial : Stainless Steel \/ Otel inoxidabil<br \/>\nRecommended for: Hotels, hospitals, car washes, kindergartens, schools, churches, commercial or office buildings, student dormitories, cinema halls, cleaning companies<\/p>\n<p>The product includes: 3 wide nozzles: one with bristles for carpets and rugs, one made of rubber for hard surfaces and one made of hard paste for spaces outside buildings<br \/>\n\u2013 nozzle for upholstery<br \/>\n- nozzle for narrow spaces (heaters)<br \/>\n&#8211; kit pentru spalarea geamurilor<br \/>\n&#8211; kit pentru spalarea tapiteriilor<\/p>\n<p>Characteristics of vacuum cleaner with washing PROMAX 800 CM2<\/p>\n<p>Putere motor 2 x 1000W \/ 2000W<br \/>\nMotor Type Double Stage \/ Bypass<br \/>\nPutere de absortie 2200 mm\/SS<br \/>\nFunctie Umed \/ uscat si spalare<br \/>\nVoltage 220 \u2013 230 V AC<br \/>\nFrequency 50 \u2013 60 Hz<br \/>\nCable length 10 m \/ 2 x 1 mm2<br \/>\nTank material Stainless steel<br \/>\nCapacitate rezervor 60 litri<br \/>\nCapacitate rezervor lichide 55 litri<br \/>\nCapacitate punga de praf 16 litri<br \/>\nMetoda de blocare Incuietori Metalice<br \/>\nHose length 240 cm<br \/>\nHose diameter \u00d8 38 mm<br \/>\nExtension tubes Stainless steel \u00d8 38 mm<br \/>\nRoti 2 x PVC \u00d875 mm \/ \u00d83&#8243; FRONT \/ 2 x PVC \u00d8160 mm \/ \u00d86&#8243; BACK<br \/>\nEngine protection Buoy system<br \/>\nBottom CPP transport system<br \/>\nHose attachment Locking system<br \/>\nGreutate neta produs 28,5 kg<br \/>\nWeight 14.6 kg<br \/>\nDimensiuni produs \u00d8 780 x 942 mm<br \/>\nDimensiuni cutie 535 x 705 x 1070 mm<\/p>\n<h2>Caracteristici tehnice<\/h2>\n<p>&#8211; Greutate: 28.5 kg<\/p>\n<h2>Beneficii pentru hoteluri<\/h2>\n<p>&#8211; Conceput pentru utilizare intensiv\u0103 \u00een regim hotelier<br \/>\n&#8211; Contribuie la cre\u0219terea confortului \u0219i satisfac\u021biei oaspe\u021bilor<br \/>\n&#8211; Sus\u021bine standardele de calitate \u0219i imagine ale unit\u0103\u021bii de cazare<\/p>\n<h2>Recomand\u0103ri de utilizare<\/h2>\n<p>&#8211; Potrivit pentru hoteluri, pensiuni, resorturi \u0219i apart-hoteluri<br \/>\n&#8211; Recomandat pentru proiecte noi, renov\u0103ri sau standardiz\u0103ri de lan\u021b hotelier<br \/>\n&#8211; Integrare facil\u0103 \u00een fluxurile opera\u021bionale de housekeeping \u0219i front-office<\/p>","protected":false},"excerpt":{"rendered":"<p>Aspirator profesional cu spalare PROMAX 800CM2 4 bari \u2013 dotare profesional\u0103 pentru industria hotelier\u0103, conceput\u0103 pentru utilizare intensiv\u0103 \u0219i pentru a oferi fiabilitate \u0219i confort oaspe\u021bilor.<\/p>","protected":false},"featured_media":1383,"template":"","meta":{"_acf_changed":false,"site-sidebar-layout":"default","site-content-layout":"","ast-site-content-layout":"default","site-content-style":"default","site-sidebar-style":"default","ast-global-header-display":"","ast-banner-title-visibility":"","ast-main-header-display":"","ast-hfb-above-header-display":"","ast-hfb-below-header-display":"","ast-hfb-mobile-header-display":"","site-post-title":"","ast-breadcrumbs-content":"","ast-featured-img":"","footer-sml-layout":"","ast-disable-related-posts":"","theme-transparent-header-meta":"default","adv-header-id-meta":"","stick-header-meta":"default","header-above-stick-meta":"","header-main-stick-meta":"","header-below-stick-meta":"","astra-migrate-meta-layouts":"set","ast-page-background-enabled":"default","ast-page-background-meta":{"desktop":{"background-color":"","background-image":"","background-repeat":"repeat","background-position":"center center","background-size":"auto","background-attachment":"scroll","background-type":"","background-media":"","overlay-type":"","overlay-color":"","overlay-opacity":"","overlay-gradient":""},"tablet":{"background-color":"","background-image":"","background-repeat":"repeat","background-position":"center center","background-size":"auto","background-attachment":"scroll","background-type":"","background-media":"","overlay-type":"","overlay-color":"","overlay-opacity":"","overlay-gradient":""},"mobile":{"background-color":"","background-image":"","background-repeat":"repeat","background-position":"center center","background-size":"auto","background-attachment":"scroll","background-type":"","background-media":"","overlay-type":"","overlay-color":"","overlay-opacity":"","overlay-gradient":""}},"ast-content-background-meta":{"desktop":{"background-color":"var(--ast-global-color-5)","background-image":"","background-repeat":"repeat","background-position":"center center","background-size":"auto","background-attachment":"scroll","background-type":"","background-media":"","overlay-type":"","overlay-color":"","overlay-opacity":"","overlay-gradient":""},"tablet":{"background-color":"var(--ast-global-color-5)","background-image":"","background-repeat":"repeat","background-position":"center center","background-size":"auto","background-attachment":"scroll","background-type":"","background-media":"","overlay-type":"","overlay-color":"","overlay-opacity":"","overlay-gradient":""},"mobile":{"background-color":"var(--ast-global-color-5)","background-image":"","background-repeat":"repeat","background-position":"center center","background-size":"auto","background-attachment":"scroll","background-type":"","background-media":"","overlay-type":"","overlay-color":"","overlay-opacity":"","overlay-gradient":""}}},"product_brand":[687],"product_cat":[368],"product_tag":[658,1405,657],"class_list":{"0":"post-406475","1":"product","2":"type-product","3":"status-publish","4":"has-post-thumbnail","6":"product_brand-fantom","7":"product_cat-aspiratoare-cu-spalare","8":"product_tag-aspirator-cu-spalare","9":"product_tag-aspirator-cu-spalare-4-bari","10":"product_tag-aspirator-injectie-extractie","11":"product_shipping_class-livrare-gratuita","12":"desktop-align-center","13":"tablet-align-left","14":"mobile-align-left","15":"ast-product-gallery-layout-horizontal-slider","16":"ast-product-tabs-layout-horizontal","17":"ast-qv-on-image","19":"first","20":"instock","21":"sale","22":"taxable","23":"shipping-taxable","24":"purchasable","25":"product-type-simple"},"acf":[],"_links":{"self":[{"href":"https:\/\/accacia.ro\/en\/wp-json\/wp\/v2\/product\/406475","targetHints":{"allow":["GET"]}}],"collection":[{"href":"https:\/\/accacia.ro\/en\/wp-json\/wp\/v2\/product"}],"about":[{"href":"https:\/\/accacia.ro\/en\/wp-json\/wp\/v2\/types\/product"}],"wp:featuredmedia":[{"embeddable":true,"href":"https:\/\/accacia.ro\/en\/wp-json\/wp\/v2\/media\/1383"}],"wp:attachment":[{"href":"https:\/\/accacia.ro\/en\/wp-json\/wp\/v2\/media?parent=406475"}],"wp:term":[{"taxonomy":"product_brand","embeddable":true,"href":"https:\/\/accacia.ro\/en\/wp-json\/wp\/v2\/product_brand?post=406475"},{"taxonomy":"product_cat","embeddable":true,"href":"https:\/\/accacia.ro\/en\/wp-json\/wp\/v2\/product_cat?post=406475"},{"taxonomy":"product_tag","embeddable":true,"href":"https:\/\/accacia.ro\/en\/wp-json\/wp\/v2\/product_tag?post=406475"}],"curies":[{"name":"wp","href":"https:\/\/api.w.org\/{rel}","templated":true}]}}