{"id":406486,"date":"2026-01-30T10:03:37","date_gmt":"2026-01-30T08:03:37","guid":{"rendered":"https:\/\/accacia.ro\/?post_type=product&#038;p=406486"},"modified":"2026-02-26T14:32:30","modified_gmt":"2026-02-26T12:32:30","slug":"aspirator-pentru-lichide-si-praf-promax-800m3","status":"publish","type":"product","link":"https:\/\/accacia.ro\/en\/product\/aspirator-pentru-lichide-si-praf-promax-800m3\/","title":{"rendered":"Vacuum cleaner for liquids and dust PROMAX 800M3"},"content":{"rendered":"<h2>Descriere general\u0103<\/h2>\n<p> Professional liquid vacuum cleaner PROMAX 800 M3 with THREE motors 3 x 1000W = 3000W<br \/>\n Product features professional liquid and dust vacuum cleaner PROMAX 800 M3 with 3x motors <\/p>\n<p> Engine power<br \/>\n 3 x 1000W = 3000W <\/p>\n<p> Engine Type<br \/>\n Double Stage \/ Bypass <\/p>\n<p> Airflow<br \/>\n 169,95 L\/s (3 x 56,65 L\/s) <\/p>\n<p> Function<br \/>\n Wet and dry <\/p>\n<p> Voltage<br \/>\n 220 \u2013 230 V AC <\/p>\n<p> Frequency<br \/>\n 50 \u2013 60 Hz <\/p>\n<p> Cable length<br \/>\n 10 m \/ 2 x 1 mm2 <\/p>\n<p> Tank material<br \/>\n Stainless steel <\/p>\n<p> Tank capacity<br \/>\n 60 liters <\/p>\n<p> Liquid tank capacity<br \/>\n 55 liters <\/p>\n<p> Garbage bag capacity<br \/>\n 10 liters <\/p>\n<p> The blocking method<br \/>\n Metal <\/p>\n<p> Hose length<br \/>\n 240 cm <\/p>\n<p> Hose diameter<br \/>\n \u00d8 38 mm <\/p>\n<p> Extension tubes<br \/>\n Stainless steel \u00d8 38 mm <\/p>\n<p> Wheel<br \/>\n 2 x PVC \u00d8 75 mm front \/ 2 x PVC \u00d8 160 mm rear <\/p>\n<p> Engine protection<br \/>\n Buoy system <\/p>\n<p> Bottom<br \/>\n CPP transport system <\/p>\n<p> Dirty water drainage system<br \/>\n \u00d8 34 mm exhaust hose <\/p>\n<p> Push handle<br \/>\n Metal coated <\/p>\n<p> Hose attachment<br \/>\n Locking system <\/p>\n<p> Product net weight<br \/>\n 29.5 kg <\/p>\n<p> Weight <\/p>\n<p> Product dimensions<br \/>\n Dimensions: diameter 43 cm, height 95 cm, maximum width 50 cm <\/p>\n<p> Box dimensions<br \/>\n 485 x 550 x 935 mm <\/p>\n<h2>Caracteristici tehnice<\/h2>\n<p>&#8211; Greutate: 17.5 kg<\/p>\n<h2>Beneficii pentru hoteluri<\/h2>\n<p>&#8211; Conceput pentru utilizare intensiv\u0103 \u00een regim hotelier<br \/>\n&#8211; Contribuie la cre\u0219terea confortului \u0219i satisfac\u021biei oaspe\u021bilor<br \/>\n&#8211; Sus\u021bine standardele de calitate \u0219i imagine ale unit\u0103\u021bii de cazare<\/p>\n<h2>Recomand\u0103ri de utilizare<\/h2>\n<p>&#8211; Potrivit pentru hoteluri, pensiuni, resorturi \u0219i apart-hoteluri<br \/>\n&#8211; Recomandat pentru proiecte noi, renov\u0103ri sau standardiz\u0103ri de lan\u021b hotelier<br \/>\n&#8211; Integrare facil\u0103 \u00een fluxurile opera\u021bionale de housekeeping \u0219i front-office<\/p>","protected":false},"excerpt":{"rendered":"<p>Aspirator pentru lichide si praf PROMAX 800M3 \u2013 dotare profesional\u0103 pentru industria hotelier\u0103, conceput\u0103 pentru utilizare intensiv\u0103 \u0219i pentru a oferi fiabilitate \u0219i confort oaspe\u021bilor.<\/p>","protected":false},"featured_media":1456,"template":"","meta":{"_acf_changed":false,"site-sidebar-layout":"","site-content-layout":"","ast-site-content-layout":"","site-content-style":"","site-sidebar-style":"","ast-global-header-display":"","ast-banner-title-visibility":"","ast-main-header-display":"","ast-hfb-above-header-display":"","ast-hfb-below-header-display":"","ast-hfb-mobile-header-display":"","site-post-title":"","ast-breadcrumbs-content":"","ast-featured-img":"","footer-sml-layout":"","ast-disable-related-posts":"","theme-transparent-header-meta":"","adv-header-id-meta":"","stick-header-meta":"","header-above-stick-meta":"","header-main-stick-meta":"","header-below-stick-meta":"","astra-migrate-meta-layouts":"","ast-page-background-enabled":"default","ast-page-background-meta":{"desktop":{"background-color":"","background-image":"","background-repeat":"repeat","background-position":"center center","background-size":"auto","background-attachment":"scroll","background-type":"","background-media":"","overlay-type":"","overlay-color":"","overlay-opacity":"","overlay-gradient":""},"tablet":{"background-color":"","background-image":"","background-repeat":"repeat","background-position":"center center","background-size":"auto","background-attachment":"scroll","background-type":"","background-media":"","overlay-type":"","overlay-color":"","overlay-opacity":"","overlay-gradient":""},"mobile":{"background-color":"","background-image":"","background-repeat":"repeat","background-position":"center center","background-size":"auto","background-attachment":"scroll","background-type":"","background-media":"","overlay-type":"","overlay-color":"","overlay-opacity":"","overlay-gradient":""}},"ast-content-background-meta":{"desktop":{"background-color":"var(--ast-global-color-5)","background-image":"","background-repeat":"repeat","background-position":"center center","background-size":"auto","background-attachment":"scroll","background-type":"","background-media":"","overlay-type":"","overlay-color":"","overlay-opacity":"","overlay-gradient":""},"tablet":{"background-color":"var(--ast-global-color-5)","background-image":"","background-repeat":"repeat","background-position":"center center","background-size":"auto","background-attachment":"scroll","background-type":"","background-media":"","overlay-type":"","overlay-color":"","overlay-opacity":"","overlay-gradient":""},"mobile":{"background-color":"var(--ast-global-color-5)","background-image":"","background-repeat":"repeat","background-position":"center center","background-size":"auto","background-attachment":"scroll","background-type":"","background-media":"","overlay-type":"","overlay-color":"","overlay-opacity":"","overlay-gradient":""}}},"product_brand":[],"product_cat":[367],"product_tag":[],"class_list":{"0":"post-406486","1":"product","2":"type-product","3":"status-publish","4":"has-post-thumbnail","6":"product_cat-praf-si-de-lichide","7":"product_shipping_class-livrare-gratuita","8":"desktop-align-center","9":"tablet-align-left","10":"mobile-align-left","11":"ast-product-gallery-layout-horizontal-slider","12":"ast-product-tabs-layout-horizontal","13":"ast-qv-on-image","15":"first","16":"instock","17":"taxable","18":"shipping-taxable","19":"purchasable","20":"product-type-simple"},"acf":[],"_links":{"self":[{"href":"https:\/\/accacia.ro\/en\/wp-json\/wp\/v2\/product\/406486","targetHints":{"allow":["GET"]}}],"collection":[{"href":"https:\/\/accacia.ro\/en\/wp-json\/wp\/v2\/product"}],"about":[{"href":"https:\/\/accacia.ro\/en\/wp-json\/wp\/v2\/types\/product"}],"wp:featuredmedia":[{"embeddable":true,"href":"https:\/\/accacia.ro\/en\/wp-json\/wp\/v2\/media\/1456"}],"wp:attachment":[{"href":"https:\/\/accacia.ro\/en\/wp-json\/wp\/v2\/media?parent=406486"}],"wp:term":[{"taxonomy":"product_brand","embeddable":true,"href":"https:\/\/accacia.ro\/en\/wp-json\/wp\/v2\/product_brand?post=406486"},{"taxonomy":"product_cat","embeddable":true,"href":"https:\/\/accacia.ro\/en\/wp-json\/wp\/v2\/product_cat?post=406486"},{"taxonomy":"product_tag","embeddable":true,"href":"https:\/\/accacia.ro\/en\/wp-json\/wp\/v2\/product_tag?post=406486"}],"curies":[{"name":"wp","href":"https:\/\/api.w.org\/{rel}","templated":true}]}}