{"id":406490,"date":"2026-01-30T10:03:37","date_gmt":"2026-01-30T08:03:37","guid":{"rendered":"https:\/\/accacia.ro\/?post_type=product&#038;p=406490"},"modified":"2026-02-26T14:32:31","modified_gmt":"2026-02-26T12:32:31","slug":"fier-de-calcat-cu-aburi-hertford-1600w-pentru-hotel","status":"publish","type":"product","link":"https:\/\/accacia.ro\/en\/product\/fier-de-calcat-cu-aburi-hertford-1600w-pentru-hotel\/","title":{"rendered":"HERTFORD 1600W hotel steam iron"},"content":{"rendered":"<h2>Descriere general\u0103<\/h2>\n<p>HERTFORD steam iron<br \/>\n1600W Hotel Safety<br \/>\nSteam Iron <\/p>\n<p> Anti-scale to remove scale build-up New method of tank assembly using wire<br \/>\nframe and the latest heat welding technology<br \/>\n New series of thermostat using silver coating<br \/>\ntechnology that provides a much more accurate thermostat temperature frame that matches the 250 ml water tank capacity<br \/>\n Cable cord protection has been tested to 20,000 cycles to ensure cord safety A stronger burst of steam for improved ironing efficiency<br \/>\n Non-stick sole 250 cm long cable<br \/>\n Green and red LED indicator lamp in use<br \/>\n Stylish operation light with black and gray design with cutout indicator<br \/>\n UK or EU Plug CE, CB, RoHS and GS approved variants<br \/>\n Color: White with gray water window 360\u00b0 swivel cable<br \/>\n Easy-to-use temperature\/textile dial sensor includes Refill Beaker<br \/>\n Board Size: 205mm X 112mm Power: AC 220-240V, 50 \/ 60Hz <\/p>\n<p>TECHNICAL SPECIFICATION iron <\/p>\n<p> DUAL SAFE thermostat and the latest technology Internal safety<br \/>\n SPECIAL ANTI-DRIP Prevents steam cooling<br \/>\n Motion Sensor Automatic Motion Safety \u2013<br \/>\n30 de secunde nesupravegheate pe talp\u0103 \u0219i 5 minute vertical\u0103<br \/>\n Func\u021bie special\u0103 anti-picurare pentru a preveni apa<br \/>\ndripping through the steam inlets after cooling the water <\/p>\n<h2>Beneficii pentru hoteluri<\/h2>\n<p>&#8211; Conceput pentru utilizare intensiv\u0103 \u00een regim hotelier<br \/>\n&#8211; Contribuie la cre\u0219terea confortului \u0219i satisfac\u021biei oaspe\u021bilor<br \/>\n&#8211; Sus\u021bine standardele de calitate \u0219i imagine ale unit\u0103\u021bii de cazare<\/p>\n<h2>Recomand\u0103ri de utilizare<\/h2>\n<p>&#8211; Potrivit pentru hoteluri, pensiuni, resorturi \u0219i apart-hoteluri<br \/>\n&#8211; Recomandat pentru proiecte noi, renov\u0103ri sau standardiz\u0103ri de lan\u021b hotelier<br \/>\n&#8211; Integrare facil\u0103 \u00een fluxurile opera\u021bionale de housekeeping \u0219i front-office<\/p>","protected":false},"excerpt":{"rendered":"<p>Fier de calcat cu aburi HERTFORD 1600W pentru hotel \u2013 dotare profesional\u0103 pentru industria hotelier\u0103, conceput\u0103 pentru utilizare intensiv\u0103 \u0219i pentru a oferi fiabilitate \u0219i confort oaspe\u021bilor.<\/p>","protected":false},"featured_media":1475,"template":"","meta":{"_acf_changed":false,"site-sidebar-layout":"default","site-content-layout":"","ast-site-content-layout":"default","site-content-style":"default","site-sidebar-style":"default","ast-global-header-display":"","ast-banner-title-visibility":"","ast-main-header-display":"","ast-hfb-above-header-display":"","ast-hfb-below-header-display":"","ast-hfb-mobile-header-display":"","site-post-title":"","ast-breadcrumbs-content":"","ast-featured-img":"","footer-sml-layout":"","ast-disable-related-posts":"","theme-transparent-header-meta":"default","adv-header-id-meta":"","stick-header-meta":"default","header-above-stick-meta":"","header-main-stick-meta":"","header-below-stick-meta":"","astra-migrate-meta-layouts":"set","ast-page-background-enabled":"default","ast-page-background-meta":{"desktop":{"background-color":"","background-image":"","background-repeat":"repeat","background-position":"center center","background-size":"auto","background-attachment":"scroll","background-type":"","background-media":"","overlay-type":"","overlay-color":"","overlay-opacity":"","overlay-gradient":""},"tablet":{"background-color":"","background-image":"","background-repeat":"repeat","background-position":"center center","background-size":"auto","background-attachment":"scroll","background-type":"","background-media":"","overlay-type":"","overlay-color":"","overlay-opacity":"","overlay-gradient":""},"mobile":{"background-color":"","background-image":"","background-repeat":"repeat","background-position":"center center","background-size":"auto","background-attachment":"scroll","background-type":"","background-media":"","overlay-type":"","overlay-color":"","overlay-opacity":"","overlay-gradient":""}},"ast-content-background-meta":{"desktop":{"background-color":"var(--ast-global-color-5)","background-image":"","background-repeat":"repeat","background-position":"center center","background-size":"auto","background-attachment":"scroll","background-type":"","background-media":"","overlay-type":"","overlay-color":"","overlay-opacity":"","overlay-gradient":""},"tablet":{"background-color":"var(--ast-global-color-5)","background-image":"","background-repeat":"repeat","background-position":"center center","background-size":"auto","background-attachment":"scroll","background-type":"","background-media":"","overlay-type":"","overlay-color":"","overlay-opacity":"","overlay-gradient":""},"mobile":{"background-color":"var(--ast-global-color-5)","background-image":"","background-repeat":"repeat","background-position":"center center","background-size":"auto","background-attachment":"scroll","background-type":"","background-media":"","overlay-type":"","overlay-color":"","overlay-opacity":"","overlay-gradient":""}}},"product_brand":[],"product_cat":[1361],"product_tag":[524,672],"class_list":{"0":"post-406490","1":"product","2":"type-product","3":"status-publish","4":"has-post-thumbnail","6":"product_cat-fier-de-calcat-minibar-si-produse-electrice","7":"product_tag-fier-calcat-emberton","8":"product_tag-steam-iron-emberton","9":"product_shipping_class-taxe-livrare","10":"desktop-align-center","11":"tablet-align-left","12":"mobile-align-left","13":"ast-product-gallery-layout-horizontal-slider","14":"ast-product-tabs-layout-horizontal","15":"ast-qv-on-image","17":"first","18":"instock","19":"sale","20":"taxable","21":"shipping-taxable","22":"purchasable","23":"product-type-simple"},"acf":[],"_links":{"self":[{"href":"https:\/\/accacia.ro\/en\/wp-json\/wp\/v2\/product\/406490","targetHints":{"allow":["GET"]}}],"collection":[{"href":"https:\/\/accacia.ro\/en\/wp-json\/wp\/v2\/product"}],"about":[{"href":"https:\/\/accacia.ro\/en\/wp-json\/wp\/v2\/types\/product"}],"wp:featuredmedia":[{"embeddable":true,"href":"https:\/\/accacia.ro\/en\/wp-json\/wp\/v2\/media\/1475"}],"wp:attachment":[{"href":"https:\/\/accacia.ro\/en\/wp-json\/wp\/v2\/media?parent=406490"}],"wp:term":[{"taxonomy":"product_brand","embeddable":true,"href":"https:\/\/accacia.ro\/en\/wp-json\/wp\/v2\/product_brand?post=406490"},{"taxonomy":"product_cat","embeddable":true,"href":"https:\/\/accacia.ro\/en\/wp-json\/wp\/v2\/product_cat?post=406490"},{"taxonomy":"product_tag","embeddable":true,"href":"https:\/\/accacia.ro\/en\/wp-json\/wp\/v2\/product_tag?post=406490"}],"curies":[{"name":"wp","href":"https:\/\/api.w.org\/{rel}","templated":true}]}}