{"id":406494,"date":"2026-01-30T10:03:37","date_gmt":"2026-01-30T08:03:37","guid":{"rendered":"https:\/\/accacia.ro\/?post_type=product&#038;p=406494"},"modified":"2026-02-26T14:32:31","modified_gmt":"2026-02-26T12:32:31","slug":"fier-de-calcat-cu-aburi-croft-2000w-pentru-hotel","status":"publish","type":"product","link":"https:\/\/accacia.ro\/en\/product\/fier-de-calcat-cu-aburi-croft-2000w-pentru-hotel\/","title":{"rendered":"CROFT 2000W steam iron for hotel"},"content":{"rendered":"<h2>Descriere general\u0103<\/h2>\n<p>Steam iron, professional type, for hotel room CROFT 2000W. <\/p>\n<p>Internal safety<br \/>\nAUTO CLOSE FUNCTION FOR ENERGY MONITORING<br \/>\nSPECIAL ANTI-DRIP Prevents condensation when cooling steam<br \/>\nWATER TANK with THERMO-WELD technology<br \/>\nExclusive 3 way safety with 5 MIN AUTO OFF<br \/>\nMotion Safety Auto Power Off \u2013 30 seconds unattended on the floor and 5 minutes upright ECO Auto Off for energy saving and environmental protection<br \/>\nSpecial anti-drip function to prevent water from draining through the steam inlets after the water has cooled Anti-calc to eliminate limescale build-up<br \/>\nAnti-Leak FUSION \u2013 The new water tank assembly method, using wire frame and the latest thermo-welding technology, prevents the tank from fracturing New thermostat series using silver-coated technology, ensuring a much more accurate fit of the temperature dial<br \/>\n300ml water tank Capacity Protection cable tested to 20,000 cycles to ensure cable safety<br \/>\nA stronger burst of steam for improved ironing efficiency Ceramic plate<br \/>\nLong-lasting green and red LED cable, 300 cm long<br \/>\nAuto-off indicator Sleek black and gray design<br \/>\nOperating lamp with cutout indicator CE, CB, RoHS and GS approved<br \/>\nUK or EU plug-in variants Colour: Black with gray water window<br \/>\n360\u00b0 swivel cable Easy to use temperature gauge \/ textile dial<br \/>\nIncludes Beil Refil board size: 220mm x 120mm, Power: AC 220-240V, 50 \/ 60Hz<\/p>\n<h2>Beneficii pentru hoteluri<\/h2>\n<p>&#8211; Conceput pentru utilizare intensiv\u0103 \u00een regim hotelier<br \/>\n&#8211; Contribuie la cre\u0219terea confortului \u0219i satisfac\u021biei oaspe\u021bilor<br \/>\n&#8211; Sus\u021bine standardele de calitate \u0219i imagine ale unit\u0103\u021bii de cazare<\/p>\n<h2>Recomand\u0103ri de utilizare<\/h2>\n<p>&#8211; Potrivit pentru hoteluri, pensiuni, resorturi \u0219i apart-hoteluri<br \/>\n&#8211; Recomandat pentru proiecte noi, renov\u0103ri sau standardiz\u0103ri de lan\u021b hotelier<br \/>\n&#8211; Integrare facil\u0103 \u00een fluxurile opera\u021bionale de housekeeping \u0219i front-office<\/p>","protected":false},"excerpt":{"rendered":"<p>Fier de calcat cu aburi CROFT 2000W pentru hotel \u2013 dotare profesional\u0103 pentru industria hotelier\u0103, conceput\u0103 pentru utilizare intensiv\u0103 \u0219i pentru a oferi fiabilitate \u0219i confort oaspe\u021bilor.<\/p>","protected":false},"featured_media":1480,"template":"","meta":{"_acf_changed":false,"site-sidebar-layout":"","site-content-layout":"","ast-site-content-layout":"","site-content-style":"","site-sidebar-style":"","ast-global-header-display":"","ast-banner-title-visibility":"","ast-main-header-display":"","ast-hfb-above-header-display":"","ast-hfb-below-header-display":"","ast-hfb-mobile-header-display":"","site-post-title":"","ast-breadcrumbs-content":"","ast-featured-img":"","footer-sml-layout":"","ast-disable-related-posts":"","theme-transparent-header-meta":"","adv-header-id-meta":"","stick-header-meta":"","header-above-stick-meta":"","header-main-stick-meta":"","header-below-stick-meta":"","astra-migrate-meta-layouts":"","ast-page-background-enabled":"default","ast-page-background-meta":{"desktop":{"background-color":"","background-image":"","background-repeat":"repeat","background-position":"center center","background-size":"auto","background-attachment":"scroll","background-type":"","background-media":"","overlay-type":"","overlay-color":"","overlay-opacity":"","overlay-gradient":""},"tablet":{"background-color":"","background-image":"","background-repeat":"repeat","background-position":"center center","background-size":"auto","background-attachment":"scroll","background-type":"","background-media":"","overlay-type":"","overlay-color":"","overlay-opacity":"","overlay-gradient":""},"mobile":{"background-color":"","background-image":"","background-repeat":"repeat","background-position":"center center","background-size":"auto","background-attachment":"scroll","background-type":"","background-media":"","overlay-type":"","overlay-color":"","overlay-opacity":"","overlay-gradient":""}},"ast-content-background-meta":{"desktop":{"background-color":"var(--ast-global-color-5)","background-image":"","background-repeat":"repeat","background-position":"center center","background-size":"auto","background-attachment":"scroll","background-type":"","background-media":"","overlay-type":"","overlay-color":"","overlay-opacity":"","overlay-gradient":""},"tablet":{"background-color":"var(--ast-global-color-5)","background-image":"","background-repeat":"repeat","background-position":"center center","background-size":"auto","background-attachment":"scroll","background-type":"","background-media":"","overlay-type":"","overlay-color":"","overlay-opacity":"","overlay-gradient":""},"mobile":{"background-color":"var(--ast-global-color-5)","background-image":"","background-repeat":"repeat","background-position":"center center","background-size":"auto","background-attachment":"scroll","background-type":"","background-media":"","overlay-type":"","overlay-color":"","overlay-opacity":"","overlay-gradient":""}}},"product_brand":[],"product_cat":[1361],"product_tag":[524],"class_list":{"0":"post-406494","1":"product","2":"type-product","3":"status-publish","4":"has-post-thumbnail","6":"product_cat-fier-de-calcat-minibar-si-produse-electrice","7":"product_tag-fier-calcat-emberton","8":"desktop-align-center","9":"tablet-align-left","10":"mobile-align-left","11":"ast-product-gallery-layout-horizontal-slider","12":"ast-product-tabs-layout-horizontal","13":"ast-qv-on-image","15":"first","16":"instock","17":"taxable","18":"shipping-taxable","19":"purchasable","20":"product-type-simple"},"acf":[],"_links":{"self":[{"href":"https:\/\/accacia.ro\/en\/wp-json\/wp\/v2\/product\/406494","targetHints":{"allow":["GET"]}}],"collection":[{"href":"https:\/\/accacia.ro\/en\/wp-json\/wp\/v2\/product"}],"about":[{"href":"https:\/\/accacia.ro\/en\/wp-json\/wp\/v2\/types\/product"}],"wp:featuredmedia":[{"embeddable":true,"href":"https:\/\/accacia.ro\/en\/wp-json\/wp\/v2\/media\/1480"}],"wp:attachment":[{"href":"https:\/\/accacia.ro\/en\/wp-json\/wp\/v2\/media?parent=406494"}],"wp:term":[{"taxonomy":"product_brand","embeddable":true,"href":"https:\/\/accacia.ro\/en\/wp-json\/wp\/v2\/product_brand?post=406494"},{"taxonomy":"product_cat","embeddable":true,"href":"https:\/\/accacia.ro\/en\/wp-json\/wp\/v2\/product_cat?post=406494"},{"taxonomy":"product_tag","embeddable":true,"href":"https:\/\/accacia.ro\/en\/wp-json\/wp\/v2\/product_tag?post=406494"}],"curies":[{"name":"wp","href":"https:\/\/api.w.org\/{rel}","templated":true}]}}