{"id":406525,"date":"2026-01-30T10:03:48","date_gmt":"2026-01-30T08:03:48","guid":{"rendered":"https:\/\/accacia.ro\/?post_type=product&#038;p=406525"},"modified":"2026-02-26T14:32:37","modified_gmt":"2026-02-26T12:32:37","slug":"aspirator-pentru-praf-promini-50p-fara-sac","status":"publish","type":"product","link":"https:\/\/accacia.ro\/en\/product\/aspirator-pentru-praf-promini-50p-fara-sac\/","title":{"rendered":"Aspirator silentios pentru praf Promini 50P fara sac"},"content":{"rendered":"<h2>Vacuum cleaner for dust Promini 50P without bag<\/h2>\n<h2>Descriere general\u0103<\/h2>\n<p>Aspirator profesional pentru praf &#8211; PROMINI 50P &#8211; functioneaza si fara sac de praf<\/p>\n<p>Se poate dota cu sac microfibra de 10L volum de unde rezulta o eficienta mult ridicata in curatenie si protejarea aerului ambiental.<\/p>\n<p>The professional vacuum cleaner - PROMINI 50P - with a 900W power motor - according to the new European standards, is the ideal partner in daily professional cleaning.<\/p>\n<p>It benefits from a 10m long power cable, which offers a very wide area of action.<\/p>\n<p>The vacuum cleaner from Accacia - Promini 50P - has a lifespan of over 7 years.<\/p>\n<p>We offer nationwide service and the possibility of an extended warranty - for a fee.<\/p>\n<p>This vacuum cleaner PROMINI 50p is used for professional purposes<\/p>\n<p>Aspiratorul Promini 50P este ideal pentru curatarea rapida si eficienta spatiilor mici si mijlocii: camere de hotel, birouri, magazine, banci, saloane beauty etc.<\/p>\n<p>It is very effective both in vacuuming carpets and rugs, as well as hard floors of any type.<\/p>\n<p>Pe langa eficienta curateniei, aspiratorul asigura si un confort ergonomic prin pozitionarea accesoriilor in lacasuri speciale &#8211; aflate pe corpul acestuia- in timpul utilizarii si al transportului.<\/p>\n<p>Advantages \/ Features:<\/p>\n<p>\u2013 2.4 m suction hose<br \/>\n\u2013 stainless steel telescopic suction pipe (2 pieces)<br \/>\n\u2013 switchable floor nozzle of 28.5 cm<br \/>\n\u2013 upholstery nozzle<br \/>\n- nozzle for narrow spaces (heaters)<\/p>\n<p>Technical specifications:<\/p>\n<p>&#8211; Putere: 850 W<br \/>\n\u2013 Air flow: 46.65 L\/s<br \/>\n&#8211; Putere de aspirare: 2200 mm H2O (220 mbar)<br \/>\n\u2013 Net weight: 7.4 Kg<br \/>\n\u2013 Dimensions: diameter 45 cm, height 40 cm<\/p>\n<p>All accessories \/ components shown are included in the package<\/p>\n<p>36 MONTH WARRANTY<\/p>\n<h2>Caracteristici tehnice<\/h2>\n<p>&#8211; Greutate: 8.0 kg<\/p>\n<h2>Beneficii pentru hoteluri<\/h2>\n<p>&#8211; Conceput pentru utilizare intensiv\u0103 \u00een regim hotelier<br \/>\n&#8211; Contribuie la cre\u0219terea confortului \u0219i satisfac\u021biei oaspe\u021bilor<br \/>\n&#8211; Sus\u021bine standardele de calitate \u0219i imagine ale unit\u0103\u021bii de cazare<\/p>\n<h2>Recomand\u0103ri de utilizare<\/h2>\n<p>&#8211; Potrivit pentru hoteluri, pensiuni, resorturi \u0219i apart-hoteluri<br \/>\n&#8211; Recomandat pentru proiecte noi, renov\u0103ri sau standardiz\u0103ri de lan\u021b hotelier<br \/>\n&#8211; Integrare facil\u0103 \u00een fluxurile opera\u021bionale de housekeeping \u0219i front-office<\/p>","protected":false},"excerpt":{"rendered":"<p>Aspirator pentru praf Promini 50P fara sac \u2013 dotare profesional\u0103 pentru industria hotelier\u0103, conceput\u0103 pentru utilizare intensiv\u0103 \u0219i pentru a oferi fiabilitate \u0219i confort oaspe\u021bilor.<\/p>","protected":false},"featured_media":1376,"template":"","meta":{"_acf_changed":false,"site-sidebar-layout":"default","site-content-layout":"","ast-site-content-layout":"default","site-content-style":"default","site-sidebar-style":"default","ast-global-header-display":"","ast-banner-title-visibility":"","ast-main-header-display":"","ast-hfb-above-header-display":"","ast-hfb-below-header-display":"","ast-hfb-mobile-header-display":"","site-post-title":"","ast-breadcrumbs-content":"","ast-featured-img":"","footer-sml-layout":"","ast-disable-related-posts":"","theme-transparent-header-meta":"default","adv-header-id-meta":"","stick-header-meta":"default","header-above-stick-meta":"","header-main-stick-meta":"","header-below-stick-meta":"","astra-migrate-meta-layouts":"set","ast-page-background-enabled":"default","ast-page-background-meta":{"desktop":{"background-color":"","background-image":"","background-repeat":"repeat","background-position":"center center","background-size":"auto","background-attachment":"scroll","background-type":"","background-media":"","overlay-type":"","overlay-color":"","overlay-opacity":"","overlay-gradient":""},"tablet":{"background-color":"","background-image":"","background-repeat":"repeat","background-position":"center center","background-size":"auto","background-attachment":"scroll","background-type":"","background-media":"","overlay-type":"","overlay-color":"","overlay-opacity":"","overlay-gradient":""},"mobile":{"background-color":"","background-image":"","background-repeat":"repeat","background-position":"center center","background-size":"auto","background-attachment":"scroll","background-type":"","background-media":"","overlay-type":"","overlay-color":"","overlay-opacity":"","overlay-gradient":""}},"ast-content-background-meta":{"desktop":{"background-color":"var(--ast-global-color-5)","background-image":"","background-repeat":"repeat","background-position":"center center","background-size":"auto","background-attachment":"scroll","background-type":"","background-media":"","overlay-type":"","overlay-color":"","overlay-opacity":"","overlay-gradient":""},"tablet":{"background-color":"var(--ast-global-color-5)","background-image":"","background-repeat":"repeat","background-position":"center center","background-size":"auto","background-attachment":"scroll","background-type":"","background-media":"","overlay-type":"","overlay-color":"","overlay-opacity":"","overlay-gradient":""},"mobile":{"background-color":"var(--ast-global-color-5)","background-image":"","background-repeat":"repeat","background-position":"center center","background-size":"auto","background-attachment":"scroll","background-type":"","background-media":"","overlay-type":"","overlay-color":"","overlay-opacity":"","overlay-gradient":""}}},"product_brand":[],"product_cat":[366],"product_tag":[651,652,1400,653],"class_list":{"0":"post-406525","1":"product","2":"type-product","3":"status-publish","4":"has-post-thumbnail","6":"product_cat-pentru-praf","7":"product_tag-aspirator-de-praf","8":"product_tag-aspirator-fara-sac","9":"product_tag-aspirator-hotel","10":"product_tag-aspirator-silentios","11":"product_shipping_class-livrare-gratuita","12":"desktop-align-center","13":"tablet-align-left","14":"mobile-align-left","15":"ast-product-gallery-layout-horizontal-slider","16":"ast-product-tabs-layout-horizontal","17":"ast-qv-on-image","19":"first","20":"instock","21":"sale","22":"taxable","23":"shipping-taxable","24":"purchasable","25":"product-type-simple"},"acf":[],"_links":{"self":[{"href":"https:\/\/accacia.ro\/en\/wp-json\/wp\/v2\/product\/406525","targetHints":{"allow":["GET"]}}],"collection":[{"href":"https:\/\/accacia.ro\/en\/wp-json\/wp\/v2\/product"}],"about":[{"href":"https:\/\/accacia.ro\/en\/wp-json\/wp\/v2\/types\/product"}],"wp:featuredmedia":[{"embeddable":true,"href":"https:\/\/accacia.ro\/en\/wp-json\/wp\/v2\/media\/1376"}],"wp:attachment":[{"href":"https:\/\/accacia.ro\/en\/wp-json\/wp\/v2\/media?parent=406525"}],"wp:term":[{"taxonomy":"product_brand","embeddable":true,"href":"https:\/\/accacia.ro\/en\/wp-json\/wp\/v2\/product_brand?post=406525"},{"taxonomy":"product_cat","embeddable":true,"href":"https:\/\/accacia.ro\/en\/wp-json\/wp\/v2\/product_cat?post=406525"},{"taxonomy":"product_tag","embeddable":true,"href":"https:\/\/accacia.ro\/en\/wp-json\/wp\/v2\/product_tag?post=406525"}],"curies":[{"name":"wp","href":"https:\/\/api.w.org\/{rel}","templated":true}]}}