{"id":406554,"date":"2026-01-30T10:03:59","date_gmt":"2026-01-30T08:03:59","guid":{"rendered":"https:\/\/accacia.ro\/?post_type=product&#038;p=406554"},"modified":"2026-02-26T14:32:41","modified_gmt":"2026-02-26T12:32:41","slug":"masina-curatat-pardoseli-si-mocheta-duplex-420","status":"publish","type":"product","link":"https:\/\/accacia.ro\/en\/product\/masina-curatat-pardoseli-si-mocheta-duplex-420\/","title":{"rendered":"Floor and carpet cleaning machine Duplex 420"},"content":{"rendered":"<h2>Descriere general\u0103<\/h2>\n<p>Professional machine DUPLEX 420 bidirectional<br \/>\nFloor and carpet cleaner<br \/>\nThe medium-sized Duplex 420 floor cleaner is the most popular of the versatile Duplex range. <\/p>\n<p>With its two counter-rotating brushes, this machine delivers powerful cleaning results on all floor types, including carpet, safety flooring, wood, tile, marble, vinyl, tile, Tarkett, Altro, Marley, Flotex, Polysafe, Timbersafe, non-slip floors. , resin floors, entry mats and more. <\/p>\n<p>With a cleaning width of 420 mm (16 inches), the Duplex 420 floor cleaner cleans, scrubs and collects dirty water. With a simple flick of a switch, the brush height can be adjusted to suit all floor types. <\/p>\n<p>For heavily soiled floors a pre-scrub facility is available, meaning the cleaning solution can be released onto the floor and then, when the water has had a chance to do its work, recovered. <\/p>\n<p>the plant can be turned on to extract dirty water and dirt from the floor. <\/p>\n<p>This also allows for &#039;edge-to-edge&#039; cleaning, along walls and in corners, along baseboards, under furniture and around light fixtures. A range of easily interchangeable brushes are available to suit any floor surface, from carpets to hard floors. <\/p>\n<p>The Duplex 420 floor cleaner is outstanding \u2013 it delivers outstanding results on all floor surfaces and washes, mops, scrubs, dries and polishes all surfaces to an exceptionally high standard. <\/p>\n<p>The Duplex 420 floor scrubber has brushes that are moved to one side, and the machine&#039;s bidirectional handle allows cleaning in both directions without the need for lifting. <\/p>\n<p>TECHNICAL SPECIFICATIONS<br \/>\nWork surface 300-500 M\u00b2\/h<br \/>\nWashing width 350 mm<br \/>\nDimensions mm 430x420x240h<br \/>\nNumber of brushes 2<br \/>\nPower cable<br \/>\nVoltage 115 \/240 Volt<br \/>\nFrequency 50\/60 Hz<br \/>\nNoise level &lt;64 dBA<br \/>\nSolution tank 5.4 Lt<br \/>\nRecovery tank 2.3 Lt<br \/>\nBrush speed 650-750 rpm<br \/>\nBrush pressure 190 gr\/cm2<br \/>\nWeight 27.5 kg<br \/>\nAbsorbed power 1000 Watt<br \/>\nPackaging dimensions mm 500x470x360h<\/p>\n<h2>Caracteristici tehnice<\/h2>\n<p>&#8211; Greutate: 34.0 kg<\/p>\n<h2>Beneficii pentru hoteluri<\/h2>\n<p>&#8211; Conceput pentru utilizare intensiv\u0103 \u00een regim hotelier<br \/>\n&#8211; Contribuie la cre\u0219terea confortului \u0219i satisfac\u021biei oaspe\u021bilor<br \/>\n&#8211; Sus\u021bine standardele de calitate \u0219i imagine ale unit\u0103\u021bii de cazare<\/p>\n<h2>Recomand\u0103ri de utilizare<\/h2>\n<p>&#8211; Potrivit pentru hoteluri, pensiuni, resorturi \u0219i apart-hoteluri<br \/>\n&#8211; Recomandat pentru proiecte noi, renov\u0103ri sau standardiz\u0103ri de lan\u021b hotelier<br \/>\n&#8211; Integrare facil\u0103 \u00een fluxurile opera\u021bionale de housekeeping \u0219i front-office<\/p>","protected":false},"excerpt":{"rendered":"<p>Masina curatat pardoseli si mocheta Duplex 420 \u2013 dotare profesional\u0103 pentru industria hotelier\u0103, conceput\u0103 pentru utilizare intensiv\u0103 \u0219i pentru a oferi fiabilitate \u0219i confort oaspe\u021bilor.<\/p>","protected":false},"featured_media":780,"template":"","meta":{"_acf_changed":false,"site-sidebar-layout":"default","site-content-layout":"","ast-site-content-layout":"default","site-content-style":"default","site-sidebar-style":"default","ast-global-header-display":"","ast-banner-title-visibility":"","ast-main-header-display":"","ast-hfb-above-header-display":"","ast-hfb-below-header-display":"","ast-hfb-mobile-header-display":"","site-post-title":"","ast-breadcrumbs-content":"","ast-featured-img":"","footer-sml-layout":"","ast-disable-related-posts":"","theme-transparent-header-meta":"default","adv-header-id-meta":"","stick-header-meta":"default","header-above-stick-meta":"","header-main-stick-meta":"","header-below-stick-meta":"","astra-migrate-meta-layouts":"set","ast-page-background-enabled":"default","ast-page-background-meta":{"desktop":{"background-color":"","background-image":"","background-repeat":"repeat","background-position":"center center","background-size":"auto","background-attachment":"scroll","background-type":"","background-media":"","overlay-type":"","overlay-color":"","overlay-opacity":"","overlay-gradient":""},"tablet":{"background-color":"","background-image":"","background-repeat":"repeat","background-position":"center center","background-size":"auto","background-attachment":"scroll","background-type":"","background-media":"","overlay-type":"","overlay-color":"","overlay-opacity":"","overlay-gradient":""},"mobile":{"background-color":"","background-image":"","background-repeat":"repeat","background-position":"center center","background-size":"auto","background-attachment":"scroll","background-type":"","background-media":"","overlay-type":"","overlay-color":"","overlay-opacity":"","overlay-gradient":""}},"ast-content-background-meta":{"desktop":{"background-color":"var(--ast-global-color-5)","background-image":"","background-repeat":"repeat","background-position":"center center","background-size":"auto","background-attachment":"scroll","background-type":"","background-media":"","overlay-type":"","overlay-color":"","overlay-opacity":"","overlay-gradient":""},"tablet":{"background-color":"var(--ast-global-color-5)","background-image":"","background-repeat":"repeat","background-position":"center center","background-size":"auto","background-attachment":"scroll","background-type":"","background-media":"","overlay-type":"","overlay-color":"","overlay-opacity":"","overlay-gradient":""},"mobile":{"background-color":"var(--ast-global-color-5)","background-image":"","background-repeat":"repeat","background-position":"center center","background-size":"auto","background-attachment":"scroll","background-type":"","background-media":"","overlay-type":"","overlay-color":"","overlay-opacity":"","overlay-gradient":""}}},"product_brand":[],"product_cat":[369],"product_tag":[521],"class_list":{"0":"post-406554","1":"product","2":"type-product","3":"status-publish","4":"has-post-thumbnail","6":"product_cat-masini-curatare-pardoseli-duplex","7":"product_tag-duplex-italia","8":"product_shipping_class-livrare-gratuita","9":"desktop-align-center","10":"tablet-align-left","11":"mobile-align-left","12":"ast-product-gallery-layout-horizontal-slider","13":"ast-product-tabs-layout-horizontal","14":"ast-qv-on-image","16":"first","17":"onbackorder","18":"taxable","19":"shipping-taxable","20":"purchasable","21":"product-type-simple"},"acf":[],"_links":{"self":[{"href":"https:\/\/accacia.ro\/en\/wp-json\/wp\/v2\/product\/406554","targetHints":{"allow":["GET"]}}],"collection":[{"href":"https:\/\/accacia.ro\/en\/wp-json\/wp\/v2\/product"}],"about":[{"href":"https:\/\/accacia.ro\/en\/wp-json\/wp\/v2\/types\/product"}],"wp:featuredmedia":[{"embeddable":true,"href":"https:\/\/accacia.ro\/en\/wp-json\/wp\/v2\/media\/780"}],"wp:attachment":[{"href":"https:\/\/accacia.ro\/en\/wp-json\/wp\/v2\/media?parent=406554"}],"wp:term":[{"taxonomy":"product_brand","embeddable":true,"href":"https:\/\/accacia.ro\/en\/wp-json\/wp\/v2\/product_brand?post=406554"},{"taxonomy":"product_cat","embeddable":true,"href":"https:\/\/accacia.ro\/en\/wp-json\/wp\/v2\/product_cat?post=406554"},{"taxonomy":"product_tag","embeddable":true,"href":"https:\/\/accacia.ro\/en\/wp-json\/wp\/v2\/product_tag?post=406554"}],"curies":[{"name":"wp","href":"https:\/\/api.w.org\/{rel}","templated":true}]}}