{"id":406556,"date":"2026-01-30T10:03:59","date_gmt":"2026-01-30T08:03:59","guid":{"rendered":"https:\/\/accacia.ro\/?post_type=product&#038;p=406556"},"modified":"2026-02-26T14:32:42","modified_gmt":"2026-02-26T12:32:42","slug":"minibar-cu-geam-40l-silentios-termoelectric","status":"publish","type":"product","link":"https:\/\/accacia.ro\/en\/product\/minibar-cu-geam-40l-silentios-termoelectric\/","title":{"rendered":"Minibar with window 40L silent Thermoelectric"},"content":{"rendered":"<h2>Descriere general\u0103<\/h2>\n<p>Minibar with window 40L silent Thermoelectric<br \/>\nMinibar profesional pentru camere hotel cu volum de 40L-100% silentios si usa din sticla tip E-Glass.<\/p>\n<p>Minibar cu geam volum de 40L interior si cea mai buna eticheta energetica!<\/p>\n<p>E-glass technology represents the latest innovation in the field of refrigeration systems for hotels.<\/p>\n<p>With this patented E-Glass system, the minibar offers energy savings and falls into the new energy class E, formerly class A+.<\/p>\n<p>The cooling system used is based on the HEATPIPE - Thermoelectric technology<\/p>\n<p>The heat pipe minibar is cooled by a thermoelectric cooling system using a semiconductor module.<\/p>\n<p>With absorption minibar production experience, ACCACIA&#039;s thermoelectric minibar works with heat pipes that also make no noise when working.<\/p>\n<p>ACCACIA together with the manufacturer have invested a lot in the way of reducing the energy cost of the minibar.<\/p>\n<p>With more than 3 years of development, all heat pipe minibars from ACCACIA-UNIBAR can reach the old energy class A+, the current energy class E.<\/p>\n<p>The minibar with heat pipes is becoming more and more popular in the hotel room, offering maximum comfort and energy saving and can also be used on cruise ships, being able to work tilted.<\/p>\n<p>MINIBAR DIMENSIONS and TECHNICAL DATA:<br \/>\nWidth: 400mm<br \/>\nDepth: 440mm<br \/>\nHeight: 570mm<br \/>\nNET interior volume: 38L<br \/>\nNet weight: 11.6 kg<br \/>\nPower supply: 220-240V ~50\/60Hz<br \/>\nANNUAL CONSUMPTION: 96KWh<br \/>\nNoise produced: 0 \u2013 zero dB<br \/>\nDoor: E-GLASS, reversible left or right<br \/>\nThe minibar can be embedded in the furniture respecting the cooling distances<br \/>\nLighting: LED<br \/>\nBlack colour<br \/>\nWARRANTY \u2013 12 months<br \/>\nYou can ADDITIONALLY purchase an extended warranty package up to 24-36 months.<\/p>\n<h2>Caracteristici tehnice<\/h2>\n<p>&#8211; Greutate: 8.0 kg<\/p>\n<h2>Beneficii pentru hoteluri<\/h2>\n<p>&#8211; Conceput pentru utilizare intensiv\u0103 \u00een regim hotelier<br \/>\n&#8211; Contribuie la cre\u0219terea confortului \u0219i satisfac\u021biei oaspe\u021bilor<br \/>\n&#8211; Sus\u021bine standardele de calitate \u0219i imagine ale unit\u0103\u021bii de cazare<\/p>\n<h2>Recomand\u0103ri de utilizare<\/h2>\n<p>&#8211; Potrivit pentru hoteluri, pensiuni, resorturi \u0219i apart-hoteluri<br \/>\n&#8211; Recomandat pentru proiecte noi, renov\u0103ri sau standardiz\u0103ri de lan\u021b hotelier<br \/>\n&#8211; Integrare facil\u0103 \u00een fluxurile opera\u021bionale de housekeeping \u0219i front-office<\/p>","protected":false},"excerpt":{"rendered":"<p>Minibar cu geam 40L silentios Termoelectric \u2013 dotare profesional\u0103 pentru industria hotelier\u0103, conceput\u0103 pentru utilizare intensiv\u0103 \u0219i pentru a oferi fiabilitate \u0219i confort oaspe\u021bilor.<\/p>","protected":false},"featured_media":397448,"template":"","meta":{"_acf_changed":false,"site-sidebar-layout":"default","site-content-layout":"","ast-site-content-layout":"default","site-content-style":"default","site-sidebar-style":"default","ast-global-header-display":"","ast-banner-title-visibility":"","ast-main-header-display":"","ast-hfb-above-header-display":"","ast-hfb-below-header-display":"","ast-hfb-mobile-header-display":"","site-post-title":"","ast-breadcrumbs-content":"","ast-featured-img":"","footer-sml-layout":"","ast-disable-related-posts":"","theme-transparent-header-meta":"default","adv-header-id-meta":"","stick-header-meta":"default","header-above-stick-meta":"","header-main-stick-meta":"","header-below-stick-meta":"","astra-migrate-meta-layouts":"set","ast-page-background-enabled":"default","ast-page-background-meta":{"desktop":{"background-color":"","background-image":"","background-repeat":"repeat","background-position":"center center","background-size":"auto","background-attachment":"scroll","background-type":"","background-media":"","overlay-type":"","overlay-color":"","overlay-opacity":"","overlay-gradient":""},"tablet":{"background-color":"","background-image":"","background-repeat":"repeat","background-position":"center center","background-size":"auto","background-attachment":"scroll","background-type":"","background-media":"","overlay-type":"","overlay-color":"","overlay-opacity":"","overlay-gradient":""},"mobile":{"background-color":"","background-image":"","background-repeat":"repeat","background-position":"center center","background-size":"auto","background-attachment":"scroll","background-type":"","background-media":"","overlay-type":"","overlay-color":"","overlay-opacity":"","overlay-gradient":""}},"ast-content-background-meta":{"desktop":{"background-color":"var(--ast-global-color-5)","background-image":"","background-repeat":"repeat","background-position":"center center","background-size":"auto","background-attachment":"scroll","background-type":"","background-media":"","overlay-type":"","overlay-color":"","overlay-opacity":"","overlay-gradient":""},"tablet":{"background-color":"var(--ast-global-color-5)","background-image":"","background-repeat":"repeat","background-position":"center center","background-size":"auto","background-attachment":"scroll","background-type":"","background-media":"","overlay-type":"","overlay-color":"","overlay-opacity":"","overlay-gradient":""},"mobile":{"background-color":"var(--ast-global-color-5)","background-image":"","background-repeat":"repeat","background-position":"center center","background-size":"auto","background-attachment":"scroll","background-type":"","background-media":"","overlay-type":"","overlay-color":"","overlay-opacity":"","overlay-gradient":""}}},"product_brand":[],"product_cat":[1357],"product_tag":[696,722,520],"class_list":{"0":"post-406556","1":"product","2":"type-product","3":"status-publish","4":"has-post-thumbnail","6":"product_cat-minibar-seif","7":"product_tag-minibar-cu-geam","8":"product_tag-minibar-hotel","9":"product_tag-minibar-unibar","10":"product_shipping_class-livrare-gratuita","11":"desktop-align-center","12":"tablet-align-left","13":"mobile-align-left","14":"ast-product-gallery-layout-horizontal-slider","15":"ast-product-tabs-layout-horizontal","16":"ast-qv-on-image","18":"first","19":"instock","20":"sale","21":"taxable","22":"shipping-taxable","23":"purchasable","24":"product-type-simple"},"acf":[],"_links":{"self":[{"href":"https:\/\/accacia.ro\/en\/wp-json\/wp\/v2\/product\/406556","targetHints":{"allow":["GET"]}}],"collection":[{"href":"https:\/\/accacia.ro\/en\/wp-json\/wp\/v2\/product"}],"about":[{"href":"https:\/\/accacia.ro\/en\/wp-json\/wp\/v2\/types\/product"}],"wp:featuredmedia":[{"embeddable":true,"href":"https:\/\/accacia.ro\/en\/wp-json\/wp\/v2\/media\/397448"}],"wp:attachment":[{"href":"https:\/\/accacia.ro\/en\/wp-json\/wp\/v2\/media?parent=406556"}],"wp:term":[{"taxonomy":"product_brand","embeddable":true,"href":"https:\/\/accacia.ro\/en\/wp-json\/wp\/v2\/product_brand?post=406556"},{"taxonomy":"product_cat","embeddable":true,"href":"https:\/\/accacia.ro\/en\/wp-json\/wp\/v2\/product_cat?post=406556"},{"taxonomy":"product_tag","embeddable":true,"href":"https:\/\/accacia.ro\/en\/wp-json\/wp\/v2\/product_tag?post=406556"}],"curies":[{"name":"wp","href":"https:\/\/api.w.org\/{rel}","templated":true}]}}