{"id":406583,"date":"2026-01-30T10:04:11","date_gmt":"2026-01-30T08:04:11","guid":{"rendered":"https:\/\/accacia.ro\/?post_type=product&#038;p=406583"},"modified":"2026-02-26T14:32:46","modified_gmt":"2026-02-26T12:32:46","slug":"carucior-procart-213-alimentare-minibar","status":"publish","type":"product","link":"https:\/\/accacia.ro\/en\/product\/carucior-procart-213-alimentare-minibar\/","title":{"rendered":"Procart 213 mini bar trolley"},"content":{"rendered":"<h2>Descriere general\u0103<\/h2>\n<p>Carucior de alimentare minibar Procart 213<br \/>\n-este un ucenic de nadejde in activitatea zilnica de housekeeping din cadrul hotelurilor. <\/p>\n<p>A well-sized and partitioned trolley so that it is easy for the maid to move and handle it. <\/p>\n<p>Technical Specifications and Dimensions <\/p>\n<p> PRODUCT BODY STRUCTURE<br \/>\nCORP CPP propilena<br \/>\n PRODUCT BODY THICKNESS<br \/>\n6 mm<br \/>\n PRODUCT DIMENSIONS (WIDTH, LENGTH, HEIGHT)<br \/>\n53 x 66 x 135 cm<br \/>\n WEIGHT OF THE PRODUCT<br \/>\n24.8 kg<br \/>\n Sarcina utila<br \/>\n200 kg<br \/>\n WHEEL<br \/>\n2 X \u00d8150 mm CU FRANA, 2 X \u00d8150 mm FARA FRANA, CAROSERIE PLASTIC, SPATE CAUCUM SI CU<br \/>\n SHELF NUMBER<br \/>\n3<br \/>\n STRUCTURE of the shelf<br \/>\n2 PCS. 3 FIXED SIDES WITH COVER 1 CLOSED SIDE WITH BRENDA CURTAIN AND 1 PC.<br \/>\nBRENDA<br \/>\nIMPERTEX 420 BRENDA<br \/>\n DRAWER<br \/>\n2 PCS. WITH SEPARATOR AND COVER<br \/>\n PUSH HANDLE <\/p>\n<h2>Caracteristici tehnice<\/h2>\n<p>&#8211; Greutate: 14.0 kg<\/p>\n<h2>Beneficii pentru hoteluri<\/h2>\n<p>&#8211; Conceput pentru utilizare intensiv\u0103 \u00een regim hotelier<br \/>\n&#8211; Contribuie la cre\u0219terea confortului \u0219i satisfac\u021biei oaspe\u021bilor<br \/>\n&#8211; Sus\u021bine standardele de calitate \u0219i imagine ale unit\u0103\u021bii de cazare<\/p>\n<h2>Recomand\u0103ri de utilizare<\/h2>\n<p>&#8211; Potrivit pentru hoteluri, pensiuni, resorturi \u0219i apart-hoteluri<br \/>\n&#8211; Recomandat pentru proiecte noi, renov\u0103ri sau standardiz\u0103ri de lan\u021b hotelier<br \/>\n&#8211; Integrare facil\u0103 \u00een fluxurile opera\u021bionale de housekeeping \u0219i front-office<\/p>","protected":false},"excerpt":{"rendered":"<p>Carucior Procart 213 alimentare minibar \u2013 dotare profesional\u0103 pentru industria hotelier\u0103, conceput\u0103 pentru utilizare intensiv\u0103 \u0219i pentru a oferi fiabilitate \u0219i confort oaspe\u021bilor.<\/p>","protected":false},"featured_media":392588,"template":"","meta":{"_acf_changed":false,"site-sidebar-layout":"default","site-content-layout":"","ast-site-content-layout":"default","site-content-style":"default","site-sidebar-style":"default","ast-global-header-display":"","ast-banner-title-visibility":"","ast-main-header-display":"","ast-hfb-above-header-display":"","ast-hfb-below-header-display":"","ast-hfb-mobile-header-display":"","site-post-title":"","ast-breadcrumbs-content":"","ast-featured-img":"","footer-sml-layout":"","ast-disable-related-posts":"","theme-transparent-header-meta":"default","adv-header-id-meta":"","stick-header-meta":"default","header-above-stick-meta":"","header-main-stick-meta":"","header-below-stick-meta":"","astra-migrate-meta-layouts":"set","ast-page-background-enabled":"default","ast-page-background-meta":{"desktop":{"background-color":"","background-image":"","background-repeat":"repeat","background-position":"center center","background-size":"auto","background-attachment":"scroll","background-type":"","background-media":"","overlay-type":"","overlay-color":"","overlay-opacity":"","overlay-gradient":""},"tablet":{"background-color":"","background-image":"","background-repeat":"repeat","background-position":"center center","background-size":"auto","background-attachment":"scroll","background-type":"","background-media":"","overlay-type":"","overlay-color":"","overlay-opacity":"","overlay-gradient":""},"mobile":{"background-color":"","background-image":"","background-repeat":"repeat","background-position":"center center","background-size":"auto","background-attachment":"scroll","background-type":"","background-media":"","overlay-type":"","overlay-color":"","overlay-opacity":"","overlay-gradient":""}},"ast-content-background-meta":{"desktop":{"background-color":"var(--ast-global-color-5)","background-image":"","background-repeat":"repeat","background-position":"center center","background-size":"auto","background-attachment":"scroll","background-type":"","background-media":"","overlay-type":"","overlay-color":"","overlay-opacity":"","overlay-gradient":""},"tablet":{"background-color":"var(--ast-global-color-5)","background-image":"","background-repeat":"repeat","background-position":"center center","background-size":"auto","background-attachment":"scroll","background-type":"","background-media":"","overlay-type":"","overlay-color":"","overlay-opacity":"","overlay-gradient":""},"mobile":{"background-color":"var(--ast-global-color-5)","background-image":"","background-repeat":"repeat","background-position":"center center","background-size":"auto","background-attachment":"scroll","background-type":"","background-media":"","overlay-type":"","overlay-color":"","overlay-opacity":"","overlay-gradient":""}}},"product_brand":[],"product_cat":[374,418],"product_tag":[716,717],"class_list":{"0":"post-406583","1":"product","2":"type-product","3":"status-publish","4":"has-post-thumbnail","6":"product_cat-carucioare-cameriste","7":"product_cat-carucioare-servire","8":"product_tag-carucior-minibar","9":"product_tag-carucior-servire","10":"product_shipping_class-livrare-gratuita","11":"desktop-align-center","12":"tablet-align-left","13":"mobile-align-left","14":"ast-product-gallery-layout-horizontal-slider","15":"ast-product-tabs-layout-horizontal","16":"ast-qv-on-image","18":"first","19":"instock","20":"sale","21":"taxable","22":"shipping-taxable","23":"purchasable","24":"product-type-simple"},"acf":[],"_links":{"self":[{"href":"https:\/\/accacia.ro\/en\/wp-json\/wp\/v2\/product\/406583","targetHints":{"allow":["GET"]}}],"collection":[{"href":"https:\/\/accacia.ro\/en\/wp-json\/wp\/v2\/product"}],"about":[{"href":"https:\/\/accacia.ro\/en\/wp-json\/wp\/v2\/types\/product"}],"wp:featuredmedia":[{"embeddable":true,"href":"https:\/\/accacia.ro\/en\/wp-json\/wp\/v2\/media\/392588"}],"wp:attachment":[{"href":"https:\/\/accacia.ro\/en\/wp-json\/wp\/v2\/media?parent=406583"}],"wp:term":[{"taxonomy":"product_brand","embeddable":true,"href":"https:\/\/accacia.ro\/en\/wp-json\/wp\/v2\/product_brand?post=406583"},{"taxonomy":"product_cat","embeddable":true,"href":"https:\/\/accacia.ro\/en\/wp-json\/wp\/v2\/product_cat?post=406583"},{"taxonomy":"product_tag","embeddable":true,"href":"https:\/\/accacia.ro\/en\/wp-json\/wp\/v2\/product_tag?post=406583"}],"curies":[{"name":"wp","href":"https:\/\/api.w.org\/{rel}","templated":true}]}}