{"id":406588,"date":"2026-01-30T10:04:11","date_gmt":"2026-01-30T08:04:11","guid":{"rendered":"https:\/\/accacia.ro\/?post_type=product&#038;p=406588"},"modified":"2026-02-26T14:32:46","modified_gmt":"2026-02-26T12:32:46","slug":"welcome-tray-winsford","status":"publish","type":"product","link":"https:\/\/accacia.ro\/en\/product\/welcome-tray-winsford\/","title":{"rendered":"Welcome Tray Winsford"},"content":{"rendered":"<h2>Descriere general\u0103<\/h2>\n<p>Winsford<br \/>\nEspresso Coffee Welcome Tray<br \/>\nwith Protective Spillage Tray<br \/>\nEco-Friendly First Grade Bamboo<br \/>\nRemovable Tray Prevents Spillage &amp; Protects Surface<br \/>\nElegant Soft Contour Design<br \/>\nStores Ingredients Neatly &amp; Dust Free<br \/>\nDrawer stores condiments 57mm high<br \/>\nCertified Food Grade<br \/>\nRobust &amp; Sturdy Construction<br \/>\nEasy to clean - smooth surface to wipe clean<br \/>\nNeat &amp; Tidy Condiments Presentation<br \/>\nEasy Slide In &amp; Out Multiple Compartments Drawer<br \/>\nDrawer Stopper \u2013 Spring retaining clip prevents intentional removal of drawer<br \/>\nTray Only \u2013 Excludes Coffee Machine &amp; Kettle<br \/>\nDesigned to fit most types of compact espresso machines <\/p>\n<p>TECHNICAL SPECIFICATION<br \/>\n ECO-FRIENDLY Bamboo<br \/>\n Elegant Soft Contour Design <\/p>\n<p> Eco-Friendly First Grade Bamboo<br \/>\n Removable Perforated Stainless Steel Tray<br \/>\n\u2013 \u2013 Prevents Spillage &amp; Protects Tray Surface <\/p>\n<p> Certified Food Grade<br \/>\n Elegant Soft Contour Design <\/p>\n<p> Robust &amp; Sturdy Construction<br \/>\n Easy to Clean \u2013 Smooth Surface to Wipe Clean <\/p>\n<p> Stores Condiments Neatly &amp; Dust Free<br \/>\n Neat and Tidy Condiments Presentation <\/p>\n<p> Easy Slide In &amp; Out Multiple Compartments Drawer \u2013 Removable Drawer for Easy Cleaning<br \/>\n Drawer Stopper \u2013 Spring Retaining Clip Prevents Intentional Removal of Drawer <\/p>\n<p> Drawer Stores Condiments 57mm High<br \/>\n Designed to Fit Most Types of Compact Espresso Machines <\/p>\n<p> Tray Only \u2013 Excludes Coffee Machine, kettle, Cups &amp; Ingredients<br \/>\n Dimensions: 370mm x 350mm x 88mm Weight: 4.06kg <\/p>\n<h2>Beneficii pentru hoteluri<\/h2>\n<p>&#8211; Conceput pentru utilizare intensiv\u0103 \u00een regim hotelier<br \/>\n&#8211; Contribuie la cre\u0219terea confortului \u0219i satisfac\u021biei oaspe\u021bilor<br \/>\n&#8211; Sus\u021bine standardele de calitate \u0219i imagine ale unit\u0103\u021bii de cazare<\/p>\n<h2>Recomand\u0103ri de utilizare<\/h2>\n<p>&#8211; Potrivit pentru hoteluri, pensiuni, resorturi \u0219i apart-hoteluri<br \/>\n&#8211; Recomandat pentru proiecte noi, renov\u0103ri sau standardiz\u0103ri de lan\u021b hotelier<br \/>\n&#8211; Integrare facil\u0103 \u00een fluxurile opera\u021bionale de housekeeping \u0219i front-office<\/p>","protected":false},"excerpt":{"rendered":"<p>Welcome Tray Winsford \u2013 dotare profesional\u0103 pentru industria hotelier\u0103, conceput\u0103 pentru utilizare intensiv\u0103 \u0219i pentru a oferi fiabilitate \u0219i confort oaspe\u021bilor.<\/p>","protected":false},"featured_media":392613,"template":"","meta":{"_acf_changed":false,"site-sidebar-layout":"","site-content-layout":"","ast-site-content-layout":"","site-content-style":"","site-sidebar-style":"","ast-global-header-display":"","ast-banner-title-visibility":"","ast-main-header-display":"","ast-hfb-above-header-display":"","ast-hfb-below-header-display":"","ast-hfb-mobile-header-display":"","site-post-title":"","ast-breadcrumbs-content":"","ast-featured-img":"","footer-sml-layout":"","ast-disable-related-posts":"","theme-transparent-header-meta":"","adv-header-id-meta":"","stick-header-meta":"","header-above-stick-meta":"","header-main-stick-meta":"","header-below-stick-meta":"","astra-migrate-meta-layouts":"","ast-page-background-enabled":"default","ast-page-background-meta":{"desktop":{"background-color":"","background-image":"","background-repeat":"repeat","background-position":"center center","background-size":"auto","background-attachment":"scroll","background-type":"","background-media":"","overlay-type":"","overlay-color":"","overlay-opacity":"","overlay-gradient":""},"tablet":{"background-color":"","background-image":"","background-repeat":"repeat","background-position":"center center","background-size":"auto","background-attachment":"scroll","background-type":"","background-media":"","overlay-type":"","overlay-color":"","overlay-opacity":"","overlay-gradient":""},"mobile":{"background-color":"","background-image":"","background-repeat":"repeat","background-position":"center center","background-size":"auto","background-attachment":"scroll","background-type":"","background-media":"","overlay-type":"","overlay-color":"","overlay-opacity":"","overlay-gradient":""}},"ast-content-background-meta":{"desktop":{"background-color":"var(--ast-global-color-5)","background-image":"","background-repeat":"repeat","background-position":"center center","background-size":"auto","background-attachment":"scroll","background-type":"","background-media":"","overlay-type":"","overlay-color":"","overlay-opacity":"","overlay-gradient":""},"tablet":{"background-color":"var(--ast-global-color-5)","background-image":"","background-repeat":"repeat","background-position":"center center","background-size":"auto","background-attachment":"scroll","background-type":"","background-media":"","overlay-type":"","overlay-color":"","overlay-opacity":"","overlay-gradient":""},"mobile":{"background-color":"var(--ast-global-color-5)","background-image":"","background-repeat":"repeat","background-position":"center center","background-size":"auto","background-attachment":"scroll","background-type":"","background-media":"","overlay-type":"","overlay-color":"","overlay-opacity":"","overlay-gradient":""}}},"product_brand":[],"product_cat":[460],"product_tag":[517],"class_list":{"0":"post-406588","1":"product","2":"type-product","3":"status-publish","4":"has-post-thumbnail","6":"product_cat-welcome-trays","7":"product_tag-welcome-tray-emberton","8":"product_shipping_class-taxe-livrare","9":"desktop-align-center","10":"tablet-align-left","11":"mobile-align-left","12":"ast-product-gallery-layout-horizontal-slider","13":"ast-product-tabs-layout-horizontal","14":"ast-qv-on-image","16":"first","17":"onbackorder","18":"taxable","19":"shipping-taxable","20":"purchasable","21":"product-type-simple"},"acf":[],"_links":{"self":[{"href":"https:\/\/accacia.ro\/en\/wp-json\/wp\/v2\/product\/406588","targetHints":{"allow":["GET"]}}],"collection":[{"href":"https:\/\/accacia.ro\/en\/wp-json\/wp\/v2\/product"}],"about":[{"href":"https:\/\/accacia.ro\/en\/wp-json\/wp\/v2\/types\/product"}],"wp:featuredmedia":[{"embeddable":true,"href":"https:\/\/accacia.ro\/en\/wp-json\/wp\/v2\/media\/392613"}],"wp:attachment":[{"href":"https:\/\/accacia.ro\/en\/wp-json\/wp\/v2\/media?parent=406588"}],"wp:term":[{"taxonomy":"product_brand","embeddable":true,"href":"https:\/\/accacia.ro\/en\/wp-json\/wp\/v2\/product_brand?post=406588"},{"taxonomy":"product_cat","embeddable":true,"href":"https:\/\/accacia.ro\/en\/wp-json\/wp\/v2\/product_cat?post=406588"},{"taxonomy":"product_tag","embeddable":true,"href":"https:\/\/accacia.ro\/en\/wp-json\/wp\/v2\/product_tag?post=406588"}],"curies":[{"name":"wp","href":"https:\/\/api.w.org\/{rel}","templated":true}]}}