{"id":406589,"date":"2026-01-30T10:04:20","date_gmt":"2026-01-30T08:04:20","guid":{"rendered":"https:\/\/accacia.ro\/?post_type=product&#038;p=406589"},"modified":"2026-02-26T14:32:47","modified_gmt":"2026-02-26T12:32:47","slug":"tava-intampinare-heywood-melamina-100-set","status":"publish","type":"product","link":"https:\/\/accacia.ro\/en\/product\/tava-intampinare-heywood-melamina-100-set\/","title":{"rendered":"Tava intampinare Heywood melamina 100% set"},"content":{"rendered":"<h2>Descriere general\u0103<\/h2>\n<p>Welcome Tray Heywood 100% melamine &#8211; setul contine 3 componente <\/p>\n<p> tava mare melamina 35 x 21 x 27 cm<br \/>\n suport condimente<br \/>\n tava compacta melamina 25 x 20 x 12 cm <\/p>\n<p>IT DOES NOT CONTAIN THE KETTLE MUG - PURCHASED SEPARATELY <\/p>\n<p>TECHNICAL SPECIFICATION<br \/>\n Innovative &amp; Unique Synthetic Slate Effect Series \u2013 100% Melamine<br \/>\n Slimline \u2013 Elegant &amp; Refined, Stylish &amp; Luxurious <\/p>\n<p> Durable Stain, Scratch &amp; Heat Resistant Melamine<br \/>\n Space Saving Ultra Compact \u2013 uses less space <\/p>\n<p> Certified Food Grade Materials<br \/>\n Elegant Soft Contour Design <\/p>\n<p> Easy Wipe Clean Surface<br \/>\n Robust &amp; Sturdy Construction <\/p>\n<p> Easy to clean - single surface to wipe clean<br \/>\n Neat &amp; Tidy Condiments Presentation <\/p>\n<p> Designed for use with all EMBERTON kettle types<br \/>\n Tray Only \u2013 Kettle Optional Extra <\/p>\n<p> Available with GUILDFORD, MALVERN &amp; CORSHAM Kettle<br \/>\n MAIN TRAY<br \/>\nDimensions: 358 x 258 x 10mm<br \/>\nWeight: 0.50kgs <\/p>\n<p> SERVICE TRAY<br \/>\nDimensions: 235 x 110 x 10mm<br \/>\nWeight: 0.135kgs<br \/>\n AMENITY HOLDER<br \/>\nDimensions: 145 x 75 x 40mm<br \/>\nWeight: 0.130kgs <\/p>\n<h2>Caracteristici tehnice<\/h2>\n<p>&#8211; Dimensiuni aproximative: 37.5 x 22.0 x 28.0 cm<br \/>\n&#8211; Greutate: 1.0 kg<\/p>\n<h2>Beneficii pentru hoteluri<\/h2>\n<p>&#8211; Conceput pentru utilizare intensiv\u0103 \u00een regim hotelier<br \/>\n&#8211; Contribuie la cre\u0219terea confortului \u0219i satisfac\u021biei oaspe\u021bilor<br \/>\n&#8211; Sus\u021bine standardele de calitate \u0219i imagine ale unit\u0103\u021bii de cazare<\/p>\n<h2>Recomand\u0103ri de utilizare<\/h2>\n<p>&#8211; Potrivit pentru hoteluri, pensiuni, resorturi \u0219i apart-hoteluri<br \/>\n&#8211; Recomandat pentru proiecte noi, renov\u0103ri sau standardiz\u0103ri de lan\u021b hotelier<br \/>\n&#8211; Integrare facil\u0103 \u00een fluxurile opera\u021bionale de housekeeping \u0219i front-office<\/p>","protected":false},"excerpt":{"rendered":"<p>Tava intampinare Heywood melamina 100% set \u2013 dotare profesional\u0103 pentru industria hotelier\u0103, conceput\u0103 pentru utilizare intensiv\u0103 \u0219i pentru a oferi fiabilitate \u0219i confort oaspe\u021bilor. \u00cen\u0103l\u021bime aproximativ\u0103: 28.0 cm. Dimensiuni aprox.: 37.5 x 22.0 cm.<\/p>","protected":false},"featured_media":392615,"template":"","meta":{"_acf_changed":false,"site-sidebar-layout":"default","site-content-layout":"","ast-site-content-layout":"default","site-content-style":"default","site-sidebar-style":"default","ast-global-header-display":"","ast-banner-title-visibility":"","ast-main-header-display":"","ast-hfb-above-header-display":"","ast-hfb-below-header-display":"","ast-hfb-mobile-header-display":"","site-post-title":"","ast-breadcrumbs-content":"","ast-featured-img":"","footer-sml-layout":"","ast-disable-related-posts":"","theme-transparent-header-meta":"default","adv-header-id-meta":"","stick-header-meta":"default","header-above-stick-meta":"","header-main-stick-meta":"","header-below-stick-meta":"","astra-migrate-meta-layouts":"set","ast-page-background-enabled":"default","ast-page-background-meta":{"desktop":{"background-color":"","background-image":"","background-repeat":"repeat","background-position":"center center","background-size":"auto","background-attachment":"scroll","background-type":"","background-media":"","overlay-type":"","overlay-color":"","overlay-opacity":"","overlay-gradient":""},"tablet":{"background-color":"","background-image":"","background-repeat":"repeat","background-position":"center center","background-size":"auto","background-attachment":"scroll","background-type":"","background-media":"","overlay-type":"","overlay-color":"","overlay-opacity":"","overlay-gradient":""},"mobile":{"background-color":"","background-image":"","background-repeat":"repeat","background-position":"center center","background-size":"auto","background-attachment":"scroll","background-type":"","background-media":"","overlay-type":"","overlay-color":"","overlay-opacity":"","overlay-gradient":""}},"ast-content-background-meta":{"desktop":{"background-color":"var(--ast-global-color-5)","background-image":"","background-repeat":"repeat","background-position":"center center","background-size":"auto","background-attachment":"scroll","background-type":"","background-media":"","overlay-type":"","overlay-color":"","overlay-opacity":"","overlay-gradient":""},"tablet":{"background-color":"var(--ast-global-color-5)","background-image":"","background-repeat":"repeat","background-position":"center center","background-size":"auto","background-attachment":"scroll","background-type":"","background-media":"","overlay-type":"","overlay-color":"","overlay-opacity":"","overlay-gradient":""},"mobile":{"background-color":"var(--ast-global-color-5)","background-image":"","background-repeat":"repeat","background-position":"center center","background-size":"auto","background-attachment":"scroll","background-type":"","background-media":"","overlay-type":"","overlay-color":"","overlay-opacity":"","overlay-gradient":""}}},"product_brand":[],"product_cat":[460],"product_tag":[662,517],"class_list":{"0":"post-406589","1":"product","2":"type-product","3":"status-publish","4":"has-post-thumbnail","6":"product_cat-welcome-trays","7":"product_tag-tava-intampinare-melamina","8":"product_tag-welcome-tray-emberton","9":"product_shipping_class-taxe-livrare","10":"desktop-align-center","11":"tablet-align-left","12":"mobile-align-left","13":"ast-product-gallery-layout-horizontal-slider","14":"ast-product-tabs-layout-horizontal","15":"ast-qv-on-image","17":"first","18":"instock","19":"sale","20":"taxable","21":"shipping-taxable","22":"purchasable","23":"product-type-simple"},"acf":[],"_links":{"self":[{"href":"https:\/\/accacia.ro\/en\/wp-json\/wp\/v2\/product\/406589","targetHints":{"allow":["GET"]}}],"collection":[{"href":"https:\/\/accacia.ro\/en\/wp-json\/wp\/v2\/product"}],"about":[{"href":"https:\/\/accacia.ro\/en\/wp-json\/wp\/v2\/types\/product"}],"wp:featuredmedia":[{"embeddable":true,"href":"https:\/\/accacia.ro\/en\/wp-json\/wp\/v2\/media\/392615"}],"wp:attachment":[{"href":"https:\/\/accacia.ro\/en\/wp-json\/wp\/v2\/media?parent=406589"}],"wp:term":[{"taxonomy":"product_brand","embeddable":true,"href":"https:\/\/accacia.ro\/en\/wp-json\/wp\/v2\/product_brand?post=406589"},{"taxonomy":"product_cat","embeddable":true,"href":"https:\/\/accacia.ro\/en\/wp-json\/wp\/v2\/product_cat?post=406589"},{"taxonomy":"product_tag","embeddable":true,"href":"https:\/\/accacia.ro\/en\/wp-json\/wp\/v2\/product_tag?post=406589"}],"curies":[{"name":"wp","href":"https:\/\/api.w.org\/{rel}","templated":true}]}}