{"id":406591,"date":"2026-01-30T10:04:20","date_gmt":"2026-01-30T08:04:20","guid":{"rendered":"https:\/\/accacia.ro\/?post_type=product&#038;p=406591"},"modified":"2026-02-26T14:32:47","modified_gmt":"2026-02-26T12:32:47","slug":"cana-fierbator-corsham-1l-inox-hotel-kettle","status":"publish","type":"product","link":"https:\/\/accacia.ro\/en\/product\/cana-fierbator-corsham-1l-inox-hotel-kettle\/","title":{"rendered":"Corsham 1L Inox-Hotel Kettle"},"content":{"rendered":"<h2>Descriere general\u0103<\/h2>\n<p>Cana fierbar inox de 1L capacitate Corsham by Emberton <\/p>\n<p>Corsham Kettle Hotel<br \/>\nBrushed Stainless Steel Kettle 1.0L<br \/>\nPower 800-950 Watt (220-240V, 50-60Hz)<br \/>\nDimensions 190 x 143 x 209mm<br \/>\nOverall height 209mm<br \/>\nTop Diameter 90mm<br \/>\nBase Diameter 143mm<br \/>\nCertification CE, CB, RoHS &amp; GS Approved<br \/>\nWeight 790g<br \/>\nSpecifications<br \/>\nAdvanced Technology Isolation Boil Dry<br \/>\nDual Safe \u2013 Thermostat &amp; Latest Technology Internal Fuse<br \/>\nWater Level Gauge Window<br \/>\nECO saves Water and Energy<br \/>\nConcealed Heating Element for Easy Cleaning<br \/>\nAuto Steam Switch off<br \/>\nAuto Off Power Indicator Light<br \/>\nHinged Trigger Style Locking lid<br \/>\nAvailable in EU &amp; BS plug variants<br \/>\nAvailable in EH Controller &amp; Strix Controller <\/p>\n<p>TECHNICAL SPECIFICATION<br \/>\n Advanced Technology ISOLATION BOIL DRY<br \/>\n DUAL SAFE Thermostat &amp; Latest Technology Internal Fuse<br \/>\n HIGH GRADE SS304 Stainless Steel Body &amp; Heat Plate<br \/>\n Cordless 360\u00b0 SWIVEL<br \/>\n WATER LEVEL Gauge Window <\/p>\n<p> Advanced Technology Isolation Boil Dry<br \/>\n Dual Safe \u2013 Thermostat &amp; Latest Technology Internal Fuse <\/p>\n<p> ECO saves Water and Energy<br \/>\n High Grade SS304 Stainless Steel Body &amp; Heat Plate <\/p>\n<p> 360\u00b0 base with Integrated Cord Tidy<br \/>\n Concealed Heating Element for Easy Cleaning <\/p>\n<p> Auto Steam Switch off<br \/>\n Auto Off Power Indicator Light <\/p>\n<p> Hinged Trigger Style Locking lid<br \/>\n Available in EU &amp; BS plug variants <\/p>\n<p> CE, CB, RoHS &amp; GS Approved<br \/>\n 800-950 Watt (220-240V, 50-60 Hz) <\/p>\n<p> Dimensions: 190mm x 143mm x 209mm<br \/>\n Overall Height: 209mm <\/p>\n<p> Top Diameter: 90mm<br \/>\n Base Diameter: 143mm <\/p>\n<p> Weight: 790g <\/p>\n<h2>Caracteristici tehnice<\/h2>\n<p>&#8211; Greutate: 1.0 kg<\/p>\n<h2>Beneficii pentru hoteluri<\/h2>\n<p>&#8211; Conceput pentru utilizare intensiv\u0103 \u00een regim hotelier<br \/>\n&#8211; Contribuie la cre\u0219terea confortului \u0219i satisfac\u021biei oaspe\u021bilor<br \/>\n&#8211; Sus\u021bine standardele de calitate \u0219i imagine ale unit\u0103\u021bii de cazare<\/p>\n<h2>Recomand\u0103ri de utilizare<\/h2>\n<p>&#8211; Potrivit pentru hoteluri, pensiuni, resorturi \u0219i apart-hoteluri<br \/>\n&#8211; Recomandat pentru proiecte noi, renov\u0103ri sau standardiz\u0103ri de lan\u021b hotelier<br \/>\n&#8211; Integrare facil\u0103 \u00een fluxurile opera\u021bionale de housekeeping \u0219i front-office<\/p>","protected":false},"excerpt":{"rendered":"<p>Cana fierbator Corsham 1L Inox-Hotel Kettle \u2013 dotare profesional\u0103 pentru industria hotelier\u0103, conceput\u0103 pentru utilizare intensiv\u0103 \u0219i pentru a oferi fiabilitate \u0219i confort oaspe\u021bilor.<\/p>","protected":false},"featured_media":392648,"template":"","meta":{"_acf_changed":false,"site-sidebar-layout":"default","site-content-layout":"","ast-site-content-layout":"default","site-content-style":"default","site-sidebar-style":"default","ast-global-header-display":"","ast-banner-title-visibility":"","ast-main-header-display":"","ast-hfb-above-header-display":"","ast-hfb-below-header-display":"","ast-hfb-mobile-header-display":"","site-post-title":"","ast-breadcrumbs-content":"","ast-featured-img":"","footer-sml-layout":"","ast-disable-related-posts":"","theme-transparent-header-meta":"default","adv-header-id-meta":"","stick-header-meta":"default","header-above-stick-meta":"","header-main-stick-meta":"","header-below-stick-meta":"","astra-migrate-meta-layouts":"set","ast-page-background-enabled":"default","ast-page-background-meta":{"desktop":{"background-color":"","background-image":"","background-repeat":"repeat","background-position":"center center","background-size":"auto","background-attachment":"scroll","background-type":"","background-media":"","overlay-type":"","overlay-color":"","overlay-opacity":"","overlay-gradient":""},"tablet":{"background-color":"","background-image":"","background-repeat":"repeat","background-position":"center center","background-size":"auto","background-attachment":"scroll","background-type":"","background-media":"","overlay-type":"","overlay-color":"","overlay-opacity":"","overlay-gradient":""},"mobile":{"background-color":"","background-image":"","background-repeat":"repeat","background-position":"center center","background-size":"auto","background-attachment":"scroll","background-type":"","background-media":"","overlay-type":"","overlay-color":"","overlay-opacity":"","overlay-gradient":""}},"ast-content-background-meta":{"desktop":{"background-color":"var(--ast-global-color-5)","background-image":"","background-repeat":"repeat","background-position":"center center","background-size":"auto","background-attachment":"scroll","background-type":"","background-media":"","overlay-type":"","overlay-color":"","overlay-opacity":"","overlay-gradient":""},"tablet":{"background-color":"var(--ast-global-color-5)","background-image":"","background-repeat":"repeat","background-position":"center center","background-size":"auto","background-attachment":"scroll","background-type":"","background-media":"","overlay-type":"","overlay-color":"","overlay-opacity":"","overlay-gradient":""},"mobile":{"background-color":"var(--ast-global-color-5)","background-image":"","background-repeat":"repeat","background-position":"center center","background-size":"auto","background-attachment":"scroll","background-type":"","background-media":"","overlay-type":"","overlay-color":"","overlay-opacity":"","overlay-gradient":""}}},"product_brand":[],"product_cat":[1360],"product_tag":[675,516],"class_list":{"0":"post-406591","1":"product","2":"type-product","3":"status-publish","4":"has-post-thumbnail","6":"product_cat-cana-fierbator","7":"product_tag-cana-fierbator-inox-1l","8":"product_tag-kettle-emberton","9":"product_shipping_class-taxe-livrare","10":"desktop-align-center","11":"tablet-align-left","12":"mobile-align-left","13":"ast-product-gallery-layout-horizontal-slider","14":"ast-product-tabs-layout-horizontal","15":"ast-qv-on-image","17":"first","18":"instock","19":"taxable","20":"shipping-taxable","21":"purchasable","22":"product-type-simple"},"acf":[],"_links":{"self":[{"href":"https:\/\/accacia.ro\/en\/wp-json\/wp\/v2\/product\/406591","targetHints":{"allow":["GET"]}}],"collection":[{"href":"https:\/\/accacia.ro\/en\/wp-json\/wp\/v2\/product"}],"about":[{"href":"https:\/\/accacia.ro\/en\/wp-json\/wp\/v2\/types\/product"}],"wp:featuredmedia":[{"embeddable":true,"href":"https:\/\/accacia.ro\/en\/wp-json\/wp\/v2\/media\/392648"}],"wp:attachment":[{"href":"https:\/\/accacia.ro\/en\/wp-json\/wp\/v2\/media?parent=406591"}],"wp:term":[{"taxonomy":"product_brand","embeddable":true,"href":"https:\/\/accacia.ro\/en\/wp-json\/wp\/v2\/product_brand?post=406591"},{"taxonomy":"product_cat","embeddable":true,"href":"https:\/\/accacia.ro\/en\/wp-json\/wp\/v2\/product_cat?post=406591"},{"taxonomy":"product_tag","embeddable":true,"href":"https:\/\/accacia.ro\/en\/wp-json\/wp\/v2\/product_tag?post=406591"}],"curies":[{"name":"wp","href":"https:\/\/api.w.org\/{rel}","templated":true}]}}