{"id":406598,"date":"2026-01-30T10:04:21","date_gmt":"2026-01-30T08:04:21","guid":{"rendered":"https:\/\/accacia.ro\/?post_type=product&#038;p=406598"},"modified":"2026-02-26T14:32:48","modified_gmt":"2026-02-26T12:32:48","slug":"masa-de-calcat-indigo-by-bentley-full-size","status":"publish","type":"product","link":"https:\/\/accacia.ro\/en\/product\/masa-de-calcat-indigo-by-bentley-full-size\/","title":{"rendered":"Ironing board Indigo by Bentley Full Size"},"content":{"rendered":"<h2>Descriere general\u0103<\/h2>\n<p>IRONING TABLE INDIGO BLACK MAT<br \/>\nLARGE COMFORTABLE IRONING SURFACE,<br \/>\nFULL SIZE TABLE<br \/>\nLOGICAL USER UNFOLDING\/FOLDING MECHANISM<br \/>\nTHE PLATE IS HEIGHT ADJUSTABLE<br \/>\nSOLID STEEL MAT BLACK LEGS<br \/>\nAVAILABLE WITH OR WITHOUT INTEGRATED HANGER OR SEPARATE ORGANIZER <\/p>\n<h2>Beneficii pentru hoteluri<\/h2>\n<p>&#8211; Conceput pentru utilizare intensiv\u0103 \u00een regim hotelier<br \/>\n&#8211; Contribuie la cre\u0219terea confortului \u0219i satisfac\u021biei oaspe\u021bilor<br \/>\n&#8211; Sus\u021bine standardele de calitate \u0219i imagine ale unit\u0103\u021bii de cazare<\/p>\n<h2>Recomand\u0103ri de utilizare<\/h2>\n<p>&#8211; Potrivit pentru hoteluri, pensiuni, resorturi \u0219i apart-hoteluri<br \/>\n&#8211; Recomandat pentru proiecte noi, renov\u0103ri sau standardiz\u0103ri de lan\u021b hotelier<br \/>\n&#8211; Integrare facil\u0103 \u00een fluxurile opera\u021bionale de housekeeping \u0219i front-office<\/p>","protected":false},"excerpt":{"rendered":"<p>Masa de calcat Indigo by Bentley Full Size \u2013 dotare profesional\u0103 pentru industria hotelier\u0103, conceput\u0103 pentru utilizare intensiv\u0103 \u0219i pentru a oferi fiabilitate \u0219i confort oaspe\u021bilor.<\/p>","protected":false},"featured_media":392707,"template":"","meta":{"_acf_changed":false,"site-sidebar-layout":"","site-content-layout":"","ast-site-content-layout":"","site-content-style":"","site-sidebar-style":"","ast-global-header-display":"","ast-banner-title-visibility":"","ast-main-header-display":"","ast-hfb-above-header-display":"","ast-hfb-below-header-display":"","ast-hfb-mobile-header-display":"","site-post-title":"","ast-breadcrumbs-content":"","ast-featured-img":"","footer-sml-layout":"","ast-disable-related-posts":"","theme-transparent-header-meta":"","adv-header-id-meta":"","stick-header-meta":"","header-above-stick-meta":"","header-main-stick-meta":"","header-below-stick-meta":"","astra-migrate-meta-layouts":"","ast-page-background-enabled":"default","ast-page-background-meta":{"desktop":{"background-color":"","background-image":"","background-repeat":"repeat","background-position":"center center","background-size":"auto","background-attachment":"scroll","background-type":"","background-media":"","overlay-type":"","overlay-color":"","overlay-opacity":"","overlay-gradient":""},"tablet":{"background-color":"","background-image":"","background-repeat":"repeat","background-position":"center center","background-size":"auto","background-attachment":"scroll","background-type":"","background-media":"","overlay-type":"","overlay-color":"","overlay-opacity":"","overlay-gradient":""},"mobile":{"background-color":"","background-image":"","background-repeat":"repeat","background-position":"center center","background-size":"auto","background-attachment":"scroll","background-type":"","background-media":"","overlay-type":"","overlay-color":"","overlay-opacity":"","overlay-gradient":""}},"ast-content-background-meta":{"desktop":{"background-color":"var(--ast-global-color-5)","background-image":"","background-repeat":"repeat","background-position":"center center","background-size":"auto","background-attachment":"scroll","background-type":"","background-media":"","overlay-type":"","overlay-color":"","overlay-opacity":"","overlay-gradient":""},"tablet":{"background-color":"var(--ast-global-color-5)","background-image":"","background-repeat":"repeat","background-position":"center center","background-size":"auto","background-attachment":"scroll","background-type":"","background-media":"","overlay-type":"","overlay-color":"","overlay-opacity":"","overlay-gradient":""},"mobile":{"background-color":"var(--ast-global-color-5)","background-image":"","background-repeat":"repeat","background-position":"center center","background-size":"auto","background-attachment":"scroll","background-type":"","background-media":"","overlay-type":"","overlay-color":"","overlay-opacity":"","overlay-gradient":""}}},"product_brand":[],"product_cat":[404],"product_tag":[513],"class_list":{"0":"post-406598","1":"product","2":"type-product","3":"status-publish","4":"has-post-thumbnail","6":"product_cat-masa-calcat","7":"product_tag-masa-calcat-bentley","8":"product_shipping_class-taxe-livrare","9":"desktop-align-center","10":"tablet-align-left","11":"mobile-align-left","12":"ast-product-gallery-layout-horizontal-slider","13":"ast-product-gallery-with-no-image","14":"ast-product-tabs-layout-horizontal","15":"ast-qv-on-image","17":"first","18":"onbackorder","19":"taxable","20":"shipping-taxable","21":"purchasable","22":"product-type-simple"},"acf":[],"_links":{"self":[{"href":"https:\/\/accacia.ro\/en\/wp-json\/wp\/v2\/product\/406598","targetHints":{"allow":["GET"]}}],"collection":[{"href":"https:\/\/accacia.ro\/en\/wp-json\/wp\/v2\/product"}],"about":[{"href":"https:\/\/accacia.ro\/en\/wp-json\/wp\/v2\/types\/product"}],"wp:featuredmedia":[{"embeddable":true,"href":"https:\/\/accacia.ro\/en\/wp-json\/wp\/v2\/media\/392707"}],"wp:attachment":[{"href":"https:\/\/accacia.ro\/en\/wp-json\/wp\/v2\/media?parent=406598"}],"wp:term":[{"taxonomy":"product_brand","embeddable":true,"href":"https:\/\/accacia.ro\/en\/wp-json\/wp\/v2\/product_brand?post=406598"},{"taxonomy":"product_cat","embeddable":true,"href":"https:\/\/accacia.ro\/en\/wp-json\/wp\/v2\/product_cat?post=406598"},{"taxonomy":"product_tag","embeddable":true,"href":"https:\/\/accacia.ro\/en\/wp-json\/wp\/v2\/product_tag?post=406598"}],"curies":[{"name":"wp","href":"https:\/\/api.w.org\/{rel}","templated":true}]}}