{"id":406602,"date":"2026-01-30T10:04:21","date_gmt":"2026-01-30T08:04:21","guid":{"rendered":"https:\/\/accacia.ro\/?post_type=product&#038;p=406602"},"modified":"2026-02-26T14:32:49","modified_gmt":"2026-02-26T12:32:49","slug":"fier-de-calcat-steam-iron-by-bentley","status":"publish","type":"product","link":"https:\/\/accacia.ro\/en\/product\/fier-de-calcat-steam-iron-by-bentley\/","title":{"rendered":"Steam Iron by Bentley"},"content":{"rendered":"<h2>Descriere general\u0103<\/h2>\n<p>BLACK STEAM IRON <\/p>\n<p>SAFE AUTO SHUT-OFF AFTER 30 SECONDS WHEN UNUSED AND HORIZONTAL (8 MINUTES WHEN VERTICAL)<br \/>\nSCRATCH RESISTANT NANO CERAMIC SOLEPLATE<br \/>\nRED &quot;IN USE&quot; INDICATOR LIGHT<br \/>\nPOWERFUL STEAM BLAST &amp; SPRAY FUNCTION (70 G\/MIN)<br \/>\nLARGE OPENING, TO PREVENT WATER SPILLAGE, NON-DRIP<br \/>\nCONVENIENT CABLE BUMPER <\/p>\n<p>Features<br \/>\n\u2022 safe auto shut-off after 30 seconds when<br \/>\nunused and horizontal (8 minutes when vertical)<br \/>\n\u2022 scratch resistant nano ceramic soleplate<br \/>\n\u2022 red &#039;in use&#039; indicator light<br \/>\n\u2022 powerful steam blast &amp; spray function<br \/>\n(70g\/min)<br \/>\n\u2022 large opening, to prevent water spillage,<br \/>\nnon-drip<br \/>\n\u2022 convenient cable bumper<br \/>\nSpecifications<br \/>\nSIZES &amp; WEIGHTS<br \/>\nwxdxh<br \/>\n27 x 11.5 x 17 cm<br \/>\nweight 1.2 kg<br \/>\nwater capacity 250 ml water tank<br \/>\nELECTRICAL INFORMATION<br \/>\nelectrical power 1600-2000 W<br \/>\n(220-240v ~50-60 Hz)<br \/>\ncord length 250 cm cord<\/p>\n<h2>Beneficii pentru hoteluri<\/h2>\n<p>&#8211; Conceput pentru utilizare intensiv\u0103 \u00een regim hotelier<br \/>\n&#8211; Contribuie la cre\u0219terea confortului \u0219i satisfac\u021biei oaspe\u021bilor<br \/>\n&#8211; Sus\u021bine standardele de calitate \u0219i imagine ale unit\u0103\u021bii de cazare<\/p>\n<h2>Recomand\u0103ri de utilizare<\/h2>\n<p>&#8211; Potrivit pentru hoteluri, pensiuni, resorturi \u0219i apart-hoteluri<br \/>\n&#8211; Recomandat pentru proiecte noi, renov\u0103ri sau standardiz\u0103ri de lan\u021b hotelier<br \/>\n&#8211; Integrare facil\u0103 \u00een fluxurile opera\u021bionale de housekeeping \u0219i front-office<\/p>","protected":false},"excerpt":{"rendered":"<p>Fier de calcat Steam Iron by Bentley \u2013 dotare profesional\u0103 pentru industria hotelier\u0103, conceput\u0103 pentru utilizare intensiv\u0103 \u0219i pentru a oferi fiabilitate \u0219i confort oaspe\u021bilor.<\/p>","protected":false},"featured_media":392715,"template":"","meta":{"_acf_changed":false,"site-sidebar-layout":"","site-content-layout":"","ast-site-content-layout":"","site-content-style":"","site-sidebar-style":"","ast-global-header-display":"","ast-banner-title-visibility":"","ast-main-header-display":"","ast-hfb-above-header-display":"","ast-hfb-below-header-display":"","ast-hfb-mobile-header-display":"","site-post-title":"","ast-breadcrumbs-content":"","ast-featured-img":"","footer-sml-layout":"","ast-disable-related-posts":"","theme-transparent-header-meta":"","adv-header-id-meta":"","stick-header-meta":"","header-above-stick-meta":"","header-main-stick-meta":"","header-below-stick-meta":"","astra-migrate-meta-layouts":"","ast-page-background-enabled":"default","ast-page-background-meta":{"desktop":{"background-color":"","background-image":"","background-repeat":"repeat","background-position":"center center","background-size":"auto","background-attachment":"scroll","background-type":"","background-media":"","overlay-type":"","overlay-color":"","overlay-opacity":"","overlay-gradient":""},"tablet":{"background-color":"","background-image":"","background-repeat":"repeat","background-position":"center center","background-size":"auto","background-attachment":"scroll","background-type":"","background-media":"","overlay-type":"","overlay-color":"","overlay-opacity":"","overlay-gradient":""},"mobile":{"background-color":"","background-image":"","background-repeat":"repeat","background-position":"center center","background-size":"auto","background-attachment":"scroll","background-type":"","background-media":"","overlay-type":"","overlay-color":"","overlay-opacity":"","overlay-gradient":""}},"ast-content-background-meta":{"desktop":{"background-color":"var(--ast-global-color-5)","background-image":"","background-repeat":"repeat","background-position":"center center","background-size":"auto","background-attachment":"scroll","background-type":"","background-media":"","overlay-type":"","overlay-color":"","overlay-opacity":"","overlay-gradient":""},"tablet":{"background-color":"var(--ast-global-color-5)","background-image":"","background-repeat":"repeat","background-position":"center center","background-size":"auto","background-attachment":"scroll","background-type":"","background-media":"","overlay-type":"","overlay-color":"","overlay-opacity":"","overlay-gradient":""},"mobile":{"background-color":"var(--ast-global-color-5)","background-image":"","background-repeat":"repeat","background-position":"center center","background-size":"auto","background-attachment":"scroll","background-type":"","background-media":"","overlay-type":"","overlay-color":"","overlay-opacity":"","overlay-gradient":""}}},"product_brand":[],"product_cat":[1361],"product_tag":[512],"class_list":{"0":"post-406602","1":"product","2":"type-product","3":"status-publish","4":"has-post-thumbnail","6":"product_cat-fier-de-calcat-minibar-si-produse-electrice","7":"product_tag-fier-calcat-bentley","8":"product_shipping_class-taxe-livrare","9":"desktop-align-center","10":"tablet-align-left","11":"mobile-align-left","12":"ast-product-gallery-layout-horizontal-slider","13":"ast-product-tabs-layout-horizontal","14":"ast-qv-on-image","16":"first","17":"onbackorder","18":"taxable","19":"shipping-taxable","20":"purchasable","21":"product-type-simple"},"acf":[],"_links":{"self":[{"href":"https:\/\/accacia.ro\/en\/wp-json\/wp\/v2\/product\/406602","targetHints":{"allow":["GET"]}}],"collection":[{"href":"https:\/\/accacia.ro\/en\/wp-json\/wp\/v2\/product"}],"about":[{"href":"https:\/\/accacia.ro\/en\/wp-json\/wp\/v2\/types\/product"}],"wp:featuredmedia":[{"embeddable":true,"href":"https:\/\/accacia.ro\/en\/wp-json\/wp\/v2\/media\/392715"}],"wp:attachment":[{"href":"https:\/\/accacia.ro\/en\/wp-json\/wp\/v2\/media?parent=406602"}],"wp:term":[{"taxonomy":"product_brand","embeddable":true,"href":"https:\/\/accacia.ro\/en\/wp-json\/wp\/v2\/product_brand?post=406602"},{"taxonomy":"product_cat","embeddable":true,"href":"https:\/\/accacia.ro\/en\/wp-json\/wp\/v2\/product_cat?post=406602"},{"taxonomy":"product_tag","embeddable":true,"href":"https:\/\/accacia.ro\/en\/wp-json\/wp\/v2\/product_tag?post=406602"}],"curies":[{"name":"wp","href":"https:\/\/api.w.org\/{rel}","templated":true}]}}