{"id":406604,"date":"2026-01-30T10:04:21","date_gmt":"2026-01-30T08:04:21","guid":{"rendered":"https:\/\/accacia.ro\/?post_type=product&#038;p=406604"},"modified":"2026-02-26T14:32:49","modified_gmt":"2026-02-26T12:32:49","slug":"carucior-camerista-emotion-505021-by-filmop","status":"publish","type":"product","link":"https:\/\/accacia.ro\/en\/product\/carucior-camerista-emotion-505021-by-filmop\/","title":{"rendered":"Emotion maid trolley 505021 by Filmop"},"content":{"rendered":"<h2>Descriere general\u0103<\/h2>\n<p>Carucior camerista &#8211; Housekeeping trolley Emotion 0505021 by Filmop . <\/p>\n<p>Service trolley to carry clean towels and linen and collect dirty laundry in hotels and communities. <\/p>\n<p>Carbon footprint<br \/>\nFilmop is certified with the Systematic Approach to the Carbon Footprint, carried out in accordance with UNI EN ISO 14067:2018, which allows the quantification of the environmental impact of the product expressed in CO2 emitted at each stage of the life cycle <\/p>\n<p>EcoBoxLogo<br \/>\nECOLOGICAL PRODUCT<br \/>\nProduct made from separable materials and therefore recyclable at end of life <\/p>\n<p>CHARACTERISTICS<br \/>\nMade of high-quality copolymer polypropylene: light, shock-resistant, resistant to low temperatures<br \/>\nIt&#039;s handy, strong, highly modular and easy to clean<br \/>\nElegant, beautiful and good-looking troller<br \/>\nThanks to its many components, this trolley can be fully accessorized and is therefore ideal for any situation: not only for changing from dirty to clean linen, but also for cleaning the room and bathroom, for collecting waste and mini-filling the bar .<br \/>\nThe base is equipped with an additional fifth wheel in the middle to be much stronger in case of a heavily loaded trolley<br \/>\nThe large shelf can support a weight of up to 30 kg and the small shelf up to 15 kg, as long as it is evenly distributed over the entire surface<br \/>\nThe side walls can be customized with images, special designs, pictures or brands on request. The cart becomes an advertising vehicle or an integrated part of the environment in which it is used<br \/>\nThe foldable bag holder allows the overall dimensions of the stroller to be considerably reduced after use. It is equipped with an ergonomic push bar and rubber bumpers<br \/>\nHandy and ergonomic handle with a hollow space and rubber lace where cleaning tools can be kept at the end of work operations<br \/>\nHandy sliding trays with lock and removable key, ideal for storing work and personal tools such as mobile phone, tablet, documents etc... and keeping them safe.<br \/>\nStrong shelves with smooth surface for easy cleaning and sliding limiter for maximum safety<br \/>\nIt is also available with doors for maximum hygiene and security<br \/>\nPossibility to add additional shelves and\/or drawers 10 L, 22 L, 40 L, with or without locks<br \/>\nRecommended for room service 10-12 people \u2013 Maximum capacity of large extendable shelves 30 kg, small 15 kg <\/p>\n<p>MATERIAL<br \/>\nPolypropylene copolymer <\/p>\n<p> DESCRIPTION Items included <\/p>\n<p>0000SM00165 Set of light gray T-shaped closing plugs for vertical frames (6 pcs) 2 pcs<br \/>\nP075130Q Basic extension with rubber wheel \u00f8 125 mm 1 pc.<br \/>\nP130001Q Plastic and rubber door stopper 1 pc.<br \/>\nP166131Q Long base with 5 rubber wheels \u00f8 125 mm and protective bars \u00f8 200 mm 1 pc.<br \/>\nP1908839E Locking device for side walls 1 pc.<br \/>\nP1918802E Fixed large side wall 2 pcs<br \/>\nP1948802E Small fixed side wall 2 pcs<br \/>\nP2038805E Large vertical frame, 1 side for T-plugs + 1 side with slides, complete with screws 2 pcs.<br \/>\nP2038806E Small vertical frame, 1 smooth side + 1 side with slides 2 pcs<br \/>\nP2038807E Small vertical frame, 2 sides with slides 1 pc.<br \/>\nP2229909U Plastic sliding drawer 10 L with lock 3 pcs<br \/>\nP2229910Q Small extendable shelf 1 pc.<br \/>\nP2229911Q Long extendable shelf 1 pc.<br \/>\nP2328801Q Large fixed shelf with seat for vertical frame 1 pc.<br \/>\nP2908820Q Right closing profile for Emotion strollers without door 1 pc.<br \/>\nP2908821Q Left closing profile for Emotion strollers without door 1 pc.<br \/>\nP3228801QU Fixed long shelf with seat for vertical frame and central tray support 1 pc.<br \/>\nP3229915U Removable gray plastic tray with sliding limiter and removable locking key 2 pcs.<br \/>\nP3908833Q Right closing profile with handle for Emotion strollers without door 1 pc.<br \/>\nP8268803Q Left folding bag holder 120 L with bumpers for Emotion strollers without door 1 pc.<br \/>\nACCESSORIES TO ORDER AS SEPARATE ITEMS <\/p>\n<p> DESCRIPTION PURCHASE OPTIONS:<br \/>\n0000AT0120E Plastic-coated bag 120L with handle, gray 1 pc.<\/p>\n<h2>Caracteristici tehnice<\/h2>\n<p>&#8211; Greutate: 45.0 kg<\/p>\n<h2>Beneficii pentru hoteluri<\/h2>\n<p>&#8211; Conceput pentru utilizare intensiv\u0103 \u00een regim hotelier<br \/>\n&#8211; Contribuie la cre\u0219terea confortului \u0219i satisfac\u021biei oaspe\u021bilor<br \/>\n&#8211; Sus\u021bine standardele de calitate \u0219i imagine ale unit\u0103\u021bii de cazare<\/p>\n<h2>Recomand\u0103ri de utilizare<\/h2>\n<p>&#8211; Potrivit pentru hoteluri, pensiuni, resorturi \u0219i apart-hoteluri<br \/>\n&#8211; Recomandat pentru proiecte noi, renov\u0103ri sau standardiz\u0103ri de lan\u021b hotelier<br \/>\n&#8211; Integrare facil\u0103 \u00een fluxurile opera\u021bionale de housekeeping \u0219i front-office<\/p>","protected":false},"excerpt":{"rendered":"<p>Carucior camerista Emotion 505021 by Filmop \u2013 dotare profesional\u0103 pentru industria hotelier\u0103, conceput\u0103 pentru utilizare intensiv\u0103 \u0219i pentru a oferi fiabilitate \u0219i confort oaspe\u021bilor.<\/p>","protected":false},"featured_media":392726,"template":"","meta":{"_acf_changed":false,"site-sidebar-layout":"","site-content-layout":"","ast-site-content-layout":"","site-content-style":"","site-sidebar-style":"","ast-global-header-display":"","ast-banner-title-visibility":"","ast-main-header-display":"","ast-hfb-above-header-display":"","ast-hfb-below-header-display":"","ast-hfb-mobile-header-display":"","site-post-title":"","ast-breadcrumbs-content":"","ast-featured-img":"","footer-sml-layout":"","ast-disable-related-posts":"","theme-transparent-header-meta":"","adv-header-id-meta":"","stick-header-meta":"","header-above-stick-meta":"","header-main-stick-meta":"","header-below-stick-meta":"","astra-migrate-meta-layouts":"","ast-page-background-enabled":"default","ast-page-background-meta":{"desktop":{"background-color":"","background-image":"","background-repeat":"repeat","background-position":"center center","background-size":"auto","background-attachment":"scroll","background-type":"","background-media":"","overlay-type":"","overlay-color":"","overlay-opacity":"","overlay-gradient":""},"tablet":{"background-color":"","background-image":"","background-repeat":"repeat","background-position":"center center","background-size":"auto","background-attachment":"scroll","background-type":"","background-media":"","overlay-type":"","overlay-color":"","overlay-opacity":"","overlay-gradient":""},"mobile":{"background-color":"","background-image":"","background-repeat":"repeat","background-position":"center center","background-size":"auto","background-attachment":"scroll","background-type":"","background-media":"","overlay-type":"","overlay-color":"","overlay-opacity":"","overlay-gradient":""}},"ast-content-background-meta":{"desktop":{"background-color":"var(--ast-global-color-5)","background-image":"","background-repeat":"repeat","background-position":"center center","background-size":"auto","background-attachment":"scroll","background-type":"","background-media":"","overlay-type":"","overlay-color":"","overlay-opacity":"","overlay-gradient":""},"tablet":{"background-color":"var(--ast-global-color-5)","background-image":"","background-repeat":"repeat","background-position":"center center","background-size":"auto","background-attachment":"scroll","background-type":"","background-media":"","overlay-type":"","overlay-color":"","overlay-opacity":"","overlay-gradient":""},"mobile":{"background-color":"var(--ast-global-color-5)","background-image":"","background-repeat":"repeat","background-position":"center center","background-size":"auto","background-attachment":"scroll","background-type":"","background-media":"","overlay-type":"","overlay-color":"","overlay-opacity":"","overlay-gradient":""}}},"product_brand":[],"product_cat":[374],"product_tag":[511],"class_list":{"0":"post-406604","1":"product","2":"type-product","3":"status-publish","4":"has-post-thumbnail","6":"product_cat-carucioare-cameriste","7":"product_tag-carucior-filmop","8":"product_shipping_class-livrare-gratuita","9":"desktop-align-center","10":"tablet-align-left","11":"mobile-align-left","12":"ast-product-gallery-layout-horizontal-slider","13":"ast-product-gallery-with-no-image","14":"ast-product-tabs-layout-horizontal","15":"ast-qv-on-image","17":"first","18":"onbackorder","19":"taxable","20":"shipping-taxable","21":"purchasable","22":"product-type-simple"},"acf":[],"_links":{"self":[{"href":"https:\/\/accacia.ro\/en\/wp-json\/wp\/v2\/product\/406604","targetHints":{"allow":["GET"]}}],"collection":[{"href":"https:\/\/accacia.ro\/en\/wp-json\/wp\/v2\/product"}],"about":[{"href":"https:\/\/accacia.ro\/en\/wp-json\/wp\/v2\/types\/product"}],"wp:featuredmedia":[{"embeddable":true,"href":"https:\/\/accacia.ro\/en\/wp-json\/wp\/v2\/media\/392726"}],"wp:attachment":[{"href":"https:\/\/accacia.ro\/en\/wp-json\/wp\/v2\/media?parent=406604"}],"wp:term":[{"taxonomy":"product_brand","embeddable":true,"href":"https:\/\/accacia.ro\/en\/wp-json\/wp\/v2\/product_brand?post=406604"},{"taxonomy":"product_cat","embeddable":true,"href":"https:\/\/accacia.ro\/en\/wp-json\/wp\/v2\/product_cat?post=406604"},{"taxonomy":"product_tag","embeddable":true,"href":"https:\/\/accacia.ro\/en\/wp-json\/wp\/v2\/product_tag?post=406604"}],"curies":[{"name":"wp","href":"https:\/\/api.w.org\/{rel}","templated":true}]}}