{"id":406723,"date":"2026-01-30T10:05:02","date_gmt":"2026-01-30T08:05:02","guid":{"rendered":"https:\/\/accacia.ro\/?post_type=product&#038;p=406723"},"modified":"2026-02-26T14:33:06","modified_gmt":"2026-02-26T12:33:06","slug":"tava-intampinare-piele-eco-space-by-b-tray","status":"publish","type":"product","link":"https:\/\/accacia.ro\/en\/product\/tava-intampinare-piele-eco-space-by-b-tray\/","title":{"rendered":"Eco leather welcome tray SPACE by B-tray"},"content":{"rendered":"<h2>Descriere general\u0103<\/h2>\n<p> B-TRAY SPACE | Piele Ecologica <\/p>\n<p> Made of durable PU leather<br \/>\n Potrivit pentru toate aparatele de cafea Nespresso\u00ae utilizate \u00een mod obi\u0219nuit \u0219i pentru aparatul nostru de cafea START<br \/>\n Drawer for dust-free storage of spices<br \/>\n 2 removable inlays to hold 2 types of Nespresso\u00ae capsules<br \/>\n Available with different types of B-TRAY teapots<br \/>\n Also suitable for your own hotel kettle<br \/>\n 2 years warranty <\/p>\n<p> Aceast\u0103 tav\u0103 de ospitalitate din piele artificial\u0103 este disponibil\u0103 cu un fierb\u0103tor pentru hotel , aparat de cafea \u0219i ce\u0219ti pentru cappuccino op\u021bional . <\/p>\n<p> Specifications <\/p>\n<p> Specifications sheet <\/p>\n<p> SPACE spec sheet <\/p>\n<p> Material tray <\/p>\n<p> PU leather, black <\/p>\n<p> Tray size <\/p>\n<p> L315 x D415 x H78mm<br \/>\nInner size: L300 x D400mm <\/p>\n<p> Sections <\/p>\n<p> \u2013 L60 x D275 x H45 mm (2x)<br \/>\n\u2013 L75 x D135 x H45 mm (2x) <\/p>\n<p> features <\/p>\n<p> The drawer is equipped with 2 removable foam inlays to hold 2 types of Nespresso capsules: standard size and professional grand crus <\/p>\n<p> Details <\/p>\n<p> Background <\/p>\n<p> 4 transparent furniture protection sliders<br \/>\nGuiding the kettle wire <\/p>\n<p> Cleaning instructions <\/p>\n<p> Instructions for cleaning kettles and trays <\/p>\n<p> Wire guidance <\/p>\n<p> Top of tray through gap (left, right and back) <\/p>\n<p> mark <\/p>\n<p> Private label <\/p>\n<p> Kettle capacity <\/p>\n<p> STAR: 0.5 liters (water saving)<br \/>\nSTAR-BLACK: 0.5 liters (water saving)<br \/>\nSTYLE: 1.0 liters <\/p>\n<p> Power (watts) <\/p>\n<p> STAR: 1000W (energy efficient)<br \/>\nSTAR-BLACK: 1000W (energy efficient)<br \/>\nSTYLE: 1500W <\/p>\n<p> Water kettle material <\/p>\n<p> Plastic with stainless steel 304 (brushed) <\/p>\n<p> certified <\/p>\n<p> CE, CB, GS and RoHS approved (Intertek) <\/p>\n<p> Wireless <\/p>\n<p> Yes <\/p>\n<p> plugs <\/p>\n<p> Euro plug (2 pins)<br \/>\nUK plug (3 pin)<br \/>\nswiss plug (3 pin) <\/p>\n<p> Wire length <\/p>\n<p> 75 cm <\/p>\n<p> Heating element <\/p>\n<p> integrity <\/p>\n<p> Automatic stop when boiling <\/p>\n<p> Yes <\/p>\n<p> Anti-limescale filter <\/p>\n<p> Yes, removable <\/p>\n<p> Dry boil protection <\/p>\n<p> Yes, overheat protection <\/p>\n<p> Suitable for right-handed and left-handed guests <\/p>\n<p> Yes, 360\u00b0 rotation <\/p>\n<p> capacity cups <\/p>\n<p> 20 cl <\/p>\n<p> mark <\/p>\n<p> Walk\u00fcre (Germany) <\/p>\n<p> Quality <\/p>\n<p> High quality hotel porcelain<br \/>\n(Red Dot Design Award winner) <\/p>\n<p> It can be washed in the dishwasher <\/p>\n<p> Yes, and in the professional dishwasher <\/p>\n<p> Number of colors <\/p>\n<p> 12 standard colors <\/p>\n<p> Stackable <\/p>\n<p> Yes <\/p>\n<h2>Beneficii pentru hoteluri<\/h2>\n<p>&#8211; Conceput pentru utilizare intensiv\u0103 \u00een regim hotelier<br \/>\n&#8211; Contribuie la cre\u0219terea confortului \u0219i satisfac\u021biei oaspe\u021bilor<br \/>\n&#8211; Sus\u021bine standardele de calitate \u0219i imagine ale unit\u0103\u021bii de cazare<\/p>\n<h2>Recomand\u0103ri de utilizare<\/h2>\n<p>&#8211; Potrivit pentru hoteluri, pensiuni, resorturi \u0219i apart-hoteluri<br \/>\n&#8211; Recomandat pentru proiecte noi, renov\u0103ri sau standardiz\u0103ri de lan\u021b hotelier<br \/>\n&#8211; Integrare facil\u0103 \u00een fluxurile opera\u021bionale de housekeeping \u0219i front-office<\/p>","protected":false},"excerpt":{"rendered":"<p>Tava intampinare piele eco SPACE by B-tray \u2013 dotare profesional\u0103 pentru industria hotelier\u0103, conceput\u0103 pentru utilizare intensiv\u0103 \u0219i pentru a oferi fiabilitate \u0219i confort oaspe\u021bilor.<\/p>","protected":false},"featured_media":396171,"template":"","meta":{"_acf_changed":false,"site-sidebar-layout":"default","site-content-layout":"","ast-site-content-layout":"default","site-content-style":"default","site-sidebar-style":"default","ast-global-header-display":"","ast-banner-title-visibility":"","ast-main-header-display":"","ast-hfb-above-header-display":"","ast-hfb-below-header-display":"","ast-hfb-mobile-header-display":"","site-post-title":"","ast-breadcrumbs-content":"","ast-featured-img":"","footer-sml-layout":"","ast-disable-related-posts":"","theme-transparent-header-meta":"default","adv-header-id-meta":"","stick-header-meta":"default","header-above-stick-meta":"","header-main-stick-meta":"","header-below-stick-meta":"","astra-migrate-meta-layouts":"set","ast-page-background-enabled":"default","ast-page-background-meta":{"desktop":{"background-color":"","background-image":"","background-repeat":"repeat","background-position":"center center","background-size":"auto","background-attachment":"scroll","background-type":"","background-media":"","overlay-type":"","overlay-color":"","overlay-opacity":"","overlay-gradient":""},"tablet":{"background-color":"","background-image":"","background-repeat":"repeat","background-position":"center center","background-size":"auto","background-attachment":"scroll","background-type":"","background-media":"","overlay-type":"","overlay-color":"","overlay-opacity":"","overlay-gradient":""},"mobile":{"background-color":"","background-image":"","background-repeat":"repeat","background-position":"center center","background-size":"auto","background-attachment":"scroll","background-type":"","background-media":"","overlay-type":"","overlay-color":"","overlay-opacity":"","overlay-gradient":""}},"ast-content-background-meta":{"desktop":{"background-color":"var(--ast-global-color-5)","background-image":"","background-repeat":"repeat","background-position":"center center","background-size":"auto","background-attachment":"scroll","background-type":"","background-media":"","overlay-type":"","overlay-color":"","overlay-opacity":"","overlay-gradient":""},"tablet":{"background-color":"var(--ast-global-color-5)","background-image":"","background-repeat":"repeat","background-position":"center center","background-size":"auto","background-attachment":"scroll","background-type":"","background-media":"","overlay-type":"","overlay-color":"","overlay-opacity":"","overlay-gradient":""},"mobile":{"background-color":"var(--ast-global-color-5)","background-image":"","background-repeat":"repeat","background-position":"center center","background-size":"auto","background-attachment":"scroll","background-type":"","background-media":"","overlay-type":"","overlay-color":"","overlay-opacity":"","overlay-gradient":""}}},"product_brand":[],"product_cat":[460],"product_tag":[],"class_list":{"0":"post-406723","1":"product","2":"type-product","3":"status-publish","4":"has-post-thumbnail","6":"product_cat-welcome-trays","7":"desktop-align-center","8":"tablet-align-left","9":"mobile-align-left","10":"ast-product-gallery-layout-horizontal-slider","11":"ast-product-tabs-layout-horizontal","12":"ast-qv-on-image","14":"first","15":"instock","16":"taxable","17":"shipping-taxable","18":"purchasable","19":"product-type-simple"},"acf":[],"_links":{"self":[{"href":"https:\/\/accacia.ro\/en\/wp-json\/wp\/v2\/product\/406723","targetHints":{"allow":["GET"]}}],"collection":[{"href":"https:\/\/accacia.ro\/en\/wp-json\/wp\/v2\/product"}],"about":[{"href":"https:\/\/accacia.ro\/en\/wp-json\/wp\/v2\/types\/product"}],"wp:featuredmedia":[{"embeddable":true,"href":"https:\/\/accacia.ro\/en\/wp-json\/wp\/v2\/media\/396171"}],"wp:attachment":[{"href":"https:\/\/accacia.ro\/en\/wp-json\/wp\/v2\/media?parent=406723"}],"wp:term":[{"taxonomy":"product_brand","embeddable":true,"href":"https:\/\/accacia.ro\/en\/wp-json\/wp\/v2\/product_brand?post=406723"},{"taxonomy":"product_cat","embeddable":true,"href":"https:\/\/accacia.ro\/en\/wp-json\/wp\/v2\/product_cat?post=406723"},{"taxonomy":"product_tag","embeddable":true,"href":"https:\/\/accacia.ro\/en\/wp-json\/wp\/v2\/product_tag?post=406723"}],"curies":[{"name":"wp","href":"https:\/\/api.w.org\/{rel}","templated":true}]}}