{"id":406725,"date":"2026-01-30T10:05:02","date_gmt":"2026-01-30T08:05:02","guid":{"rendered":"https:\/\/accacia.ro\/?post_type=product&#038;p=406725"},"modified":"2026-02-26T14:33:06","modified_gmt":"2026-02-26T12:33:06","slug":"tava-intampinare-slim-by-b-tray","status":"publish","type":"product","link":"https:\/\/accacia.ro\/en\/product\/tava-intampinare-slim-by-b-tray\/","title":{"rendered":"SLIM by B-tray welcome tray"},"content":{"rendered":"<h2>Descriere general\u0103<\/h2>\n<p> B-TRAY SLIM | MDF negru <\/p>\n<p> Ultra compact, saves space<br \/>\n Made of high quality MDF<br \/>\n Available with different types of hotel teapots<br \/>\n Anti-theft system for the kettle power base<br \/>\n Easy to clean thanks to the rounded edges<br \/>\n B-TRAY plants 1 tree for every 5 trays sold<br \/>\n 2 years warranty <\/p>\n<p> Aceast\u0103 tav\u0103 compact\u0103 de hotel este disponibil\u0103 cu un fierb\u0103tor de ap\u0103 de hotel op\u021bional \u0219i ce\u0219ti de cafea\/ceai . <\/p>\n<p>Specifications<br \/>\nSpecifications sheet<br \/>\nSLIM specification sheet<br \/>\nMaterial tray<br \/>\nMDF, black<br \/>\nFinishing<br \/>\nUltra-resistant varnish to minimize scratches and stains<br \/>\nTray size<br \/>\nL258 x D258 x H40mm<br \/>\nHeight including teapot: 212\/252mm<br \/>\nSections<br \/>\n\u2013 For tea bags: L70 x D6 x H20mm (3x)<br \/>\n\u2013 For sugar sticks\/milk: L142 x D70 x H25mm (1x)<br \/>\n\u2013 For teapot supply base: \u00d8 145mm \u2013 H18mm<br \/>\nDetails<br \/>\nBackground<br \/>\n4 transparent furniture protection sliders<br \/>\nAnti-theft system for the kettle power base<br \/>\nCleaning instructions<br \/>\nInstructions for cleaning kettles and trays<br \/>\nmark<br \/>\nPrivate label<br \/>\nKettle capacity<br \/>\nSTAR: 0.5 liters (water saving)<br \/>\nSTAR-BLACK: 0.5 liters (water saving)<br \/>\nSTYLE: 1.0 liters<br \/>\nPower (watts)<br \/>\nSTAR: 1000W (energy efficient)<br \/>\nSTAR-BLACK: 1000W (energy efficient)<br \/>\nSTYLE: 1500W<br \/>\nWater kettle material<br \/>\nPlastic with stainless steel 304 (brushed)<br \/>\ncertified<br \/>\nCE, CB, GS and RoHS approved (Intertek)<br \/>\nWireless<br \/>\nYes<br \/>\nplugs<br \/>\nEuro plug (2 pins)<br \/>\nUK plug (3 pin)<br \/>\nswiss plug (3 pin)<br \/>\nWire length<br \/>\n75 cm<br \/>\nHeating element<br \/>\nintegrity<br \/>\nAutomatic stop when boiling<br \/>\nYes<br \/>\nAnti-limescale filter<br \/>\nYes, removable<br \/>\nDry boil protection<br \/>\nYes, overheat protection<br \/>\nSuitable for right-handed and left-handed guests<br \/>\nYes, 360\u00b0 rotation<br \/>\ncapacity cups<br \/>\n20 cl<br \/>\nmark<br \/>\nWalk\u00fcre (Germany)<br \/>\nQuality<br \/>\nHigh quality hotel porcelain (Red Dot Design Award winner)<br \/>\nIt can be washed in the dishwasher<br \/>\nYes, and in the professional dishwasher<br \/>\nNumber of colors<br \/>\n12 standard colors<br \/>\nStackable<br \/>\nYes <\/p>\n<h2>Beneficii pentru hoteluri<\/h2>\n<p>&#8211; Conceput pentru utilizare intensiv\u0103 \u00een regim hotelier<br \/>\n&#8211; Contribuie la cre\u0219terea confortului \u0219i satisfac\u021biei oaspe\u021bilor<br \/>\n&#8211; Sus\u021bine standardele de calitate \u0219i imagine ale unit\u0103\u021bii de cazare<\/p>\n<h2>Recomand\u0103ri de utilizare<\/h2>\n<p>&#8211; Potrivit pentru hoteluri, pensiuni, resorturi \u0219i apart-hoteluri<br \/>\n&#8211; Recomandat pentru proiecte noi, renov\u0103ri sau standardiz\u0103ri de lan\u021b hotelier<br \/>\n&#8211; Integrare facil\u0103 \u00een fluxurile opera\u021bionale de housekeeping \u0219i front-office<\/p>","protected":false},"excerpt":{"rendered":"<p>Tava intampinare SLIM by B-tray \u2013 dotare profesional\u0103 pentru industria hotelier\u0103, conceput\u0103 pentru utilizare intensiv\u0103 \u0219i pentru a oferi fiabilitate \u0219i confort oaspe\u021bilor.<\/p>","protected":false},"featured_media":396185,"template":"","meta":{"_acf_changed":false,"site-sidebar-layout":"default","site-content-layout":"","ast-site-content-layout":"default","site-content-style":"default","site-sidebar-style":"default","ast-global-header-display":"","ast-banner-title-visibility":"","ast-main-header-display":"","ast-hfb-above-header-display":"","ast-hfb-below-header-display":"","ast-hfb-mobile-header-display":"","site-post-title":"","ast-breadcrumbs-content":"","ast-featured-img":"","footer-sml-layout":"","ast-disable-related-posts":"","theme-transparent-header-meta":"default","adv-header-id-meta":"","stick-header-meta":"default","header-above-stick-meta":"","header-main-stick-meta":"","header-below-stick-meta":"","astra-migrate-meta-layouts":"set","ast-page-background-enabled":"default","ast-page-background-meta":{"desktop":{"background-color":"","background-image":"","background-repeat":"repeat","background-position":"center center","background-size":"auto","background-attachment":"scroll","background-type":"","background-media":"","overlay-type":"","overlay-color":"","overlay-opacity":"","overlay-gradient":""},"tablet":{"background-color":"","background-image":"","background-repeat":"repeat","background-position":"center center","background-size":"auto","background-attachment":"scroll","background-type":"","background-media":"","overlay-type":"","overlay-color":"","overlay-opacity":"","overlay-gradient":""},"mobile":{"background-color":"","background-image":"","background-repeat":"repeat","background-position":"center center","background-size":"auto","background-attachment":"scroll","background-type":"","background-media":"","overlay-type":"","overlay-color":"","overlay-opacity":"","overlay-gradient":""}},"ast-content-background-meta":{"desktop":{"background-color":"var(--ast-global-color-5)","background-image":"","background-repeat":"repeat","background-position":"center center","background-size":"auto","background-attachment":"scroll","background-type":"","background-media":"","overlay-type":"","overlay-color":"","overlay-opacity":"","overlay-gradient":""},"tablet":{"background-color":"var(--ast-global-color-5)","background-image":"","background-repeat":"repeat","background-position":"center center","background-size":"auto","background-attachment":"scroll","background-type":"","background-media":"","overlay-type":"","overlay-color":"","overlay-opacity":"","overlay-gradient":""},"mobile":{"background-color":"var(--ast-global-color-5)","background-image":"","background-repeat":"repeat","background-position":"center center","background-size":"auto","background-attachment":"scroll","background-type":"","background-media":"","overlay-type":"","overlay-color":"","overlay-opacity":"","overlay-gradient":""}}},"product_brand":[],"product_cat":[460],"product_tag":[536],"class_list":{"0":"post-406725","1":"product","2":"type-product","3":"status-publish","4":"has-post-thumbnail","6":"product_cat-welcome-trays","7":"product_tag-welcome-tray","8":"desktop-align-center","9":"tablet-align-left","10":"mobile-align-left","11":"ast-product-gallery-layout-horizontal-slider","12":"ast-product-tabs-layout-horizontal","13":"ast-qv-on-image","15":"first","16":"instock","17":"taxable","18":"shipping-taxable","19":"purchasable","20":"product-type-simple"},"acf":[],"_links":{"self":[{"href":"https:\/\/accacia.ro\/en\/wp-json\/wp\/v2\/product\/406725","targetHints":{"allow":["GET"]}}],"collection":[{"href":"https:\/\/accacia.ro\/en\/wp-json\/wp\/v2\/product"}],"about":[{"href":"https:\/\/accacia.ro\/en\/wp-json\/wp\/v2\/types\/product"}],"wp:featuredmedia":[{"embeddable":true,"href":"https:\/\/accacia.ro\/en\/wp-json\/wp\/v2\/media\/396185"}],"wp:attachment":[{"href":"https:\/\/accacia.ro\/en\/wp-json\/wp\/v2\/media?parent=406725"}],"wp:term":[{"taxonomy":"product_brand","embeddable":true,"href":"https:\/\/accacia.ro\/en\/wp-json\/wp\/v2\/product_brand?post=406725"},{"taxonomy":"product_cat","embeddable":true,"href":"https:\/\/accacia.ro\/en\/wp-json\/wp\/v2\/product_cat?post=406725"},{"taxonomy":"product_tag","embeddable":true,"href":"https:\/\/accacia.ro\/en\/wp-json\/wp\/v2\/product_tag?post=406725"}],"curies":[{"name":"wp","href":"https:\/\/api.w.org\/{rel}","templated":true}]}}