{"id":406758,"date":"2026-01-30T10:05:17","date_gmt":"2026-01-30T08:05:17","guid":{"rendered":"https:\/\/accacia.ro\/?post_type=product&#038;p=406758"},"modified":"2026-02-26T14:33:13","modified_gmt":"2026-02-26T12:33:13","slug":"masina-de-spalat-industriala-hydra-maxi-110-kg","status":"publish","type":"product","link":"https:\/\/accacia.ro\/en\/product\/masina-de-spalat-industriala-hydra-maxi-110-kg\/","title":{"rendered":"Industrial washing machine Hydra Maxi 110 Kg"},"content":{"rendered":"<h2>Descriere general\u0103<\/h2>\n<p>Industrial washing machine Hydra Maxi 110 Kg<br \/>\nHeating type -Steam<br \/>\nLoading capacity (Kg\/lot) -110<br \/>\nDrum volume (lt) -1,100<br \/>\nExtraction force (G) -360<br \/>\nEngine power (Kw) -15<br \/>\nHeating power (bar) -4 \u2013 6<br \/>\nWidth (mm) -1,875<br \/>\nDepth (mm) -2,055<br \/>\nHeight (mm) -2,060<br \/>\nLeaning height (mm) -2,265<br \/>\nWeight (kg) -4,300 <\/p>\n<p> Forward Tilting<br \/>\n Hydra 60 optional<br \/>\nHydra 110 standard <\/p>\n<p> Fully Stainless Steel Covers<br \/>\n Interior \u2013 External Drum and Exterior Coatings <\/p>\n<p> 360 G Extraction Force<br \/>\n Hydra 60 \u2013 110 Standard <\/p>\n<p> 100% Heavy Industrial Construction (Hydra MAXI)<br \/>\n *Wider Loading Door<br \/>\n*Faster Heating with Enhanced Steam Inlet (3\/4\u2033)<br \/>\n*Faster Water Intake with Enhanced Water Inlet (1\u2033)<br \/>\n*Double Drain System (2\u2033)<br \/>\n*New Generation Enhanced Main Shaft and Sealing<br \/>\n*New Generation HEavy Industrial Construction<br \/>\n*New Generation Enhanced Drive System and Bearing Housing <\/p>\n<p> Powerspray<br \/>\n 35% less rising water<br \/>\n25%less rising time<br \/>\n(Optional) <\/p>\n<p> Automatic Liquid Detergent Dosing System<br \/>\n Built-in dosing pumps for liquid detergent dosing. Integrated with reporting and weight scale systems<br \/>\n(Wet Clean) \u2013 (Optional) <\/p>\n<h2>Caracteristici tehnice<\/h2>\n<p>&#8211; Dimensiuni aproximative: 187.5 x 205.5 x 226.5 cm<br \/>\n&#8211; Greutate: 4300.0 kg<\/p>\n<h2>Beneficii pentru hoteluri<\/h2>\n<p>&#8211; Conceput pentru utilizare intensiv\u0103 \u00een regim hotelier<br \/>\n&#8211; Contribuie la cre\u0219terea confortului \u0219i satisfac\u021biei oaspe\u021bilor<br \/>\n&#8211; Sus\u021bine standardele de calitate \u0219i imagine ale unit\u0103\u021bii de cazare<\/p>\n<h2>Recomand\u0103ri de utilizare<\/h2>\n<p>&#8211; Potrivit pentru hoteluri, pensiuni, resorturi \u0219i apart-hoteluri<br \/>\n&#8211; Recomandat pentru proiecte noi, renov\u0103ri sau standardiz\u0103ri de lan\u021b hotelier<br \/>\n&#8211; Integrare facil\u0103 \u00een fluxurile opera\u021bionale de housekeeping \u0219i front-office<\/p>","protected":false},"excerpt":{"rendered":"<p>Ma\u0219in\u0103 de sp\u0103lat industrial\u0103 Hydra Maxi 110 Kg \u2013 dotare profesional\u0103 pentru industria hotelier\u0103, conceput\u0103 pentru utilizare intensiv\u0103 \u0219i pentru a oferi fiabilitate \u0219i confort oaspe\u021bilor. \u00cen\u0103l\u021bime aproximativ\u0103: 226.5 cm. Dimensiuni aprox.: 187.5 x 205.5 cm.<\/p>","protected":false},"featured_media":396354,"template":"","meta":{"_acf_changed":false,"site-sidebar-layout":"default","site-content-layout":"","ast-site-content-layout":"default","site-content-style":"default","site-sidebar-style":"default","ast-global-header-display":"","ast-banner-title-visibility":"","ast-main-header-display":"","ast-hfb-above-header-display":"","ast-hfb-below-header-display":"","ast-hfb-mobile-header-display":"","site-post-title":"","ast-breadcrumbs-content":"","ast-featured-img":"","footer-sml-layout":"","ast-disable-related-posts":"","theme-transparent-header-meta":"default","adv-header-id-meta":"","stick-header-meta":"default","header-above-stick-meta":"","header-main-stick-meta":"","header-below-stick-meta":"","astra-migrate-meta-layouts":"set","ast-page-background-enabled":"default","ast-page-background-meta":{"desktop":{"background-color":"","background-image":"","background-repeat":"repeat","background-position":"center center","background-size":"auto","background-attachment":"scroll","background-type":"","background-media":"","overlay-type":"","overlay-color":"","overlay-opacity":"","overlay-gradient":""},"tablet":{"background-color":"","background-image":"","background-repeat":"repeat","background-position":"center center","background-size":"auto","background-attachment":"scroll","background-type":"","background-media":"","overlay-type":"","overlay-color":"","overlay-opacity":"","overlay-gradient":""},"mobile":{"background-color":"","background-image":"","background-repeat":"repeat","background-position":"center center","background-size":"auto","background-attachment":"scroll","background-type":"","background-media":"","overlay-type":"","overlay-color":"","overlay-opacity":"","overlay-gradient":""}},"ast-content-background-meta":{"desktop":{"background-color":"var(--ast-global-color-5)","background-image":"","background-repeat":"repeat","background-position":"center center","background-size":"auto","background-attachment":"scroll","background-type":"","background-media":"","overlay-type":"","overlay-color":"","overlay-opacity":"","overlay-gradient":""},"tablet":{"background-color":"var(--ast-global-color-5)","background-image":"","background-repeat":"repeat","background-position":"center center","background-size":"auto","background-attachment":"scroll","background-type":"","background-media":"","overlay-type":"","overlay-color":"","overlay-opacity":"","overlay-gradient":""},"mobile":{"background-color":"var(--ast-global-color-5)","background-image":"","background-repeat":"repeat","background-position":"center center","background-size":"auto","background-attachment":"scroll","background-type":"","background-media":"","overlay-type":"","overlay-color":"","overlay-opacity":"","overlay-gradient":""}}},"product_brand":[],"product_cat":[566],"product_tag":[],"class_list":{"0":"post-406758","1":"product","2":"type-product","3":"status-publish","4":"has-post-thumbnail","6":"product_cat-masini-spalat-industriale","7":"product_shipping_class-livrare-gratuita","8":"desktop-align-center","9":"tablet-align-left","10":"mobile-align-left","11":"ast-product-gallery-layout-horizontal-slider","12":"ast-product-gallery-with-no-image","13":"ast-product-tabs-layout-horizontal","14":"ast-qv-on-image","16":"first","17":"onbackorder","18":"taxable","19":"shipping-taxable","20":"product-type-simple"},"acf":[],"_links":{"self":[{"href":"https:\/\/accacia.ro\/en\/wp-json\/wp\/v2\/product\/406758","targetHints":{"allow":["GET"]}}],"collection":[{"href":"https:\/\/accacia.ro\/en\/wp-json\/wp\/v2\/product"}],"about":[{"href":"https:\/\/accacia.ro\/en\/wp-json\/wp\/v2\/types\/product"}],"wp:featuredmedia":[{"embeddable":true,"href":"https:\/\/accacia.ro\/en\/wp-json\/wp\/v2\/media\/396354"}],"wp:attachment":[{"href":"https:\/\/accacia.ro\/en\/wp-json\/wp\/v2\/media?parent=406758"}],"wp:term":[{"taxonomy":"product_brand","embeddable":true,"href":"https:\/\/accacia.ro\/en\/wp-json\/wp\/v2\/product_brand?post=406758"},{"taxonomy":"product_cat","embeddable":true,"href":"https:\/\/accacia.ro\/en\/wp-json\/wp\/v2\/product_cat?post=406758"},{"taxonomy":"product_tag","embeddable":true,"href":"https:\/\/accacia.ro\/en\/wp-json\/wp\/v2\/product_tag?post=406758"}],"curies":[{"name":"wp","href":"https:\/\/api.w.org\/{rel}","templated":true}]}}