{"id":406763,"date":"2026-01-30T10:05:18","date_gmt":"2026-01-30T08:05:18","guid":{"rendered":"https:\/\/accacia.ro\/?post_type=product&#038;p=406763"},"modified":"2026-02-26T14:33:14","modified_gmt":"2026-02-26T12:33:14","slug":"masina-de-calcat-calandru-vela-5520","status":"publish","type":"product","link":"https:\/\/accacia.ro\/en\/product\/masina-de-calcat-calandru-vela-5520\/","title":{"rendered":"Calender ironing machine Vela 5520"},"content":{"rendered":"<h2>Descriere general\u0103<\/h2>\n<p>Ma\u0219in\u0103 de C\u0103lcat plata &#8211; Calandru -Vela 5520 Flatwork<br \/>\nTip de \u00eenc\u0103lzire &#8211; Electric \/ Abur \/ Gaz<br \/>\nDiametrul cilindrului (mm) -550<br \/>\nL\u0103\u021bimea cilindrului (mm) -2.000<br \/>\nCapacitate de c\u0103lcat (kg\/or\u0103) -45\/45\/55<br \/>\nViteza de lucru (m\/min) -3,5 \/ 10,5<br \/>\nPuterea motorului (Kw) -0,55 \/ 0,55 \/ 1,1<br \/>\nFan motor power (kw) -0.37<br \/>\nPutere electric\u0103 de \u00eenc\u0103lzire (Kw) -22,5<br \/>\nConsum de abur (kg\/or\u0103) -45<br \/>\nPutere de \u00eenc\u0103lzire cu gaz (Kcal\/or\u0103) -26.400<br \/>\nLatime (mm) -2.650 \/ 2.884 \/ 3.030<br \/>\nAd\u00e2ncime (mm) -1.210 \/ 1.240 \/ 1.950<br \/>\n\u00cen\u0103l\u021bime (mm) -1.360 \/ 1.390 \/ 1.675<br \/>\nGreutate (kg) -930 <\/p>\n<p> Green Technology <\/p>\n<p> Gas HEating Optional In All Models <\/p>\n<p> Paddle Bos &amp; Fan System for Humidity Collection and Discharge in All Models <\/p>\n<h2>Beneficii pentru hoteluri<\/h2>\n<p>&#8211; Conceput pentru utilizare intensiv\u0103 \u00een regim hotelier<br \/>\n&#8211; Contribuie la cre\u0219terea confortului \u0219i satisfac\u021biei oaspe\u021bilor<br \/>\n&#8211; Sus\u021bine standardele de calitate \u0219i imagine ale unit\u0103\u021bii de cazare<\/p>\n<h2>Recomand\u0103ri de utilizare<\/h2>\n<p>&#8211; Potrivit pentru hoteluri, pensiuni, resorturi \u0219i apart-hoteluri<br \/>\n&#8211; Recomandat pentru proiecte noi, renov\u0103ri sau standardiz\u0103ri de lan\u021b hotelier<br \/>\n&#8211; Integrare facil\u0103 \u00een fluxurile opera\u021bionale de housekeeping \u0219i front-office<\/p>","protected":false},"excerpt":{"rendered":"<p>Masina de calcat calandru Vela 5520 \u2013 dotare profesional\u0103 pentru industria hotelier\u0103, conceput\u0103 pentru utilizare intensiv\u0103 \u0219i pentru a oferi fiabilitate \u0219i confort oaspe\u021bilor.<\/p>","protected":false},"featured_media":396365,"template":"","meta":{"_acf_changed":false,"site-sidebar-layout":"default","site-content-layout":"","ast-site-content-layout":"default","site-content-style":"default","site-sidebar-style":"default","ast-global-header-display":"","ast-banner-title-visibility":"","ast-main-header-display":"","ast-hfb-above-header-display":"","ast-hfb-below-header-display":"","ast-hfb-mobile-header-display":"","site-post-title":"","ast-breadcrumbs-content":"","ast-featured-img":"","footer-sml-layout":"","ast-disable-related-posts":"","theme-transparent-header-meta":"default","adv-header-id-meta":"","stick-header-meta":"default","header-above-stick-meta":"","header-main-stick-meta":"","header-below-stick-meta":"","astra-migrate-meta-layouts":"set","ast-page-background-enabled":"default","ast-page-background-meta":{"desktop":{"background-color":"","background-image":"","background-repeat":"repeat","background-position":"center center","background-size":"auto","background-attachment":"scroll","background-type":"","background-media":"","overlay-type":"","overlay-color":"","overlay-opacity":"","overlay-gradient":""},"tablet":{"background-color":"","background-image":"","background-repeat":"repeat","background-position":"center center","background-size":"auto","background-attachment":"scroll","background-type":"","background-media":"","overlay-type":"","overlay-color":"","overlay-opacity":"","overlay-gradient":""},"mobile":{"background-color":"","background-image":"","background-repeat":"repeat","background-position":"center center","background-size":"auto","background-attachment":"scroll","background-type":"","background-media":"","overlay-type":"","overlay-color":"","overlay-opacity":"","overlay-gradient":""}},"ast-content-background-meta":{"desktop":{"background-color":"var(--ast-global-color-5)","background-image":"","background-repeat":"repeat","background-position":"center center","background-size":"auto","background-attachment":"scroll","background-type":"","background-media":"","overlay-type":"","overlay-color":"","overlay-opacity":"","overlay-gradient":""},"tablet":{"background-color":"var(--ast-global-color-5)","background-image":"","background-repeat":"repeat","background-position":"center center","background-size":"auto","background-attachment":"scroll","background-type":"","background-media":"","overlay-type":"","overlay-color":"","overlay-opacity":"","overlay-gradient":""},"mobile":{"background-color":"var(--ast-global-color-5)","background-image":"","background-repeat":"repeat","background-position":"center center","background-size":"auto","background-attachment":"scroll","background-type":"","background-media":"","overlay-type":"","overlay-color":"","overlay-opacity":"","overlay-gradient":""}}},"product_brand":[],"product_cat":[572],"product_tag":[573,574],"class_list":{"0":"post-406763","1":"product","2":"type-product","3":"status-publish","4":"has-post-thumbnail","6":"product_cat-calandru","7":"product_tag-calandru","8":"product_tag-masina-calcat-calandru","9":"desktop-align-center","10":"tablet-align-left","11":"mobile-align-left","12":"ast-product-gallery-layout-horizontal-slider","13":"ast-product-gallery-with-no-image","14":"ast-product-tabs-layout-horizontal","15":"ast-qv-on-image","17":"first","18":"instock","19":"taxable","20":"shipping-taxable","21":"product-type-simple"},"acf":[],"_links":{"self":[{"href":"https:\/\/accacia.ro\/en\/wp-json\/wp\/v2\/product\/406763","targetHints":{"allow":["GET"]}}],"collection":[{"href":"https:\/\/accacia.ro\/en\/wp-json\/wp\/v2\/product"}],"about":[{"href":"https:\/\/accacia.ro\/en\/wp-json\/wp\/v2\/types\/product"}],"wp:featuredmedia":[{"embeddable":true,"href":"https:\/\/accacia.ro\/en\/wp-json\/wp\/v2\/media\/396365"}],"wp:attachment":[{"href":"https:\/\/accacia.ro\/en\/wp-json\/wp\/v2\/media?parent=406763"}],"wp:term":[{"taxonomy":"product_brand","embeddable":true,"href":"https:\/\/accacia.ro\/en\/wp-json\/wp\/v2\/product_brand?post=406763"},{"taxonomy":"product_cat","embeddable":true,"href":"https:\/\/accacia.ro\/en\/wp-json\/wp\/v2\/product_cat?post=406763"},{"taxonomy":"product_tag","embeddable":true,"href":"https:\/\/accacia.ro\/en\/wp-json\/wp\/v2\/product_tag?post=406763"}],"curies":[{"name":"wp","href":"https:\/\/api.w.org\/{rel}","templated":true}]}}