{"id":406797,"date":"2026-01-30T10:05:29","date_gmt":"2026-01-30T08:05:29","guid":{"rendered":"https:\/\/accacia.ro\/?post_type=product&#038;p=406797"},"modified":"2026-04-16T02:20:52","modified_gmt":"2026-04-15T23:20:52","slug":"minibar-30l-cu-geam-tip-oglinda","status":"publish","type":"product","link":"https:\/\/accacia.ro\/en\/product\/minibar-30l-cu-geam-tip-oglinda\/","title":{"rendered":"Minibar 30L cu geam tip oglinda"},"content":{"rendered":"<h2>Minibar 30L cu geam tip oglinda<\/h2>\n<h2>Descriere general\u0103<\/h2>\n<p>Minibar 30L cu geam tip oglinda si cea mai buna eticheta verde.<\/p>\n<p>Minibar profesional pentru camere hotel cu volum de 30L.<\/p>\n<p>Minibar hotel 30L cu cel mai mic consum energetic de pe piata<\/p>\n<p>We present the most economical minibar for hotel rooms, this model is perfect for 4 and 5 star hotels, but we also have options for 3 star hotels or guesthouses.<\/p>\n<p>Sistemul de racire folosit se bazeaza pe tehnologia HEATPIPE &#8211; Thermoelectric cu doar 96kW\/ an consum.<\/p>\n<p>The heat pipe minibar is cooled by a thermoelectric cooling system using a semiconductor module.<\/p>\n<p>With absorption minibar production experience, ACCACIA&#039;s thermoelectric minibar works with heat pipes that also make no noise when working.<\/p>\n<p>ACCACIA together with the manufacturer have invested a lot in the way of reducing the energy cost of the minibar.<\/p>\n<p>With more than 3 years of development, all heat pipe minibars from ACCACIA-UNISEC can reach the old energy class A+, the current energy class E.<\/p>\n<p>The minibar with heat pipes is becoming more and more popular in the hotel room, offering maximum comfort and energy saving.<\/p>\n<p>MINIBAR DIMENSIONS and TECHNICAL DATA:<\/p>\n<ul>\n<li>Width: 385mm<\/li>\n<li>Depth: 420mm<\/li>\n<li>Height: 475mm<\/li>\n<li>NET interior volume: 30L<\/li>\n<li>Net weight: 10kg<\/li>\n<li>Power supply: 220-240V ~50\/60Hz<\/li>\n<li>ANNUAL CONSUMPTION: 96KWh<\/li>\n<li>Noise produced: 0 \u2013 zero dB<\/li>\n<li>Usa : cu geam tip oglinda, reversibila stanga sau dreapta<\/li>\n<li>Minibarul poate fi incastrat in mobilier sau freestanding<\/li>\n<li>Lighting: LED<\/li>\n<li>WARRANTY \u2013 12 months<\/li>\n<li>Durata medie de exploatare &#8211; 7 ani<\/li>\n<\/ul>\n<p>You can ADDITIONALLY purchase an extended warranty package up to 24-36 months.<\/p>\n<h2>Caracteristici tehnice<\/h2>\n<p>&#8211; Dimensiuni aproximative: 45.0 x 42.0 x 50.0 cm<br \/>\n&#8211; Greutate: 10.0 kg<\/p>\n<h2>Beneficii pentru hoteluri<\/h2>\n<p>&#8211; Conceput pentru utilizare intensiv\u0103 \u00een regim hotelier<br \/>\n&#8211; Contribuie la cre\u0219terea confortului \u0219i satisfac\u021biei oaspe\u021bilor<br \/>\n&#8211; Sus\u021bine standardele de calitate \u0219i imagine ale unit\u0103\u021bii de cazare<\/p>\n<h2>Recomand\u0103ri de utilizare<\/h2>\n<p>&#8211; Potrivit pentru hoteluri, pensiuni, resorturi \u0219i apart-hoteluri<br \/>\n&#8211; Recomandat pentru proiecte noi, renov\u0103ri sau standardiz\u0103ri de lan\u021b hotelier<br \/>\n&#8211; Integrare facil\u0103 \u00een fluxurile opera\u021bionale de housekeeping \u0219i front-office<\/p>","protected":false},"excerpt":{"rendered":"<p>Minibar 30L cu geam tip oglinda \u2013 dotare profesional\u0103 pentru industria hotelier\u0103, conceput\u0103 pentru utilizare intensiv\u0103 \u0219i pentru a oferi fiabilitate \u0219i confort oaspe\u021bilor. \u00cen\u0103l\u021bime aproximativ\u0103: 50.0 cm. Dimensiuni aprox.: 45.0 x 42.0 cm.<\/p>","protected":false},"featured_media":397352,"template":"","meta":{"_acf_changed":false,"site-sidebar-layout":"default","site-content-layout":"","ast-site-content-layout":"default","site-content-style":"default","site-sidebar-style":"default","ast-global-header-display":"","ast-banner-title-visibility":"","ast-main-header-display":"","ast-hfb-above-header-display":"","ast-hfb-below-header-display":"","ast-hfb-mobile-header-display":"","site-post-title":"","ast-breadcrumbs-content":"","ast-featured-img":"","footer-sml-layout":"","ast-disable-related-posts":"","theme-transparent-header-meta":"default","adv-header-id-meta":"","stick-header-meta":"default","header-above-stick-meta":"","header-main-stick-meta":"","header-below-stick-meta":"","astra-migrate-meta-layouts":"set","ast-page-background-enabled":"default","ast-page-background-meta":{"desktop":{"background-color":"","background-image":"","background-repeat":"repeat","background-position":"center center","background-size":"auto","background-attachment":"scroll","background-type":"","background-media":"","overlay-type":"","overlay-color":"","overlay-opacity":"","overlay-gradient":""},"tablet":{"background-color":"","background-image":"","background-repeat":"repeat","background-position":"center center","background-size":"auto","background-attachment":"scroll","background-type":"","background-media":"","overlay-type":"","overlay-color":"","overlay-opacity":"","overlay-gradient":""},"mobile":{"background-color":"","background-image":"","background-repeat":"repeat","background-position":"center center","background-size":"auto","background-attachment":"scroll","background-type":"","background-media":"","overlay-type":"","overlay-color":"","overlay-opacity":"","overlay-gradient":""}},"ast-content-background-meta":{"desktop":{"background-color":"var(--ast-global-color-5)","background-image":"","background-repeat":"repeat","background-position":"center center","background-size":"auto","background-attachment":"scroll","background-type":"","background-media":"","overlay-type":"","overlay-color":"","overlay-opacity":"","overlay-gradient":""},"tablet":{"background-color":"var(--ast-global-color-5)","background-image":"","background-repeat":"repeat","background-position":"center center","background-size":"auto","background-attachment":"scroll","background-type":"","background-media":"","overlay-type":"","overlay-color":"","overlay-opacity":"","overlay-gradient":""},"mobile":{"background-color":"var(--ast-global-color-5)","background-image":"","background-repeat":"repeat","background-position":"center center","background-size":"auto","background-attachment":"scroll","background-type":"","background-media":"","overlay-type":"","overlay-color":"","overlay-opacity":"","overlay-gradient":""}}},"product_brand":[],"product_cat":[1357],"product_tag":[697,720,719,520,718,698,721],"class_list":{"0":"post-406797","1":"product","2":"type-product","3":"status-publish","4":"has-post-thumbnail","6":"product_cat-minibar-seif","7":"product_tag-minibafr-cu-geam","8":"product_tag-minibar-camera-hotel","9":"product_tag-minibar-silentios","10":"product_tag-minibar-unibar","11":"product_tag-minibar-zero-zgomot","12":"product_tag-mirror-glass-door-minibar","13":"product_tag-oferta-minibar","14":"product_shipping_class-livrare-gratuita","15":"desktop-align-center","16":"tablet-align-left","17":"mobile-align-left","18":"ast-product-gallery-layout-horizontal-slider","19":"ast-product-tabs-layout-horizontal","20":"ast-qv-on-image","22":"first","23":"instock","24":"taxable","25":"shipping-taxable","26":"purchasable","27":"product-type-simple"},"acf":[],"_links":{"self":[{"href":"https:\/\/accacia.ro\/en\/wp-json\/wp\/v2\/product\/406797","targetHints":{"allow":["GET"]}}],"collection":[{"href":"https:\/\/accacia.ro\/en\/wp-json\/wp\/v2\/product"}],"about":[{"href":"https:\/\/accacia.ro\/en\/wp-json\/wp\/v2\/types\/product"}],"wp:featuredmedia":[{"embeddable":true,"href":"https:\/\/accacia.ro\/en\/wp-json\/wp\/v2\/media\/397352"}],"wp:attachment":[{"href":"https:\/\/accacia.ro\/en\/wp-json\/wp\/v2\/media?parent=406797"}],"wp:term":[{"taxonomy":"product_brand","embeddable":true,"href":"https:\/\/accacia.ro\/en\/wp-json\/wp\/v2\/product_brand?post=406797"},{"taxonomy":"product_cat","embeddable":true,"href":"https:\/\/accacia.ro\/en\/wp-json\/wp\/v2\/product_cat?post=406797"},{"taxonomy":"product_tag","embeddable":true,"href":"https:\/\/accacia.ro\/en\/wp-json\/wp\/v2\/product_tag?post=406797"}],"curies":[{"name":"wp","href":"https:\/\/api.w.org\/{rel}","templated":true}]}}