{"id":406804,"date":"2026-01-30T10:05:37","date_gmt":"2026-01-30T08:05:37","guid":{"rendered":"https:\/\/accacia.ro\/?post_type=product&#038;p=406804"},"modified":"2026-02-26T14:33:19","modified_gmt":"2026-02-26T12:33:19","slug":"masina-lustruit-pantofi-heute-quadro","status":"publish","type":"product","link":"https:\/\/accacia.ro\/en\/product\/masina-lustruit-pantofi-heute-quadro\/","title":{"rendered":"Masina lustruit pantofi Heute Quadro"},"content":{"rendered":"<h2>Descriere general\u0103<\/h2>\n<p>Masina lustruit pantofi Heute Quadro &#8211; The modern purist <\/p>\n<p>Design elegant, materiale de cea mai buna calitate, posibilitatea de integrare in orice spatiu fara a crea contraste neplacute, creatia celor de la Heute GmbH Germania este cu siguranta un reper in universul masinilor de lustruit pantofi la nivel mondial. <\/p>\n<p>De ce sa alegi Heute Quadro? <\/p>\n<p> Deoarece este cel mai bun echipament de pe piata<br \/>\n Fiabilitatea sa este dovedita de zeci de ani de utilizare cu minima mentenanta<br \/>\n Calitatea germana ce nu te lasa la greu<br \/>\n Design si cercetare aplicate in cele mai mici detalii in cautarea constanta a perfectiunii <\/p>\n<p>Carcasa din otel inoxidabil in varianta de finisare V2A Brushed &#8211; ofera resistenta anti-vandalism accidental, posibilitatea de a fi folosit in spatii ce necesita o igiena riguroasa respectiv spitale, centre medicale si clinici, spatii de productie alimentara. <\/p>\n<p>Masina de curatat incaltaminte Heute Quadro nu este doar un echipament profesional este de asemenea un dispozitiv indispensabil in receptii hotel, SPA-uri, birouri, muzee, reprezentante auto si orice tip de showroom elegant sau cu stil. <\/p>\n<p>Garantia calitatii germane este de 3 ANI! <\/p>\n<p> Brosura masina lustruit pantofi Heute Quadro AICI <\/p>\n<h2>Beneficii pentru hoteluri<\/h2>\n<p>&#8211; Conceput pentru utilizare intensiv\u0103 \u00een regim hotelier<br \/>\n&#8211; Contribuie la cre\u0219terea confortului \u0219i satisfac\u021biei oaspe\u021bilor<br \/>\n&#8211; Sus\u021bine standardele de calitate \u0219i imagine ale unit\u0103\u021bii de cazare<\/p>\n<h2>Recomand\u0103ri de utilizare<\/h2>\n<p>&#8211; Potrivit pentru hoteluri, pensiuni, resorturi \u0219i apart-hoteluri<br \/>\n&#8211; Recomandat pentru proiecte noi, renov\u0103ri sau standardiz\u0103ri de lan\u021b hotelier<br \/>\n&#8211; Integrare facil\u0103 \u00een fluxurile opera\u021bionale de housekeeping \u0219i front-office<\/p>","protected":false},"excerpt":{"rendered":"<p>Masina lustruit pantofi Heute Quadro \u2013 dotare profesional\u0103 pentru industria hotelier\u0103, conceput\u0103 pentru utilizare intensiv\u0103 \u0219i pentru a oferi fiabilitate \u0219i confort oaspe\u021bilor.<\/p>","protected":false},"featured_media":397411,"template":"","meta":{"_acf_changed":false,"site-sidebar-layout":"default","site-content-layout":"","ast-site-content-layout":"default","site-content-style":"default","site-sidebar-style":"default","ast-global-header-display":"","ast-banner-title-visibility":"","ast-main-header-display":"","ast-hfb-above-header-display":"","ast-hfb-below-header-display":"","ast-hfb-mobile-header-display":"","site-post-title":"","ast-breadcrumbs-content":"","ast-featured-img":"","footer-sml-layout":"","ast-disable-related-posts":"","theme-transparent-header-meta":"default","adv-header-id-meta":"","stick-header-meta":"default","header-above-stick-meta":"","header-main-stick-meta":"","header-below-stick-meta":"","astra-migrate-meta-layouts":"set","ast-page-background-enabled":"default","ast-page-background-meta":{"desktop":{"background-color":"","background-image":"","background-repeat":"repeat","background-position":"center center","background-size":"auto","background-attachment":"scroll","background-type":"","background-media":"","overlay-type":"","overlay-color":"","overlay-opacity":"","overlay-gradient":""},"tablet":{"background-color":"","background-image":"","background-repeat":"repeat","background-position":"center center","background-size":"auto","background-attachment":"scroll","background-type":"","background-media":"","overlay-type":"","overlay-color":"","overlay-opacity":"","overlay-gradient":""},"mobile":{"background-color":"","background-image":"","background-repeat":"repeat","background-position":"center center","background-size":"auto","background-attachment":"scroll","background-type":"","background-media":"","overlay-type":"","overlay-color":"","overlay-opacity":"","overlay-gradient":""}},"ast-content-background-meta":{"desktop":{"background-color":"var(--ast-global-color-5)","background-image":"","background-repeat":"repeat","background-position":"center center","background-size":"auto","background-attachment":"scroll","background-type":"","background-media":"","overlay-type":"","overlay-color":"","overlay-opacity":"","overlay-gradient":""},"tablet":{"background-color":"var(--ast-global-color-5)","background-image":"","background-repeat":"repeat","background-position":"center center","background-size":"auto","background-attachment":"scroll","background-type":"","background-media":"","overlay-type":"","overlay-color":"","overlay-opacity":"","overlay-gradient":""},"mobile":{"background-color":"var(--ast-global-color-5)","background-image":"","background-repeat":"repeat","background-position":"center center","background-size":"auto","background-attachment":"scroll","background-type":"","background-media":"","overlay-type":"","overlay-color":"","overlay-opacity":"","overlay-gradient":""}}},"product_brand":[711],"product_cat":[505],"product_tag":[712,710],"class_list":{"0":"post-406804","1":"product","2":"type-product","3":"status-publish","4":"has-post-thumbnail","6":"product_brand-heute-gmbh","7":"product_cat-masini-lustruit-pantofi","8":"product_tag-heute-quadro-shoe-polish-machine","9":"product_tag-masina-lustruit-pantofi","10":"product_shipping_class-livrare-gratuita","11":"desktop-align-center","12":"tablet-align-left","13":"mobile-align-left","14":"ast-product-gallery-layout-horizontal-slider","15":"ast-product-tabs-layout-horizontal","16":"ast-qv-on-image","18":"first","19":"instock","20":"taxable","21":"shipping-taxable","22":"purchasable","23":"product-type-simple"},"acf":[],"_links":{"self":[{"href":"https:\/\/accacia.ro\/en\/wp-json\/wp\/v2\/product\/406804","targetHints":{"allow":["GET"]}}],"collection":[{"href":"https:\/\/accacia.ro\/en\/wp-json\/wp\/v2\/product"}],"about":[{"href":"https:\/\/accacia.ro\/en\/wp-json\/wp\/v2\/types\/product"}],"wp:featuredmedia":[{"embeddable":true,"href":"https:\/\/accacia.ro\/en\/wp-json\/wp\/v2\/media\/397411"}],"wp:attachment":[{"href":"https:\/\/accacia.ro\/en\/wp-json\/wp\/v2\/media?parent=406804"}],"wp:term":[{"taxonomy":"product_brand","embeddable":true,"href":"https:\/\/accacia.ro\/en\/wp-json\/wp\/v2\/product_brand?post=406804"},{"taxonomy":"product_cat","embeddable":true,"href":"https:\/\/accacia.ro\/en\/wp-json\/wp\/v2\/product_cat?post=406804"},{"taxonomy":"product_tag","embeddable":true,"href":"https:\/\/accacia.ro\/en\/wp-json\/wp\/v2\/product_tag?post=406804"}],"curies":[{"name":"wp","href":"https:\/\/api.w.org\/{rel}","templated":true}]}}