{"id":406806,"date":"2026-01-30T10:05:37","date_gmt":"2026-01-30T08:05:37","guid":{"rendered":"https:\/\/accacia.ro\/?post_type=product&#038;p=406806"},"modified":"2026-02-26T14:33:19","modified_gmt":"2026-02-26T12:33:19","slug":"masina-lustruit-pantofi-heute-polifix2","status":"publish","type":"product","link":"https:\/\/accacia.ro\/en\/product\/masina-lustruit-pantofi-heute-polifix2\/","title":{"rendered":"Masina lustruit pantofi Heute Polifix2"},"content":{"rendered":"<h2>Descriere general\u0103<\/h2>\n<p>Masina lustruit pantofi Heute Polifix2 <\/p>\n<p>C\u00e2nd vine vorba de performan\u021b\u0103, aceast\u0103 ma\u0219in\u0103 grea, montat\u0103 pe sol, joac\u0103 \u00een liga de top. <\/p>\n<p>La fel ca \u0219i carcasa din o\u021bel, cele trei perii rotative cu un diametru impresionant sunt extrem de robuste ca design \u0219i sunt potrivite pentru utilizare continu\u0103 \u00een centre comerciale sau hoteluri foarte frecventate. <\/p>\n<p>Forma superioar\u0103 de neegalat se reflect\u0103 \u0219i \u00een op\u021biunile de finisare pentru carcas\u0103: \u00een cromarea lucioas\u0103, aceast\u0103 central\u0103 devine invizibil\u0103 pe m\u0103sur\u0103 ce oglinde\u0219te \u00eemprejurimile, \u00een timp ce \u00een aurul de 24 de carate reflect\u0103 luxul pur. Bazeaz\u0103-te pe o stea adev\u0103rat\u0103. <\/p>\n<p> cu bara incl. starter sau cu senzor de picior \u0219i m\u00e2ner arc<br \/>\n Dimensiuni: 56 cm x 31 cm x 94 cm (l x a x h)<br \/>\n Housing: stainless steel (V2A) \/ steel (coated)<br \/>\n Greutate: 25 kg net, 27 kg brut<br \/>\n Features: Horsehair pre-cleaning brush<br \/>\n Perie de precur\u0103\u021bare \u00f8 22 cm<br \/>\n 2 perii de lustruit \u00f8 22 cm<br \/>\n Polishing dispenser 0.75 liters (Work is not included)<br \/>\n Starter: Buton pe bar\u0103<br \/>\n Power supply: 230 Volts (110 Volts optional)<br \/>\n Motor: 60 Watt \/ 700 R\/min <\/p>\n<p> Vezi brosura acestui model AICI<\/p>\n<h2>Caracteristici tehnice<\/h2>\n<p>&#8211; Greutate: 27.0 kg<\/p>\n<h2>Beneficii pentru hoteluri<\/h2>\n<p>&#8211; Conceput pentru utilizare intensiv\u0103 \u00een regim hotelier<br \/>\n&#8211; Contribuie la cre\u0219terea confortului \u0219i satisfac\u021biei oaspe\u021bilor<br \/>\n&#8211; Sus\u021bine standardele de calitate \u0219i imagine ale unit\u0103\u021bii de cazare<\/p>\n<h2>Recomand\u0103ri de utilizare<\/h2>\n<p>&#8211; Potrivit pentru hoteluri, pensiuni, resorturi \u0219i apart-hoteluri<br \/>\n&#8211; Recomandat pentru proiecte noi, renov\u0103ri sau standardiz\u0103ri de lan\u021b hotelier<br \/>\n&#8211; Integrare facil\u0103 \u00een fluxurile opera\u021bionale de housekeeping \u0219i front-office<\/p>","protected":false},"excerpt":{"rendered":"<p>Masina lustruit pantofi Heute Polifix2 \u2013 dotare profesional\u0103 pentru industria hotelier\u0103, conceput\u0103 pentru utilizare intensiv\u0103 \u0219i pentru a oferi fiabilitate \u0219i confort oaspe\u021bilor.<\/p>","protected":false},"featured_media":397420,"template":"","meta":{"_acf_changed":false,"site-sidebar-layout":"default","site-content-layout":"","ast-site-content-layout":"default","site-content-style":"default","site-sidebar-style":"default","ast-global-header-display":"","ast-banner-title-visibility":"","ast-main-header-display":"","ast-hfb-above-header-display":"","ast-hfb-below-header-display":"","ast-hfb-mobile-header-display":"","site-post-title":"","ast-breadcrumbs-content":"","ast-featured-img":"","footer-sml-layout":"","ast-disable-related-posts":"","theme-transparent-header-meta":"default","adv-header-id-meta":"","stick-header-meta":"default","header-above-stick-meta":"","header-main-stick-meta":"","header-below-stick-meta":"","astra-migrate-meta-layouts":"set","ast-page-background-enabled":"default","ast-page-background-meta":{"desktop":{"background-color":"","background-image":"","background-repeat":"repeat","background-position":"center center","background-size":"auto","background-attachment":"scroll","background-type":"","background-media":"","overlay-type":"","overlay-color":"","overlay-opacity":"","overlay-gradient":""},"tablet":{"background-color":"","background-image":"","background-repeat":"repeat","background-position":"center center","background-size":"auto","background-attachment":"scroll","background-type":"","background-media":"","overlay-type":"","overlay-color":"","overlay-opacity":"","overlay-gradient":""},"mobile":{"background-color":"","background-image":"","background-repeat":"repeat","background-position":"center center","background-size":"auto","background-attachment":"scroll","background-type":"","background-media":"","overlay-type":"","overlay-color":"","overlay-opacity":"","overlay-gradient":""}},"ast-content-background-meta":{"desktop":{"background-color":"var(--ast-global-color-5)","background-image":"","background-repeat":"repeat","background-position":"center center","background-size":"auto","background-attachment":"scroll","background-type":"","background-media":"","overlay-type":"","overlay-color":"","overlay-opacity":"","overlay-gradient":""},"tablet":{"background-color":"var(--ast-global-color-5)","background-image":"","background-repeat":"repeat","background-position":"center center","background-size":"auto","background-attachment":"scroll","background-type":"","background-media":"","overlay-type":"","overlay-color":"","overlay-opacity":"","overlay-gradient":""},"mobile":{"background-color":"var(--ast-global-color-5)","background-image":"","background-repeat":"repeat","background-position":"center center","background-size":"auto","background-attachment":"scroll","background-type":"","background-media":"","overlay-type":"","overlay-color":"","overlay-opacity":"","overlay-gradient":""}}},"product_brand":[],"product_cat":[505],"product_tag":[506],"class_list":{"0":"post-406806","1":"product","2":"type-product","3":"status-publish","4":"has-post-thumbnail","6":"product_cat-masini-lustruit-pantofi","7":"product_tag-masina-lustruit-pantofi-heute-gmbh","8":"product_shipping_class-livrare-gratuita","9":"desktop-align-center","10":"tablet-align-left","11":"mobile-align-left","12":"ast-product-gallery-layout-horizontal-slider","13":"ast-product-tabs-layout-horizontal","14":"ast-qv-on-image","16":"first","17":"instock","18":"taxable","19":"shipping-taxable","20":"purchasable","21":"product-type-simple"},"acf":[],"_links":{"self":[{"href":"https:\/\/accacia.ro\/en\/wp-json\/wp\/v2\/product\/406806","targetHints":{"allow":["GET"]}}],"collection":[{"href":"https:\/\/accacia.ro\/en\/wp-json\/wp\/v2\/product"}],"about":[{"href":"https:\/\/accacia.ro\/en\/wp-json\/wp\/v2\/types\/product"}],"wp:featuredmedia":[{"embeddable":true,"href":"https:\/\/accacia.ro\/en\/wp-json\/wp\/v2\/media\/397420"}],"wp:attachment":[{"href":"https:\/\/accacia.ro\/en\/wp-json\/wp\/v2\/media?parent=406806"}],"wp:term":[{"taxonomy":"product_brand","embeddable":true,"href":"https:\/\/accacia.ro\/en\/wp-json\/wp\/v2\/product_brand?post=406806"},{"taxonomy":"product_cat","embeddable":true,"href":"https:\/\/accacia.ro\/en\/wp-json\/wp\/v2\/product_cat?post=406806"},{"taxonomy":"product_tag","embeddable":true,"href":"https:\/\/accacia.ro\/en\/wp-json\/wp\/v2\/product_tag?post=406806"}],"curies":[{"name":"wp","href":"https:\/\/api.w.org\/{rel}","templated":true}]}}